{"id":207400,"date":"2022-10-20T10:58:59","date_gmt":"2022-10-20T08:58:59","guid":{"rendered":"http:\/\/dev.claret.cat\/producte\/bruja-oscura-trilogia-de-los-odwyer-1\/"},"modified":"2023-01-28T11:19:09","modified_gmt":"2023-01-28T10:19:09","slug":"bruja-oscura-trilogia-de-los-odwyer-1-9788466341011","status":"publish","type":"product","link":"https:\/\/www.claret.cat\/es\/libro\/bruja-oscura-trilogia-de-los-odwyer-1-9788466341011\/","title":{"rendered":"BRUJA OSCURA (TRILOG\u00cdA DE LOS O&#8217;DWYER 1)"},"content":{"rendered":"<p>Una tierra a la que amar.<br \/> Una familia a la que pertenecer.<br \/>Un hombre al que enamorar. Iona Sheehan visita por primera vez Irlanda, tierra de sus antepasados.  En Estados Unidos ha dejado a unos padres distantes e indiferentes, sus  amigos, su trabajo y el sue\u00f1o de convertirse en jockey para dar salida profesional a su pasi\u00f3n por los caballos. Pero sobre todo ha dejado a su  abuela, la persona que le ha contado tantas historias sobre sus  antepasados, una saga de hechiceras que se remonta al siglo XIII, en los a\u00f1os en que vivi\u00f3 la Bruja Oscura. Iona llega al condado de Mayo acompa\u00f1ada de ilusi\u00f3n, optimismo y el  amuleto que le regal\u00f3 su abuela al despedirse: un caballo de cobre. All\u00ed  se instala en un fascinante castillo, se reencuentra con sus primos  lejanos, Branna y Connor O&#8217;Dwyer, y empieza a trabajar para Boyle  McGrath, el atractivo propietario de los establos, quien le cuenta una antigua leyenda seg\u00fan la cual la hija menor de la Bruja Oscura hablaba con los caballos y aprendi\u00f3 a montar antes que a andar&#8230; La cr\u00edtica ha dicho&#8230;<br \/> \u00abCuando se trata de verdadero romance, nadie lo hace mejor que Nora Roberts.\u00bb <br \/>Booklist<\/p>\n","protected":false},"excerpt":{"rendered":"<p>NORA ROBERTS<\/p>\n","protected":false},"featured_media":207401,"template":"","meta":{"_acf_changed":false,"om_disable_all_campaigns":false,"rs_blank_template":"","rs_page_bg_color":"","slide_template_v7":"","inline_featured_image":false,"_monsterinsights_skip_tracking":false,"_monsterinsights_sitenote_active":false,"_monsterinsights_sitenote_note":"","_monsterinsights_sitenote_category":0},"product_brand":[],"product_cat":[87],"product_tag":[],"class_list":{"0":"post-207400","1":"product","2":"type-product","3":"status-publish","4":"has-post-thumbnail","6":"product_cat-literatura","8":"first","9":"instock","10":"taxable","11":"shipping-taxable","12":"purchasable","13":"product-type-simple"},"acf":{"autor":"NORA ROBERTS","codart":"846634101","libros-coleccion":"FORA DE COL.LECCI\u00d3","ediciones":"1","encuadernacion":"R\u00fastica","fecha_de_publicacion":"01\/06\/2017","novedad":"1","paginas":"370","subtitulo":"","orden":"0","portada":"0","idioma":"spa","editorial":[{"ID":6178,"post_author":"3","post_date":"2022-07-28 17:46:34","post_date_gmt":"2022-07-28 15:46:34","post_content":"","post_title":"DEBOLSILLO","post_excerpt":"","post_status":"publish","comment_status":"closed","ping_status":"closed","post_password":"","post_name":"debolsillo","to_ping":"","pinged":"","post_modified":"2022-07-28 17:46:34","post_modified_gmt":"2022-07-28 15:46:34","post_content_filtered":"","post_parent":0,"guid":"http:\/\/dev.claret.cat\/editorial\/debolsillo\/","menu_order":0,"post_type":"editorial","post_mime_type":"","comment_count":"0","filter":"raw"}]},"aioseo_notices":[],"_links":{"self":[{"href":"https:\/\/www.claret.cat\/es\/wp-json\/wp\/v2\/product\/207400","targetHints":{"allow":["GET"]}}],"collection":[{"href":"https:\/\/www.claret.cat\/es\/wp-json\/wp\/v2\/product"}],"about":[{"href":"https:\/\/www.claret.cat\/es\/wp-json\/wp\/v2\/types\/product"}],"wp:featuredmedia":[{"embeddable":true,"href":"https:\/\/www.claret.cat\/es\/wp-json\/wp\/v2\/media\/207401"}],"wp:attachment":[{"href":"https:\/\/www.claret.cat\/es\/wp-json\/wp\/v2\/media?parent=207400"}],"wp:term":[{"taxonomy":"product_brand","embeddable":true,"href":"https:\/\/www.claret.cat\/es\/wp-json\/wp\/v2\/product_brand?post=207400"},{"taxonomy":"product_cat","embeddable":true,"href":"https:\/\/www.claret.cat\/es\/wp-json\/wp\/v2\/product_cat?post=207400"},{"taxonomy":"product_tag","embeddable":true,"href":"https:\/\/www.claret.cat\/es\/wp-json\/wp\/v2\/product_tag?post=207400"}],"curies":[{"name":"wp","href":"https:\/\/api.w.org\/{rel}","templated":true}]}}