{"id":207760,"date":"2022-10-20T11:05:25","date_gmt":"2022-10-20T09:05:25","guid":{"rendered":"http:\/\/dev.claret.cat\/producte\/cristologia-y-antropologia\/"},"modified":"2026-01-19T12:31:10","modified_gmt":"2026-01-19T11:31:10","slug":"cristologia-y-antropologia-9788431331979","status":"publish","type":"product","link":"https:\/\/www.claret.cat\/es\/libro\/cristologia-y-antropologia-9788431331979\/","title":{"rendered":"CRISTOLOGIA Y ANTROPOLOGIA"},"content":{"rendered":"<p>Partiendo del estudio de la antropolog\u00eda de Henri de Lubac (1896-1991) el autor busca la relaci\u00f3n de esta antropolog\u00eda con la cristolog\u00eda en el pensamiento del te\u00f3logo franc\u00e9s. Sobre la base de las grandes obras lubacianas y de un amplio material de textos cristol\u00f3gicos, dispersos por la obra del te\u00f3logo, Persidok muestra  la fuerte unidad de la visi\u00f3n teol\u00f3gica que subyace en las obras mayores y en los \u00abescritos de ocasi\u00f3n\u00bb de De Lubac. La investigaci\u00f3n elaborada muestra que la clave de la unidad de esa teolog\u00eda es la categor\u00eda de \u00abmediaci\u00f3n\u00bb y de \u00abMediador\u00bb, raz\u00f3n por la cual puede afirmarse que hay una verdadera cristolog\u00eda en el autor de Le Myst\u00e8re du Surnaturel. <br \/>Este libro recoge una parte reelaborada de la tesis doctoral del autor Cristolog\u00eda y antropolog\u00eda en Henri de Lubac. Mediaci\u00f3n y Cristo mediador defendida en 2016.<\/p>\n","protected":false},"excerpt":{"rendered":"<p>ANDRZEJ PERSIDOK<\/p>\n","protected":false},"featured_media":207761,"template":"","meta":{"_acf_changed":false,"om_disable_all_campaigns":false,"rs_blank_template":"","rs_page_bg_color":"","slide_template_v7":"","inline_featured_image":false,"_monsterinsights_skip_tracking":false,"_monsterinsights_sitenote_active":false,"_monsterinsights_sitenote_note":"","_monsterinsights_sitenote_category":0},"product_brand":[],"product_cat":[541,91,543,93,76,342],"product_tag":[],"class_list":{"0":"post-207760","1":"product","2":"type-product","3":"status-publish","4":"has-post-thumbnail","6":"product_cat-cristologia-1_espiritualidad-spa","7":"product_cat-cristologia","8":"product_cat-eclesiologia-es","9":"product_cat-eclesiologia","10":"product_cat-teologia","11":"product_cat-teologia-1_espiritualidad","13":"first","14":"instock","15":"taxable","16":"shipping-taxable","17":"purchasable","18":"product-type-simple"},"acf":{"autor":"ANDRZEJ PERSIDOK","codart":"843133197","libros-coleccion":"","ediciones":"1","encuadernacion":"Carpeta","fecha_de_publicacion":"01\/06\/2017","novedad":"1","paginas":"299","subtitulo":"","orden":"0","portada":"0","idioma":"spa","editorial":[{"ID":148126,"post_author":"3","post_date":"2022-10-14 11:55:50","post_date_gmt":"2022-10-14 09:55:50","post_content":"","post_title":"Eunsa","post_excerpt":"","post_status":"publish","comment_status":"closed","ping_status":"closed","post_password":"","post_name":"eunsa","to_ping":"","pinged":"","post_modified":"2022-10-14 11:55:50","post_modified_gmt":"2022-10-14 09:55:50","post_content_filtered":"","post_parent":0,"guid":"http:\/\/dev.claret.cat\/editorial\/eunsa\/","menu_order":0,"post_type":"editorial","post_mime_type":"","comment_count":"0","filter":"raw"}],"booktrailer":"","resenas":"","autores-libros":[{"ID":420204,"post_author":"3","post_date":"2023-05-16 00:37:20","post_date_gmt":"2023-05-15 22:37:20","post_content":"","post_title":"ANDRZEJ PERSIDOK","post_excerpt":"","post_status":"publish","comment_status":"closed","ping_status":"closed","post_password":"","post_name":"andrzej-persidok","to_ping":"","pinged":"","post_modified":"2023-05-16 00:37:20","post_modified_gmt":"2023-05-15 22:37:20","post_content_filtered":"","post_parent":0,"guid":"https:\/\/www.claret.cat\/autor\/andrzej-persidok\/","menu_order":0,"post_type":"autor","post_mime_type":"","comment_count":"0","filter":"raw"}]},"aioseo_notices":[],"_links":{"self":[{"href":"https:\/\/www.claret.cat\/es\/wp-json\/wp\/v2\/product\/207760","targetHints":{"allow":["GET"]}}],"collection":[{"href":"https:\/\/www.claret.cat\/es\/wp-json\/wp\/v2\/product"}],"about":[{"href":"https:\/\/www.claret.cat\/es\/wp-json\/wp\/v2\/types\/product"}],"wp:featuredmedia":[{"embeddable":true,"href":"https:\/\/www.claret.cat\/es\/wp-json\/wp\/v2\/media\/207761"}],"wp:attachment":[{"href":"https:\/\/www.claret.cat\/es\/wp-json\/wp\/v2\/media?parent=207760"}],"wp:term":[{"taxonomy":"product_brand","embeddable":true,"href":"https:\/\/www.claret.cat\/es\/wp-json\/wp\/v2\/product_brand?post=207760"},{"taxonomy":"product_cat","embeddable":true,"href":"https:\/\/www.claret.cat\/es\/wp-json\/wp\/v2\/product_cat?post=207760"},{"taxonomy":"product_tag","embeddable":true,"href":"https:\/\/www.claret.cat\/es\/wp-json\/wp\/v2\/product_tag?post=207760"}],"curies":[{"name":"wp","href":"https:\/\/api.w.org\/{rel}","templated":true}]}}