{"id":207787,"date":"2022-10-20T11:05:53","date_gmt":"2022-10-20T09:05:53","guid":{"rendered":"http:\/\/dev.claret.cat\/producte\/sopa-de-letras-para-hacer-una-pausa-cuadrados-de-diversion\/"},"modified":"2023-01-28T03:25:34","modified_gmt":"2023-01-28T02:25:34","slug":"sopa-de-letras-para-hacer-una-pausa-cuadrados-de-diversion-9788490680834","status":"publish","type":"product","link":"https:\/\/www.claret.cat\/es\/libro\/sopa-de-letras-para-hacer-una-pausa-cuadrados-de-diversion-9788490680834\/","title":{"rendered":"SOPA DE LETRAS PARA HACER UNA PAUSA (CUADRADOS DE DIVERSI\u00d3N)"},"content":{"rendered":"<p>Colecci\u00f3n pensada para llenar de diversi\u00f3n, placer y relax todas esas peque\u00f1as pausas a lo largo de nuestro ajetreado d\u00eda a d\u00eda. Formato cuadrado y pr\u00e1ctico, con p\u00e1ginas extra\u00edbles, para poder llevar a todas partes y disfrutar del arte de perder el tiempo de forma creativa. <br \/> Monodosis de desaf\u00edo y entretenimiento sin l\u00edmite para mantener nuestra mente en plena forma.<br \/> Sudokus, Sopa de letras, Crucigramas y Pasatiempos variados para disfrutar de nuestro tiempo libre a cualquier hora y en cualquier lugar.<br \/> P\u00e1ginas llenas de diversi\u00f3n, para regalar o auto regalarse, en las que encontraremos el pasatiempo ideal para cada momento y \u00e9poca del a\u00f1o. \u00a1Elige el tuyo!<\/p>\n","protected":false},"excerpt":{"rendered":"<p>ANDERS PRODUCCIONES<\/p>\n","protected":false},"featured_media":207788,"template":"","meta":{"_acf_changed":false,"om_disable_all_campaigns":false,"rs_blank_template":"","rs_page_bg_color":"","slide_template_v7":"","inline_featured_image":false,"_monsterinsights_skip_tracking":false,"_monsterinsights_sitenote_active":false,"_monsterinsights_sitenote_note":"","_monsterinsights_sitenote_category":0},"product_brand":[],"product_cat":[105],"product_tag":[],"class_list":{"0":"post-207787","1":"product","2":"type-product","3":"status-publish","4":"has-post-thumbnail","6":"product_cat-regal","8":"first","9":"instock","10":"taxable","11":"shipping-taxable","12":"purchasable","13":"product-type-simple"},"acf":{"autor":"ANDERS PRODUCCIONES","codart":"849068083","libros-coleccion":"FORA DE COL.LECCI\u00d3","ediciones":"1","encuadernacion":"R\u00fastica","fecha_de_publicacion":"01\/06\/2017","novedad":"1","paginas":"245","subtitulo":"","orden":"0","portada":"0","idioma":"spa","autores-libros":[{"ID":150174,"post_author":"3","post_date":"2022-10-14 14:30:50","post_date_gmt":"2022-10-14 12:30:50","post_content":"","post_title":"ANDERS PRODUCCIONES","post_excerpt":"","post_status":"publish","comment_status":"closed","ping_status":"closed","post_password":"","post_name":"anders-producciones","to_ping":"","pinged":"","post_modified":"2022-10-14 14:30:50","post_modified_gmt":"2022-10-14 12:30:50","post_content_filtered":"","post_parent":0,"guid":"http:\/\/dev.claret.cat\/autor\/anders-producciones\/","menu_order":0,"post_type":"autor","post_mime_type":"","comment_count":"0","filter":"raw"}]},"aioseo_notices":[],"_links":{"self":[{"href":"https:\/\/www.claret.cat\/es\/wp-json\/wp\/v2\/product\/207787","targetHints":{"allow":["GET"]}}],"collection":[{"href":"https:\/\/www.claret.cat\/es\/wp-json\/wp\/v2\/product"}],"about":[{"href":"https:\/\/www.claret.cat\/es\/wp-json\/wp\/v2\/types\/product"}],"wp:featuredmedia":[{"embeddable":true,"href":"https:\/\/www.claret.cat\/es\/wp-json\/wp\/v2\/media\/207788"}],"wp:attachment":[{"href":"https:\/\/www.claret.cat\/es\/wp-json\/wp\/v2\/media?parent=207787"}],"wp:term":[{"taxonomy":"product_brand","embeddable":true,"href":"https:\/\/www.claret.cat\/es\/wp-json\/wp\/v2\/product_brand?post=207787"},{"taxonomy":"product_cat","embeddable":true,"href":"https:\/\/www.claret.cat\/es\/wp-json\/wp\/v2\/product_cat?post=207787"},{"taxonomy":"product_tag","embeddable":true,"href":"https:\/\/www.claret.cat\/es\/wp-json\/wp\/v2\/product_tag?post=207787"}],"curies":[{"name":"wp","href":"https:\/\/api.w.org\/{rel}","templated":true}]}}