{"id":207934,"date":"2022-10-20T11:08:31","date_gmt":"2022-10-20T09:08:31","guid":{"rendered":"http:\/\/dev.claret.cat\/producte\/locura-en-el-campamento-las-aventuras-de-jaimito-2\/"},"modified":"2023-01-28T09:30:34","modified_gmt":"2023-01-28T08:30:34","slug":"locura-en-el-campamento-las-aventuras-de-jaimito-2-9788490438077","status":"publish","type":"product","link":"https:\/\/www.claret.cat\/es\/libro\/locura-en-el-campamento-las-aventuras-de-jaimito-2-9788490438077\/","title":{"rendered":"LOCURA EN EL CAMPAMENTO (LAS AVENTURAS DE JAIMITO 2)"},"content":{"rendered":"<p>El m\u00edtico personaje de Jaimito ha saltado de los chistes a una  divertid\u00edsima serie de novelas de aventuras. No te pierdas sus  peripecias en el campamento en este segundo volumen de \u00abLas aventuras de Jaimito\u00bb.Jaimito se ha vuelto a meter en problemas, para variar. Pero esta vez el  castigo es exagerado: \u00a1se va a quedar sin campamento de verano! Total, por una peque\u00f1a gamberradita de nada&#8230;Pero muy pronto el destino llama a su puerta (bueno quien dice el  destino, dice el conserje del cole) con una misi\u00f3n: infiltrarse en los  campamentos de verano y descubrir, junto a la Tropa del Topo, por qu\u00e9  los ni\u00f1os desparecen sin m\u00e1s. \u00bfSus armas? Unas cuantas pegatinas, un coj\u00edn de pedos y \u00a1un mont\u00f3n de chistes!<\/p>\n","protected":false},"excerpt":{"rendered":"<p>LITTLE JOHNNY<\/p>\n","protected":false},"featured_media":207935,"template":"","meta":{"_acf_changed":false,"om_disable_all_campaigns":false,"rs_blank_template":"","rs_page_bg_color":"","slide_template_v7":"","inline_featured_image":false,"_monsterinsights_skip_tracking":false,"_monsterinsights_sitenote_active":false,"_monsterinsights_sitenote_note":"","_monsterinsights_sitenote_category":0},"product_brand":[],"product_cat":[86],"product_tag":[],"class_list":{"0":"post-207934","1":"product","2":"type-product","3":"status-publish","4":"has-post-thumbnail","6":"product_cat-infantil","8":"first","9":"instock","10":"taxable","11":"shipping-taxable","12":"purchasable","13":"product-type-simple"},"acf":{"autor":"LITTLE JOHNNY","codart":"849043807","libros-coleccion":"SUSHI BOOKS","ediciones":"1","encuadernacion":"Carton\u00e9","fecha_de_publicacion":"01\/06\/2017","novedad":"1","paginas":"248","subtitulo":"","orden":"0","portada":"0","idioma":"spa","editorial":[{"ID":6310,"post_author":"3","post_date":"2022-07-28 17:49:26","post_date_gmt":"2022-07-28 15:49:26","post_content":"","post_title":"MONTENA","post_excerpt":"","post_status":"publish","comment_status":"closed","ping_status":"closed","post_password":"","post_name":"montena","to_ping":"","pinged":"","post_modified":"2022-07-28 17:49:26","post_modified_gmt":"2022-07-28 15:49:26","post_content_filtered":"","post_parent":0,"guid":"http:\/\/dev.claret.cat\/editorial\/montena\/","menu_order":0,"post_type":"editorial","post_mime_type":"","comment_count":"0","filter":"raw"}]},"aioseo_notices":[],"_links":{"self":[{"href":"https:\/\/www.claret.cat\/es\/wp-json\/wp\/v2\/product\/207934","targetHints":{"allow":["GET"]}}],"collection":[{"href":"https:\/\/www.claret.cat\/es\/wp-json\/wp\/v2\/product"}],"about":[{"href":"https:\/\/www.claret.cat\/es\/wp-json\/wp\/v2\/types\/product"}],"wp:featuredmedia":[{"embeddable":true,"href":"https:\/\/www.claret.cat\/es\/wp-json\/wp\/v2\/media\/207935"}],"wp:attachment":[{"href":"https:\/\/www.claret.cat\/es\/wp-json\/wp\/v2\/media?parent=207934"}],"wp:term":[{"taxonomy":"product_brand","embeddable":true,"href":"https:\/\/www.claret.cat\/es\/wp-json\/wp\/v2\/product_brand?post=207934"},{"taxonomy":"product_cat","embeddable":true,"href":"https:\/\/www.claret.cat\/es\/wp-json\/wp\/v2\/product_cat?post=207934"},{"taxonomy":"product_tag","embeddable":true,"href":"https:\/\/www.claret.cat\/es\/wp-json\/wp\/v2\/product_tag?post=207934"}],"curies":[{"name":"wp","href":"https:\/\/api.w.org\/{rel}","templated":true}]}}