{"id":207979,"date":"2022-10-20T11:09:20","date_gmt":"2022-10-20T09:09:20","guid":{"rendered":"http:\/\/dev.claret.cat\/producte\/miralls-creuats-roig-capmany\/"},"modified":"2023-01-28T22:23:46","modified_gmt":"2023-01-28T21:23:46","slug":"miralls-creuats-roig-capmany-9788499758688","status":"publish","type":"product","link":"https:\/\/www.claret.cat\/es\/libro\/miralls-creuats-roig-capmany-9788499758688\/","title":{"rendered":"MIRALLS CREUATS: ROIG \/ CAPMANY"},"content":{"rendered":"<p>Si hi ha dues dones que excel\u00b7leixen com a escriptores feministes a la literatura catalana de la segona meitat del segle xx, aquestes s\u00f3n Maria Aur\u00e8lia Capmany i Montserrat Roig, mestre i deixeble, amigues i dues de les veus m\u00e9s clares d&#8217;aquells anys de radicals transformacions pol\u00edtiques i socials. La primera va tenir la sort de gaudir de la Segona Rep\u00fablica, per\u00f2 el preu va ser patir la guerra; la segona va n\u00e9ixer en plena postguerra i la Transici\u00f3 va ser l&#8217;escenaride la seva efervesc\u00e8ncia liter\u00e0ria. Les dues van morir de c\u00e0ncer el mateix any, el 1991. Aquest passeig per les seves vides i les seves obres va a la recerca dels territoris que els s\u00f3n comuns, com la ciutat de Barcelona, el teatre, el periodisme, el catalanisme i, evidentment, el feminisme, que les ha convertit en dues baules imprescindibles de la nostra genealogia femenina.<\/p>\n","protected":false},"excerpt":{"rendered":"<p>CABR\u00c9 CASTELLS, MARIA \u00c0NGELS<\/p>\n","protected":false},"featured_media":207980,"template":"","meta":{"_acf_changed":false,"om_disable_all_campaigns":false,"rs_blank_template":"","rs_page_bg_color":"","slide_template_v7":"","inline_featured_image":false,"_monsterinsights_skip_tracking":false,"_monsterinsights_sitenote_active":false,"_monsterinsights_sitenote_note":"","_monsterinsights_sitenote_category":0},"product_brand":[],"product_cat":[87],"product_tag":[],"class_list":{"0":"post-207979","1":"product","2":"type-product","3":"status-publish","4":"has-post-thumbnail","6":"product_cat-literatura","8":"first","9":"instock","10":"taxable","11":"shipping-taxable","12":"purchasable","13":"product-type-simple"},"acf":{"autor":"CABR\u00c9 CASTELLS, MARIA \u00c0NGELS","codart":"849975868","libros-coleccion":"Argent Viu","ediciones":"1","encuadernacion":"R\u00fastica","fecha_de_publicacion":"01\/06\/2017","novedad":"1","paginas":"277","subtitulo":"","orden":"0","portada":"0","idioma":"spa","editorial":[{"ID":6322,"post_author":"3","post_date":"2022-07-28 17:49:42","post_date_gmt":"2022-07-28 15:49:42","post_content":"","post_title":"PAG\u00c8S EDITORS","post_excerpt":"","post_status":"publish","comment_status":"closed","ping_status":"closed","post_password":"","post_name":"pages-editors","to_ping":"","pinged":"","post_modified":"2022-07-28 17:49:42","post_modified_gmt":"2022-07-28 15:49:42","post_content_filtered":"","post_parent":0,"guid":"http:\/\/dev.claret.cat\/editorial\/pages-editors\/","menu_order":0,"post_type":"editorial","post_mime_type":"","comment_count":"0","filter":"raw"}],"autores-libros":[{"ID":163522,"post_author":"3","post_date":"2022-10-14 17:39:43","post_date_gmt":"2022-10-14 15:39:43","post_content":"","post_title":"MARIA \u00c0NGELS CABR\u00c9 CASTELLS","post_excerpt":"","post_status":"publish","comment_status":"closed","ping_status":"closed","post_password":"","post_name":"maria-angels-cabre-castells","to_ping":"","pinged":"","post_modified":"2022-10-14 17:39:43","post_modified_gmt":"2022-10-14 15:39:43","post_content_filtered":"","post_parent":0,"guid":"http:\/\/dev.claret.cat\/autor\/maria-angels-cabre-castells\/","menu_order":0,"post_type":"autor","post_mime_type":"","comment_count":"0","filter":"raw"}]},"aioseo_notices":[],"_links":{"self":[{"href":"https:\/\/www.claret.cat\/es\/wp-json\/wp\/v2\/product\/207979","targetHints":{"allow":["GET"]}}],"collection":[{"href":"https:\/\/www.claret.cat\/es\/wp-json\/wp\/v2\/product"}],"about":[{"href":"https:\/\/www.claret.cat\/es\/wp-json\/wp\/v2\/types\/product"}],"wp:featuredmedia":[{"embeddable":true,"href":"https:\/\/www.claret.cat\/es\/wp-json\/wp\/v2\/media\/207980"}],"wp:attachment":[{"href":"https:\/\/www.claret.cat\/es\/wp-json\/wp\/v2\/media?parent=207979"}],"wp:term":[{"taxonomy":"product_brand","embeddable":true,"href":"https:\/\/www.claret.cat\/es\/wp-json\/wp\/v2\/product_brand?post=207979"},{"taxonomy":"product_cat","embeddable":true,"href":"https:\/\/www.claret.cat\/es\/wp-json\/wp\/v2\/product_cat?post=207979"},{"taxonomy":"product_tag","embeddable":true,"href":"https:\/\/www.claret.cat\/es\/wp-json\/wp\/v2\/product_tag?post=207979"}],"curies":[{"name":"wp","href":"https:\/\/api.w.org\/{rel}","templated":true}]}}