{"id":208016,"date":"2022-10-20T11:10:01","date_gmt":"2022-10-20T09:10:01","guid":{"rendered":"http:\/\/dev.claret.cat\/producte\/canones-liturgicos-de-los-concilios-hispano-visigoticos\/"},"modified":"2024-05-23T03:48:06","modified_gmt":"2024-05-23T01:48:06","slug":"canones-liturgicos-de-los-concilios-hispanovisigoticos-9788491650140","status":"publish","type":"product","link":"https:\/\/www.claret.cat\/es\/libro\/canones-liturgicos-de-los-concilios-hispanovisigoticos-9788491650140\/","title":{"rendered":"C\u00c1NONES LIT\u00daRGICOS DE LOS CONCILIOS HISPANO-VISIG\u00d3TICOS"},"content":{"rendered":"<p>Los c\u00e1nones de contenido lit\u00fargico de los concilios romano-visig\u00f3ticos se han distribuido en esta obra en un orden teol\u00f3gico y de manera sincr\u00f3nica: el Bautismo, la Eucarist\u00eda, el Oficio divino, el A\u00f1o lit\u00fargico, las celebraciones, los fieles en la Iglesia y el espacio sagrado. Cada canon est\u00e1 acompa\u00f1ado de seis datos que contextualizan su contenido: &#8211; el concilio que eman\u00f3 esa disposici\u00f3n, &#8211; el a\u00f1o de celebraci\u00f3n de ese concilio, &#8211; la cifra, en n\u00fameros romanas, del canon que lo recoge, &#8211; un t\u00edtulo que resume el contenido del texto, &#8211; el lugar de la fuente que edita ese canon, en su lengua latina original, &#8211; un comentario lit\u00fargico, en algunas ocasiones.  F\u00e9lix Mar\u00eda Arocena Solano (San Sebasti\u00e1n, 1954) es presb\u00edtero desde 1981. Es licenciado en Ciencias F\u00edsicas y doctor en Sagrada Teolog\u00eda y Derecho Can\u00f3nico, y curs\u00f3 estudios de especializaci\u00f3n en el Pontificio Instituto Liturgico San Anselmo de Roma. Es profesor de Teolog\u00eda Lit\u00fargica en la Facultad de Teolog\u00eda de la Universidad de Navarra, profesor visitante en la Facultad de Teolog\u00eda de la Universidad Eclesi\u00e1stica &#8221;San D\u00e1maso&#8221; de Madrid, miembro de la Pontificia Academia Teol\u00f3gica de Roma y miembro de la Asociaci\u00f3n Espa\u00f1ola de Profesores de Liturgia.<\/p>\n","protected":false},"excerpt":{"rendered":"<p>AROCENA, F\u00c9LIX MAR\u00cdA<\/p>\n","protected":false},"featured_media":360929,"template":"","meta":{"_acf_changed":false,"om_disable_all_campaigns":false,"rs_blank_template":"","rs_page_bg_color":"","slide_template_v7":"","inline_featured_image":false,"_monsterinsights_skip_tracking":false,"_monsterinsights_sitenote_active":false,"_monsterinsights_sitenote_note":"","_monsterinsights_sitenote_category":0},"product_brand":[],"product_cat":[543,93,80,346,78,344],"product_tag":[],"class_list":{"0":"post-208016","1":"product","2":"type-product","3":"status-publish","4":"has-post-thumbnail","6":"product_cat-eclesiologia-es","7":"product_cat-eclesiologia","8":"product_cat-liturgia","9":"product_cat-libros-liturgia","10":"product_cat-pastoral","11":"product_cat-pastoral-1_espiritualidad","13":"first","14":"instock","15":"taxable","16":"shipping-taxable","17":"purchasable","18":"product-type-simple"},"acf":{"autor":"AROCENA, F\u00c9LIX MAR\u00cdA","codart":"849165014","libros-coleccion":"Cuadernos PHASE","ediciones":"1","encuadernacion":"R\u00fastica","fecha_de_publicacion":"30\/05\/2017","novedad":"1","paginas":"208","subtitulo":"","orden":"0","portada":"0","idioma":"spa","editorial":[{"ID":6172,"post_author":"3","post_date":"2022-07-28 17:46:27","post_date_gmt":"2022-07-28 15:46:27","post_content":"","post_title":"CPL","post_excerpt":"","post_status":"publish","comment_status":"closed","ping_status":"closed","post_password":"","post_name":"cpl","to_ping":"","pinged":"","post_modified":"2022-07-28 17:46:27","post_modified_gmt":"2022-07-28 15:46:27","post_content_filtered":"","post_parent":0,"guid":"http:\/\/dev.claret.cat\/editorial\/cpl\/","menu_order":0,"post_type":"editorial","post_mime_type":"","comment_count":"0","filter":"raw"}],"autores-libros":[{"ID":280251,"post_author":"3","post_date":"2022-12-09 17:56:37","post_date_gmt":"2022-12-09 16:56:37","post_content":"","post_title":"FELIX MARIA AROCENA","post_excerpt":"","post_status":"publish","comment_status":"closed","ping_status":"closed","post_password":"","post_name":"felix-maria-arocena-2","to_ping":"","pinged":"","post_modified":"2022-12-09 17:56:37","post_modified_gmt":"2022-12-09 16:56:37","post_content_filtered":"","post_parent":0,"guid":"http:\/\/dev.claret.cat\/autor\/felix-maria-arocena-2\/","menu_order":0,"post_type":"autor","post_mime_type":"","comment_count":"0","filter":"raw"}]},"aioseo_notices":[],"_links":{"self":[{"href":"https:\/\/www.claret.cat\/es\/wp-json\/wp\/v2\/product\/208016","targetHints":{"allow":["GET"]}}],"collection":[{"href":"https:\/\/www.claret.cat\/es\/wp-json\/wp\/v2\/product"}],"about":[{"href":"https:\/\/www.claret.cat\/es\/wp-json\/wp\/v2\/types\/product"}],"wp:featuredmedia":[{"embeddable":true,"href":"https:\/\/www.claret.cat\/es\/wp-json\/wp\/v2\/media\/360929"}],"wp:attachment":[{"href":"https:\/\/www.claret.cat\/es\/wp-json\/wp\/v2\/media?parent=208016"}],"wp:term":[{"taxonomy":"product_brand","embeddable":true,"href":"https:\/\/www.claret.cat\/es\/wp-json\/wp\/v2\/product_brand?post=208016"},{"taxonomy":"product_cat","embeddable":true,"href":"https:\/\/www.claret.cat\/es\/wp-json\/wp\/v2\/product_cat?post=208016"},{"taxonomy":"product_tag","embeddable":true,"href":"https:\/\/www.claret.cat\/es\/wp-json\/wp\/v2\/product_tag?post=208016"}],"curies":[{"name":"wp","href":"https:\/\/api.w.org\/{rel}","templated":true}]}}