{"id":208049,"date":"2022-10-20T11:10:36","date_gmt":"2022-10-20T09:10:36","guid":{"rendered":"http:\/\/dev.claret.cat\/producte\/maria-de-magdala\/"},"modified":"2025-04-24T19:55:10","modified_gmt":"2025-04-24T17:55:10","slug":"maria-de-magdala-9788428552967","status":"publish","type":"product","link":"https:\/\/www.claret.cat\/es\/libro\/maria-de-magdala-9788428552967\/","title":{"rendered":"MAR\u00cdA DE MAGDALA"},"content":{"rendered":"<p>Esta obra indaga acerca de la figura de Mar\u00eda Magdalena, la mujer que acompa\u00f1\u00f3 a Jes\u00fas desde Galilea y que fue la primera testimonio de su Resurrecci\u00f3n, pero que ha quedado postergada a un segundo plano, pese a que los textos que tratan acerca de ella no son muy diferentes de los que hablan sobre Pedro, Pablo o Juan. La primera parte del libro sigue el itinerario de esta mujer sin historia, que sigui\u00f3 a Jes\u00fas desde Galilea, fue testigo de la muerte y la resurrecci\u00f3n de Jesucristo y se convirti\u00f3 en ap\u00f3stol privilegiada de Cristo Resucitado. La segunda parte indaga en la literatura ap\u00f3crifa y en los escritos gn\u00f3sticos, que realzan a la Magdalena y hablan hasta de un conflicto ministerial con Pedro. El resultado de la obra es un mosaico que ayudar\u00e1 a descubrir de manera m\u00e1s profunda a Mar\u00eda de Magdala. El libro se completa con una bibliograf\u00eda seleccionada.<\/p>\n","protected":false},"excerpt":{"rendered":"<p>PERRONI, MARINELLA; SIMONELLI, CRISTINA<\/p>\n","protected":false},"featured_media":335591,"template":"","meta":{"_acf_changed":false,"om_disable_all_campaigns":false,"rs_blank_template":"","rs_page_bg_color":"","slide_template_v7":"","inline_featured_image":false,"_monsterinsights_skip_tracking":false,"_monsterinsights_sitenote_active":false,"_monsterinsights_sitenote_note":"","_monsterinsights_sitenote_category":0},"product_brand":[],"product_cat":[75,341,345,79],"product_tag":[],"class_list":{"0":"post-208049","1":"product","2":"type-product","3":"status-publish","4":"has-post-thumbnail","6":"product_cat-biblia","7":"product_cat-biblia-es","8":"product_cat-espiritualidad","9":"product_cat-espiritualitat","11":"first","12":"instock","13":"taxable","14":"shipping-taxable","15":"purchasable","16":"product-type-simple"},"acf":{"autor":"PERRONI, MARINELLA; SIMONELLI, CRISTINA","codart":"842855296","libros-coleccion":"SUSHI BOOKS","ediciones":"1","encuadernacion":"R\u00fastica","fecha_de_publicacion":"26\/05\/2017","novedad":"1","paginas":"224","subtitulo":"UNA GENEALOG\u00cdA APOST\u00d3LICA","orden":"0","portada":"0","idioma":"spa","editorial":[{"ID":6356,"post_author":"3","post_date":"2022-07-28 17:50:26","post_date_gmt":"2022-07-28 15:50:26","post_content":"","post_title":"SAN PABLO COMUNICACI\u00d3N","post_excerpt":"","post_status":"publish","comment_status":"closed","ping_status":"closed","post_password":"","post_name":"san-pablo-comunicacion","to_ping":"","pinged":"","post_modified":"2022-07-28 17:50:26","post_modified_gmt":"2022-07-28 15:50:26","post_content_filtered":"","post_parent":0,"guid":"http:\/\/dev.claret.cat\/editorial\/san-pablo-comunicacion\/","menu_order":0,"post_type":"editorial","post_mime_type":"","comment_count":"0","filter":"raw"}],"autores-libros":[{"ID":163956,"post_author":"3","post_date":"2022-10-14 17:43:12","post_date_gmt":"2022-10-14 15:43:12","post_content":"","post_title":"MARINELLA PERRONI","post_excerpt":"","post_status":"publish","comment_status":"closed","ping_status":"closed","post_password":"","post_name":"marinella-perroni","to_ping":"","pinged":"","post_modified":"2022-10-14 17:43:12","post_modified_gmt":"2022-10-14 15:43:12","post_content_filtered":"","post_parent":0,"guid":"http:\/\/dev.claret.cat\/autor\/marinella-perroni\/","menu_order":0,"post_type":"autor","post_mime_type":"","comment_count":"0","filter":"raw"},{"ID":153400,"post_author":"3","post_date":"2022-10-14 14:56:28","post_date_gmt":"2022-10-14 12:56:28","post_content":"","post_title":"CRISTINA SIMONELLI","post_excerpt":"","post_status":"publish","comment_status":"closed","ping_status":"closed","post_password":"","post_name":"cristina-simonelli","to_ping":"","pinged":"","post_modified":"2022-10-14 14:56:28","post_modified_gmt":"2022-10-14 12:56:28","post_content_filtered":"","post_parent":0,"guid":"http:\/\/dev.claret.cat\/autor\/cristina-simonelli\/","menu_order":0,"post_type":"autor","post_mime_type":"","comment_count":"0","filter":"raw"}],"booktrailer":"","resenas":""},"aioseo_notices":[],"_links":{"self":[{"href":"https:\/\/www.claret.cat\/es\/wp-json\/wp\/v2\/product\/208049","targetHints":{"allow":["GET"]}}],"collection":[{"href":"https:\/\/www.claret.cat\/es\/wp-json\/wp\/v2\/product"}],"about":[{"href":"https:\/\/www.claret.cat\/es\/wp-json\/wp\/v2\/types\/product"}],"wp:featuredmedia":[{"embeddable":true,"href":"https:\/\/www.claret.cat\/es\/wp-json\/wp\/v2\/media\/335591"}],"wp:attachment":[{"href":"https:\/\/www.claret.cat\/es\/wp-json\/wp\/v2\/media?parent=208049"}],"wp:term":[{"taxonomy":"product_brand","embeddable":true,"href":"https:\/\/www.claret.cat\/es\/wp-json\/wp\/v2\/product_brand?post=208049"},{"taxonomy":"product_cat","embeddable":true,"href":"https:\/\/www.claret.cat\/es\/wp-json\/wp\/v2\/product_cat?post=208049"},{"taxonomy":"product_tag","embeddable":true,"href":"https:\/\/www.claret.cat\/es\/wp-json\/wp\/v2\/product_tag?post=208049"}],"curies":[{"name":"wp","href":"https:\/\/api.w.org\/{rel}","templated":true}]}}