{"id":208085,"date":"2022-10-20T11:11:14","date_gmt":"2022-10-20T09:11:14","guid":{"rendered":"http:\/\/dev.claret.cat\/producte\/diez-cosas-que-el-papa-francisco-propone-a-los-periodistas\/"},"modified":"2024-05-23T14:24:23","modified_gmt":"2024-05-23T12:24:23","slug":"diez-cosas-que-el-papa-francisco-propone-a-los-periodistas-9788479665852","status":"publish","type":"product","link":"https:\/\/www.claret.cat\/es\/libro\/diez-cosas-que-el-papa-francisco-propone-a-los-periodistas-9788479665852\/","title":{"rendered":"DIEZ COSAS QUE EL PAPA FRANCISCO PROPONE A LOS PERIODISTAS"},"content":{"rendered":"<p>&#8216;Un escriba, es decir, un comunicador, le pregunt\u00f3 un d\u00eda a Jes\u00fas: &#8216;Qui\u00e9n es mi pr\u00f3jimo?&#8217; (Lc 10, 29). La cuesti\u00f3n nos ayuda a comprender la comunicaci\u00f3n en t\u00e9rminos de cercan\u00eda: \u00bfde qu\u00e9 forma se manifiesta la proximidad en el uso de los medios de comunicaci\u00f3n y en el nuevo ambiente creado por la tecnolog\u00eda digital? Quien comunica se hace pr\u00f3jimo, cercano. El buen samaritano no \u00fanicamente se acerca, sino que se hace cargo del hombre que encuentra al borde del sendero. Jes\u00fas invierte la perspectiva: no se trata de reconocer al otro como mi semejante, sino de ser capaz de hacerme semejante al otro&#8217; (Papa Francisco).<\/p>\n<p>El presente libro recoge, en diez sencillos temas o puntos, los subrayados de lo que el papa Francisco ha dicho y espera de los profesionales del mundo de la comunicaci\u00f3n. En el m\u00e1s puro estilo del papa Francisco, el autor recoge lo sustancial de la doctrina del actual Papa sobre el particular. Este librito quiere ser un buen instrumento para conocer el pensamiento del Papa y la sinton\u00eda vital que Francisco muestra con aquellos a los que comprende como verdaderos &#8216;colaboradores en la misi\u00f3n&#8217;. Un libro especialmente interesante para todos los profesionales de la comunicaci\u00f3n, no solamente religiosa, y para los que se preparan para serlo.<\/p>\n","protected":false},"excerpt":{"rendered":"<p>BRU, MANUEL MAR\u00cdA<\/p>\n","protected":false},"featured_media":353205,"template":"","meta":{"_acf_changed":false,"om_disable_all_campaigns":false,"rs_blank_template":"","rs_page_bg_color":"","slide_template_v7":"","inline_featured_image":false,"_monsterinsights_skip_tracking":false,"_monsterinsights_sitenote_active":false,"_monsterinsights_sitenote_note":"","_monsterinsights_sitenote_category":0},"product_brand":[],"product_cat":[543,93],"product_tag":[],"class_list":{"0":"post-208085","1":"product","2":"type-product","3":"status-publish","4":"has-post-thumbnail","6":"product_cat-eclesiologia-es","7":"product_cat-eclesiologia","9":"first","10":"instock","11":"taxable","12":"shipping-taxable","13":"purchasable","14":"product-type-simple"},"acf":{"autor":"BRU, MANUEL MAR\u00cdA","codart":"847966585","libros-coleccion":"","ediciones":"1","encuadernacion":"R\u00fastica","fecha_de_publicacion":"24\/05\/2017","novedad":"1","paginas":"72","subtitulo":"","orden":"0","portada":"0","idioma":"spa","editorial":[{"ID":6337,"post_author":"3","post_date":"2022-07-28 17:50:01","post_date_gmt":"2022-07-28 15:50:01","post_content":"","post_title":"Publicaciones Claretianas","post_excerpt":"","post_status":"publish","comment_status":"closed","ping_status":"closed","post_password":"","post_name":"publicaciones-claretianas","to_ping":"","pinged":"","post_modified":"2022-07-28 17:50:01","post_modified_gmt":"2022-07-28 15:50:01","post_content_filtered":"","post_parent":0,"guid":"http:\/\/dev.claret.cat\/editorial\/publicaciones-claretianas\/","menu_order":0,"post_type":"editorial","post_mime_type":"","comment_count":"0","filter":"raw"}],"autores-libros":[{"ID":163184,"post_author":"3","post_date":"2022-10-14 17:37:00","post_date_gmt":"2022-10-14 15:37:00","post_content":"","post_title":"MANUEL MAR\u00cdA BRU","post_excerpt":"","post_status":"publish","comment_status":"closed","ping_status":"closed","post_password":"","post_name":"manuel-maria-bru","to_ping":"","pinged":"","post_modified":"2022-10-14 17:37:00","post_modified_gmt":"2022-10-14 15:37:00","post_content_filtered":"","post_parent":0,"guid":"http:\/\/dev.claret.cat\/autor\/manuel-maria-bru\/","menu_order":0,"post_type":"autor","post_mime_type":"","comment_count":"0","filter":"raw"}]},"aioseo_notices":[],"_links":{"self":[{"href":"https:\/\/www.claret.cat\/es\/wp-json\/wp\/v2\/product\/208085","targetHints":{"allow":["GET"]}}],"collection":[{"href":"https:\/\/www.claret.cat\/es\/wp-json\/wp\/v2\/product"}],"about":[{"href":"https:\/\/www.claret.cat\/es\/wp-json\/wp\/v2\/types\/product"}],"wp:featuredmedia":[{"embeddable":true,"href":"https:\/\/www.claret.cat\/es\/wp-json\/wp\/v2\/media\/353205"}],"wp:attachment":[{"href":"https:\/\/www.claret.cat\/es\/wp-json\/wp\/v2\/media?parent=208085"}],"wp:term":[{"taxonomy":"product_brand","embeddable":true,"href":"https:\/\/www.claret.cat\/es\/wp-json\/wp\/v2\/product_brand?post=208085"},{"taxonomy":"product_cat","embeddable":true,"href":"https:\/\/www.claret.cat\/es\/wp-json\/wp\/v2\/product_cat?post=208085"},{"taxonomy":"product_tag","embeddable":true,"href":"https:\/\/www.claret.cat\/es\/wp-json\/wp\/v2\/product_tag?post=208085"}],"curies":[{"name":"wp","href":"https:\/\/api.w.org\/{rel}","templated":true}]}}