{"id":208194,"date":"2022-10-20T11:13:12","date_gmt":"2022-10-20T09:13:12","guid":{"rendered":"http:\/\/dev.claret.cat\/producte\/reflexions-des-de-turballos\/"},"modified":"2026-01-20T09:47:21","modified_gmt":"2026-01-20T08:47:21","slug":"reflexions-des-de-turballos-9788498838961","status":"publish","type":"product","link":"https:\/\/www.claret.cat\/es\/libro\/reflexions-des-de-turballos-9788498838961\/","title":{"rendered":"REFLEXIONS DES DE TURBALLOS"},"content":{"rendered":"<p>Tenim el gust d&#8217;oferir-vos, en un llibre, un recull de cent vint-i-nou articles d&#8217;opini\u00f3 pensats i redactats per Vicent Mic\u00f3, en l&#8217;\u00e8poca madura de la seua vida, sobre temes diversos que afecten la vida de la gent tant en l&#8217;\u00e0mbit personal com el p\u00fablic. Aquests articles, com expressa el t\u00edtol d&#8217;aquesta obra, &#8216;Reflexions des de Turballos&#8217;, han estat concebuts des del llogaret de Turballos, a la comarca del Comtat (Pa\u00eds Valenci\u00e0), i mirant el m\u00f3n des de la fe en Jesucrist i en les ensenyances de Gandhi, a m\u00e9s d&#8217;altres benaventurats h\u00f2mens i dones (Joan de la Creu, Teresa de Jes\u00fas&#8230;).<\/p>\n","protected":false},"excerpt":{"rendered":"<p>MIC\u00d3, VICENT<\/p>\n","protected":false},"featured_media":368989,"template":"","meta":{"_acf_changed":false,"om_disable_all_campaigns":false,"rs_blank_template":"","rs_page_bg_color":"","slide_template_v7":"","inline_featured_image":false,"_monsterinsights_skip_tracking":false,"_monsterinsights_sitenote_active":false,"_monsterinsights_sitenote_note":"","_monsterinsights_sitenote_category":0},"product_brand":[],"product_cat":[345,79],"product_tag":[],"class_list":{"0":"post-208194","1":"product","2":"type-product","3":"status-publish","4":"has-post-thumbnail","6":"product_cat-espiritualidad","7":"product_cat-espiritualitat","9":"first","10":"instock","11":"taxable","12":"shipping-taxable","13":"purchasable","14":"product-type-simple"},"acf":{"autor":"MIC\u00d3, VICENT","codart":"849883896","libros-coleccion":"Sauri","ediciones":"1","encuadernacion":"R\u00fastica","fecha_de_publicacion":"11\/05\/2017","novedad":"1","paginas":"200","subtitulo":"ARTICLES D'OPINI\u00d3 (1988 i 2005 - 2014)","orden":"0","portada":"0","idioma":"cat","editorial":[{"ID":8266,"post_author":"3","post_date":"2022-09-30 09:21:36","post_date_gmt":"2022-09-30 07:21:36","post_content":"","post_title":"PUBLICACIONS DE L'ABADIA DE MONTSERRAT","post_excerpt":"","post_status":"publish","comment_status":"closed","ping_status":"closed","post_password":"","post_name":"publicacions-de-labadia-de-montserrat-5","to_ping":"","pinged":"","post_modified":"2022-09-30 09:21:36","post_modified_gmt":"2022-09-30 07:21:36","post_content_filtered":"","post_parent":0,"guid":"http:\/\/dev.claret.cat\/editorial\/publicacions-de-labadia-de-montserrat-5\/","menu_order":0,"post_type":"editorial","post_mime_type":"","comment_count":"0","filter":"raw"}],"autores-libros":[{"ID":323941,"post_author":"3","post_date":"2023-01-03 06:03:30","post_date_gmt":"2023-01-03 05:03:30","post_content":"","post_title":"VICENT MIC\u00d3","post_excerpt":"","post_status":"publish","comment_status":"closed","ping_status":"closed","post_password":"","post_name":"vicent-mico","to_ping":"","pinged":"","post_modified":"2023-01-03 06:03:30","post_modified_gmt":"2023-01-03 05:03:30","post_content_filtered":"","post_parent":0,"guid":"https:\/\/www.claret.cat\/autor\/vicent-mico\/","menu_order":0,"post_type":"autor","post_mime_type":"","comment_count":"0","filter":"raw"}],"booktrailer":"","resenas":""},"aioseo_notices":[],"_links":{"self":[{"href":"https:\/\/www.claret.cat\/es\/wp-json\/wp\/v2\/product\/208194","targetHints":{"allow":["GET"]}}],"collection":[{"href":"https:\/\/www.claret.cat\/es\/wp-json\/wp\/v2\/product"}],"about":[{"href":"https:\/\/www.claret.cat\/es\/wp-json\/wp\/v2\/types\/product"}],"wp:featuredmedia":[{"embeddable":true,"href":"https:\/\/www.claret.cat\/es\/wp-json\/wp\/v2\/media\/368989"}],"wp:attachment":[{"href":"https:\/\/www.claret.cat\/es\/wp-json\/wp\/v2\/media?parent=208194"}],"wp:term":[{"taxonomy":"product_brand","embeddable":true,"href":"https:\/\/www.claret.cat\/es\/wp-json\/wp\/v2\/product_brand?post=208194"},{"taxonomy":"product_cat","embeddable":true,"href":"https:\/\/www.claret.cat\/es\/wp-json\/wp\/v2\/product_cat?post=208194"},{"taxonomy":"product_tag","embeddable":true,"href":"https:\/\/www.claret.cat\/es\/wp-json\/wp\/v2\/product_tag?post=208194"}],"curies":[{"name":"wp","href":"https:\/\/api.w.org\/{rel}","templated":true}]}}