{"id":208269,"date":"2022-10-20T11:14:34","date_gmt":"2022-10-20T09:14:34","guid":{"rendered":"http:\/\/dev.claret.cat\/producte\/los-no-lugares-espacios-del-anonimato\/"},"modified":"2024-05-02T16:39:31","modified_gmt":"2024-05-02T14:39:31","slug":"los-no-lugares-espacios-del-anonimato-9788416919208","status":"publish","type":"product","link":"https:\/\/www.claret.cat\/es\/libro\/los-no-lugares-espacios-del-anonimato-9788416919208\/","title":{"rendered":"LOS NO LUGARES. ESPACIOS DEL ANONIMATO"},"content":{"rendered":"<p>Los no lugares no exist\u00edan en el pasado. Son espacios propiamente contempor\u00e1neos de confluencia an\u00f3nimos, donde personas en tr\u00e1nsito deben instalarse durante alg\u00fan tiempo de espera, sea a la salida del avi\u00f3n, del tren o del metro que ha de llegar. Apenas permiten un furtivo cruce de miradas entre personas que nunca m\u00e1s se encontrar\u00e1n. Los no lugares convierten a los ciudadanos en meros elementos de conjuntos que se forman y deshacen al azar y son simb\u00f3licos de la condici\u00f3n humana actual y m\u00e1s a\u00fan del futuro. El usuario mantiene con estos no lugares una relaci\u00f3n contractual establecida por el billete de tren o de avi\u00f3n y no tiene en ellos m\u00e1s personalidad que la documentada en su tarjeta de identidad. Atento al uso de las palabras, releyendo los lugares descritos por Chateaubriand, por Baudelaire y Benjamin, Marc Aug\u00e9 abre nuevas perspectivas para conceptualizar una antropolog\u00eda de la sobremodernidad, que podr\u00eda ser tambi\u00e9n una etnolog\u00eda de la soledad de la condici\u00f3n humana contempor\u00e1nea.<\/p>\n","protected":false},"excerpt":{"rendered":"<p>AUG\u00c9, MARC<\/p>\n","protected":false},"featured_media":330225,"template":"","meta":{"_acf_changed":false,"om_disable_all_campaigns":false,"rs_blank_template":"","rs_page_bg_color":"","slide_template_v7":"","inline_featured_image":false,"_monsterinsights_skip_tracking":false,"_monsterinsights_sitenote_active":false,"_monsterinsights_sitenote_note":"","_monsterinsights_sitenote_category":0},"product_brand":[],"product_cat":[83,349],"product_tag":[],"class_list":{"0":"post-208269","1":"product","2":"type-product","3":"status-publish","4":"has-post-thumbnail","6":"product_cat-filosofia","7":"product_cat-filosofia-2_humanidades","9":"first","10":"instock","11":"taxable","12":"shipping-taxable","13":"purchasable","14":"product-type-simple"},"acf":{"autor":"AUG\u00c9, MARC","codart":"841691920","libros-coleccion":"SUSHI BOOKS","ediciones":"1","encuadernacion":"R\u00fastica","fecha_de_publicacion":"11\/05\/2017","novedad":"1","paginas":"130","subtitulo":"UNA ANTROPOLOG\u00cdA DE LA SOBREMODERNIDAD","orden":"0","portada":"0","idioma":"spa","editorial":[{"ID":8243,"post_author":"3","post_date":"2022-09-30 09:21:25","post_date_gmt":"2022-09-30 07:21:25","post_content":"","post_title":"GEDISA, EDITORIAL","post_excerpt":"","post_status":"publish","comment_status":"closed","ping_status":"closed","post_password":"","post_name":"gedisa-editorial","to_ping":"","pinged":"","post_modified":"2022-09-30 09:21:25","post_modified_gmt":"2022-09-30 07:21:25","post_content_filtered":"","post_parent":0,"guid":"http:\/\/dev.claret.cat\/editorial\/gedisa-editorial\/","menu_order":0,"post_type":"editorial","post_mime_type":"","comment_count":"0","filter":"raw"}],"autores-libros":[{"ID":163287,"post_author":"3","post_date":"2022-10-14 17:37:49","post_date_gmt":"2022-10-14 15:37:49","post_content":"","post_title":"MARC AUG\u00c9","post_excerpt":"","post_status":"publish","comment_status":"closed","ping_status":"closed","post_password":"","post_name":"marc-auge","to_ping":"","pinged":"","post_modified":"2022-10-14 17:37:49","post_modified_gmt":"2022-10-14 15:37:49","post_content_filtered":"","post_parent":0,"guid":"http:\/\/dev.claret.cat\/autor\/marc-auge\/","menu_order":0,"post_type":"autor","post_mime_type":"","comment_count":"0","filter":"raw"}]},"aioseo_notices":[],"_links":{"self":[{"href":"https:\/\/www.claret.cat\/es\/wp-json\/wp\/v2\/product\/208269","targetHints":{"allow":["GET"]}}],"collection":[{"href":"https:\/\/www.claret.cat\/es\/wp-json\/wp\/v2\/product"}],"about":[{"href":"https:\/\/www.claret.cat\/es\/wp-json\/wp\/v2\/types\/product"}],"wp:featuredmedia":[{"embeddable":true,"href":"https:\/\/www.claret.cat\/es\/wp-json\/wp\/v2\/media\/330225"}],"wp:attachment":[{"href":"https:\/\/www.claret.cat\/es\/wp-json\/wp\/v2\/media?parent=208269"}],"wp:term":[{"taxonomy":"product_brand","embeddable":true,"href":"https:\/\/www.claret.cat\/es\/wp-json\/wp\/v2\/product_brand?post=208269"},{"taxonomy":"product_cat","embeddable":true,"href":"https:\/\/www.claret.cat\/es\/wp-json\/wp\/v2\/product_cat?post=208269"},{"taxonomy":"product_tag","embeddable":true,"href":"https:\/\/www.claret.cat\/es\/wp-json\/wp\/v2\/product_tag?post=208269"}],"curies":[{"name":"wp","href":"https:\/\/api.w.org\/{rel}","templated":true}]}}