{"id":208326,"date":"2022-10-20T11:15:32","date_gmt":"2022-10-20T09:15:32","guid":{"rendered":"http:\/\/dev.claret.cat\/producte\/el-narrador-de-emociones\/"},"modified":"2026-04-01T16:08:00","modified_gmt":"2026-04-01T14:08:00","slug":"el-narrador-de-emociones-9788429326451","status":"publish","type":"product","link":"https:\/\/www.claret.cat\/es\/libro\/el-narrador-de-emociones-9788429326451\/","title":{"rendered":"EL NARRADOR DE EMOCIONES"},"content":{"rendered":"<p>Interesante y \u00fatil manual para hablar en p\u00fablico. La comunicaci\u00f3n no es una ciencia; es una expresi\u00f3n personal, defienden los autores. Por ello desgranan estrategias para comunicar mejor, siempre que se haga desde lo que uno mismo es y desde el coraz\u00f3n. Adem\u00e1s de una preparaci\u00f3n cuidada, los autores recomiendan trabajar una narraci\u00f3n breve e interesante, que no encierre promesas entusiastas y anime a la gente a pensar por s\u00ed misma. Los consejos comienzan desde la presencia previa a la comunicaci\u00f3n -conc\u00e9ntrate en tus fortalezas; s\u00e9 proactivo, no esperes que las cosas simplemente pasen- hasta la despedida final. Sus recomendaciones se refieren a presencia, gestos y palabras: evitar las exageraciones, utilizar frases cortas, no hacerse el gracioso y s\u00ed ser ameno. La raz\u00f3n interviene pero tambi\u00e9n y de manera esencial el coraz\u00f3n.<\/p>\n","protected":false},"excerpt":{"rendered":"<p>GONZ\u00c1LEZ ANDR\u00c9S, GERM\u00c1N; LI\u00d1ARES GUTI\u00c9RREZ, ANA MAR\u00cdA<\/p>\n","protected":false},"featured_media":340522,"template":"","meta":{"_acf_changed":false,"om_disable_all_campaigns":false,"rs_blank_template":"","rs_page_bg_color":"","slide_template_v7":"","inline_featured_image":false,"_monsterinsights_skip_tracking":false,"_monsterinsights_sitenote_active":false,"_monsterinsights_sitenote_note":"","_monsterinsights_sitenote_category":0},"product_brand":[],"product_cat":[81,347],"product_tag":[],"class_list":{"0":"post-208326","1":"product","2":"type-product","3":"status-publish","4":"has-post-thumbnail","6":"product_cat-psicologia","7":"product_cat-psicologia-2_humanidades","9":"first","10":"instock","11":"taxable","12":"shipping-taxable","13":"purchasable","14":"product-type-simple"},"acf":{"autor":"GONZ\u00c1LEZ ANDR\u00c9S, GERM\u00c1N; LI\u00d1ARES GUTI\u00c9RREZ, ANA MAR\u00cdA","codart":"842932645","libros-coleccion":"Proyecto","ediciones":"1","encuadernacion":"R\u00fastica","fecha_de_publicacion":"03\/05\/2017","novedad":"1","paginas":"160","subtitulo":"LO IMPORTANTE NO ES LO QUE UNO DICE, SINO LO QUE EL OTRO ENTIENDE","orden":"0","portada":"0","idioma":"spa","editorial":[{"ID":6351,"post_author":"3","post_date":"2022-07-28 17:50:19","post_date_gmt":"2022-07-28 15:50:19","post_content":"","post_title":"Sal Terrae","post_excerpt":"","post_status":"publish","comment_status":"closed","ping_status":"closed","post_password":"","post_name":"sal-terrae","to_ping":"","pinged":"","post_modified":"2022-07-28 17:50:19","post_modified_gmt":"2022-07-28 15:50:19","post_content_filtered":"","post_parent":0,"guid":"http:\/\/dev.claret.cat\/editorial\/sal-terrae\/","menu_order":0,"post_type":"editorial","post_mime_type":"","comment_count":"0","filter":"raw"}],"autores-libros":[{"ID":150103,"post_author":"3","post_date":"2022-10-14 14:30:15","post_date_gmt":"2022-10-14 12:30:15","post_content":"","post_title":"ANA MAR\u00cdA LI\u00d1ARES GUTI\u00c9RREZ","post_excerpt":"","post_status":"publish","comment_status":"closed","ping_status":"closed","post_password":"","post_name":"ana-maria-linares-gutierrez","to_ping":"","pinged":"","post_modified":"2022-10-14 14:30:15","post_modified_gmt":"2022-10-14 12:30:15","post_content_filtered":"","post_parent":0,"guid":"http:\/\/dev.claret.cat\/autor\/ana-maria-linares-gutierrez\/","menu_order":0,"post_type":"autor","post_mime_type":"","comment_count":"0","filter":"raw"},{"ID":156826,"post_author":"3","post_date":"2022-10-14 15:23:55","post_date_gmt":"2022-10-14 13:23:55","post_content":"","post_title":"GERMAN GONZALEZ ANDRES","post_excerpt":"","post_status":"publish","comment_status":"closed","ping_status":"closed","post_password":"","post_name":"german-gonzalez-andres","to_ping":"","pinged":"","post_modified":"2022-10-14 15:23:55","post_modified_gmt":"2022-10-14 13:23:55","post_content_filtered":"","post_parent":0,"guid":"http:\/\/dev.claret.cat\/autor\/german-gonzalez-andres\/","menu_order":0,"post_type":"autor","post_mime_type":"","comment_count":"0","filter":"raw"}],"booktrailer":"","resenas":""},"aioseo_notices":[],"_links":{"self":[{"href":"https:\/\/www.claret.cat\/es\/wp-json\/wp\/v2\/product\/208326","targetHints":{"allow":["GET"]}}],"collection":[{"href":"https:\/\/www.claret.cat\/es\/wp-json\/wp\/v2\/product"}],"about":[{"href":"https:\/\/www.claret.cat\/es\/wp-json\/wp\/v2\/types\/product"}],"wp:featuredmedia":[{"embeddable":true,"href":"https:\/\/www.claret.cat\/es\/wp-json\/wp\/v2\/media\/340522"}],"wp:attachment":[{"href":"https:\/\/www.claret.cat\/es\/wp-json\/wp\/v2\/media?parent=208326"}],"wp:term":[{"taxonomy":"product_brand","embeddable":true,"href":"https:\/\/www.claret.cat\/es\/wp-json\/wp\/v2\/product_brand?post=208326"},{"taxonomy":"product_cat","embeddable":true,"href":"https:\/\/www.claret.cat\/es\/wp-json\/wp\/v2\/product_cat?post=208326"},{"taxonomy":"product_tag","embeddable":true,"href":"https:\/\/www.claret.cat\/es\/wp-json\/wp\/v2\/product_tag?post=208326"}],"curies":[{"name":"wp","href":"https:\/\/api.w.org\/{rel}","templated":true}]}}