{"id":208449,"date":"2022-10-20T11:17:40","date_gmt":"2022-10-20T09:17:40","guid":{"rendered":"http:\/\/dev.claret.cat\/producte\/la-nevada-del-cucut\/"},"modified":"2026-01-16T14:25:36","modified_gmt":"2026-01-16T13:25:36","slug":"la-nevada-del-cucut-9788416600885","status":"publish","type":"product","link":"https:\/\/www.claret.cat\/es\/libro\/la-nevada-del-cucut-9788416600885\/","title":{"rendered":"LA NEVADA DEL CUCUT"},"content":{"rendered":"<p>Despr\u00e9s del divorci dels seus pares, la Lali es trasllada a la Carena, el poble de la seva fam\u00edlia paterna, buscant un canvi a la seva vida. All\u00e0 coneixer\u00e0 la vida de la seva bes\u00e0via, la T\u00f2nia, una dona que, com ella, no pot viure sense escriure, tot i que ho ha de fer d&#8217;amagat. A trav\u00e9s del manuscrit, la Lali se sentir\u00e0 atrapada per la personalitat de la seva bes\u00e0via, una dona avan\u00e7ada a la seva \u00e8poca, que estimava secretament el seu cos\u00ed i que va viure en aquell poblet de muntanya sola i incompresa.<\/p>\n","protected":false},"excerpt":{"rendered":"<p>BUSQUETS OLIU, BLANCA<\/p>\n","protected":false},"featured_media":208450,"template":"","meta":{"_acf_changed":false,"om_disable_all_campaigns":false,"rs_blank_template":"","rs_page_bg_color":"","slide_template_v7":"","inline_featured_image":false,"_monsterinsights_skip_tracking":false,"_monsterinsights_sitenote_active":false,"_monsterinsights_sitenote_note":"","_monsterinsights_sitenote_category":0},"product_brand":[],"product_cat":[87,353],"product_tag":[],"class_list":{"0":"post-208449","1":"product","2":"type-product","3":"status-publish","4":"has-post-thumbnail","6":"product_cat-literatura","7":"product_cat-literatura-2_humanidades","9":"first","10":"instock","11":"taxable","12":"shipping-taxable","13":"purchasable","14":"product-type-simple"},"acf":{"autor":"BUSQUETS OLIU, BLANCA","codart":"841660088","libros-coleccion":"Narrativa","ediciones":"1","encuadernacion":"R\u00fastica","fecha_de_publicacion":"01\/05\/2017","novedad":"1","paginas":"253","subtitulo":"","orden":"0","portada":"0","idioma":"cat","editorial":[{"ID":6281,"post_author":"3","post_date":"2022-07-28 17:48:50","post_date_gmt":"2022-07-28 15:48:50","post_content":"","post_title":"LABUTXACA","post_excerpt":"","post_status":"publish","comment_status":"closed","ping_status":"closed","post_password":"","post_name":"labutxaca","to_ping":"","pinged":"","post_modified":"2022-07-28 17:48:50","post_modified_gmt":"2022-07-28 15:48:50","post_content_filtered":"","post_parent":0,"guid":"http:\/\/dev.claret.cat\/editorial\/labutxaca\/","menu_order":0,"post_type":"editorial","post_mime_type":"","comment_count":"0","filter":"raw"}],"autores-libros":[{"ID":151747,"post_author":"3","post_date":"2022-10-14 14:43:19","post_date_gmt":"2022-10-14 12:43:19","post_content":"","post_title":"BLANCA BUSQUETS OLIU","post_excerpt":"","post_status":"publish","comment_status":"closed","ping_status":"closed","post_password":"","post_name":"blanca-busquets-oliu","to_ping":"","pinged":"","post_modified":"2022-10-14 14:43:19","post_modified_gmt":"2022-10-14 12:43:19","post_content_filtered":"","post_parent":0,"guid":"http:\/\/dev.claret.cat\/autor\/blanca-busquets-oliu\/","menu_order":0,"post_type":"autor","post_mime_type":"","comment_count":"0","filter":"raw"}],"booktrailer":"","resenas":""},"aioseo_notices":[],"_links":{"self":[{"href":"https:\/\/www.claret.cat\/es\/wp-json\/wp\/v2\/product\/208449","targetHints":{"allow":["GET"]}}],"collection":[{"href":"https:\/\/www.claret.cat\/es\/wp-json\/wp\/v2\/product"}],"about":[{"href":"https:\/\/www.claret.cat\/es\/wp-json\/wp\/v2\/types\/product"}],"wp:featuredmedia":[{"embeddable":true,"href":"https:\/\/www.claret.cat\/es\/wp-json\/wp\/v2\/media\/208450"}],"wp:attachment":[{"href":"https:\/\/www.claret.cat\/es\/wp-json\/wp\/v2\/media?parent=208449"}],"wp:term":[{"taxonomy":"product_brand","embeddable":true,"href":"https:\/\/www.claret.cat\/es\/wp-json\/wp\/v2\/product_brand?post=208449"},{"taxonomy":"product_cat","embeddable":true,"href":"https:\/\/www.claret.cat\/es\/wp-json\/wp\/v2\/product_cat?post=208449"},{"taxonomy":"product_tag","embeddable":true,"href":"https:\/\/www.claret.cat\/es\/wp-json\/wp\/v2\/product_tag?post=208449"}],"curies":[{"name":"wp","href":"https:\/\/api.w.org\/{rel}","templated":true}]}}