{"id":208542,"date":"2022-10-20T11:19:14","date_gmt":"2022-10-20T09:19:14","guid":{"rendered":"http:\/\/dev.claret.cat\/producte\/controversias-en-la-historia-de-la-ciencia-y-cultura-cientifica\/"},"modified":"2023-01-28T11:28:28","modified_gmt":"2023-01-28T10:28:28","slug":"controversias-en-la-historia-de-la-ciencia-y-cultura-cientifica-9788490973233","status":"publish","type":"product","link":"https:\/\/www.claret.cat\/es\/libro\/controversias-en-la-historia-de-la-ciencia-y-cultura-cientifica-9788490973233\/","title":{"rendered":"CONTROVERSIAS EN LA HISTORIA DE LA CIENCIA Y CULTURA CIENT\u00cdFICA"},"content":{"rendered":"<p>Las controversias cient\u00edficas son esenciales en la construcci\u00f3n del conocimiento cient\u00edfico porque impulsan el avance de la ciencia y muestran el conflicto como algo natural a la propia ciencia. Aparecen en ellas \u201cactores principales\u201d y \u201csecundarios\u201d, a menudo tan importantes los segundos como los primeros. No menos relevantes son los escenarios de las controversias, unas veces \u00edntimos y otras, p\u00fablicos, pues tambi\u00e9n tienen un papel esencial en el desarrollo de estas. La idea de este libro surge ante la demanda de promover una cultura cient\u00edfica adecuada y m\u00e1s hol\u00edstica en la ciudadan\u00eda. Con las cuatro narraciones de controversias de historia de la ciencia que se presentan se pretende que el lector se plantee y reflexione sobre diversos aspectos de lo que se suele denominar naturaleza de la ciencia; esto es, a su comprensi\u00f3n sobre c\u00f3mo funciona la ciencia y qu\u00e9 aspectos epist\u00e9micos y no-epist\u00e9micos influyen en su desarrollo. Asimismo, la narraci\u00f3n de la controversia de historia de la tecnolog\u00eda da algunas claves sobre la naturaleza de la tecnolog\u00eda, que se diferencia sustancialmente de la naturaleza de la ciencia. <br \/>En palabras de Mariano Mart\u00edn Gordillo, \u201c[los autores] han tenido el acierto de sintetizar de forma di\u00e1fana cinco episodios de la historia de la ciencia particularmente relevantes para entender su naturaleza. Y han conseguido que el resultado sea tan atractivo para el lector curioso como \u00fatil para el docente en su aula. [\u2026] Sin duda, este libro contribuye a demostrar que otra forma de entender la educaci\u00f3n tecnocient\u00edfica es posible y necesaria\u201d.<\/p>\n","protected":false},"excerpt":{"rendered":"<p>ACEVEDO-D\u00cdAZ, JOS\u00c9 ANTONIO \/ GARC\u00cdA CARMONA, ANTONIO<\/p>\n","protected":false},"featured_media":208543,"template":"","meta":{"_acf_changed":false,"om_disable_all_campaigns":false,"rs_blank_template":"","rs_page_bg_color":"","slide_template_v7":"","inline_featured_image":false,"_monsterinsights_skip_tracking":false,"_monsterinsights_sitenote_active":false,"_monsterinsights_sitenote_note":"","_monsterinsights_sitenote_category":0},"product_brand":[],"product_cat":[104],"product_tag":[],"class_list":{"0":"post-208542","1":"product","2":"type-product","3":"status-publish","4":"has-post-thumbnail","6":"product_cat-ciencia","8":"first","9":"instock","10":"taxable","11":"shipping-taxable","12":"purchasable","13":"product-type-simple"},"acf":{"autor":"ACEVEDO-D\u00cdAZ, JOS\u00c9 ANTONIO \/ GARC\u00cdA CARMONA, ANTONIO","codart":"849097323","libros-coleccion":"SUSHI BOOKS","ediciones":"1","encuadernacion":"R\u00fastica","fecha_de_publicacion":"01\/05\/2017","novedad":"1","paginas":"107","subtitulo":"","orden":"0","portada":"0","idioma":"spa","editorial":[{"ID":6287,"post_author":"3","post_date":"2022-07-28 17:48:57","post_date_gmt":"2022-07-28 15:48:57","post_content":"","post_title":"LIBROS DE LA CATARATA","post_excerpt":"","post_status":"publish","comment_status":"closed","ping_status":"closed","post_password":"","post_name":"libros-de-la-catarata","to_ping":"","pinged":"","post_modified":"2022-07-28 17:48:57","post_modified_gmt":"2022-07-28 15:48:57","post_content_filtered":"","post_parent":0,"guid":"http:\/\/dev.claret.cat\/editorial\/libros-de-la-catarata\/","menu_order":0,"post_type":"editorial","post_mime_type":"","comment_count":"0","filter":"raw"}]},"aioseo_notices":[],"_links":{"self":[{"href":"https:\/\/www.claret.cat\/es\/wp-json\/wp\/v2\/product\/208542","targetHints":{"allow":["GET"]}}],"collection":[{"href":"https:\/\/www.claret.cat\/es\/wp-json\/wp\/v2\/product"}],"about":[{"href":"https:\/\/www.claret.cat\/es\/wp-json\/wp\/v2\/types\/product"}],"wp:featuredmedia":[{"embeddable":true,"href":"https:\/\/www.claret.cat\/es\/wp-json\/wp\/v2\/media\/208543"}],"wp:attachment":[{"href":"https:\/\/www.claret.cat\/es\/wp-json\/wp\/v2\/media?parent=208542"}],"wp:term":[{"taxonomy":"product_brand","embeddable":true,"href":"https:\/\/www.claret.cat\/es\/wp-json\/wp\/v2\/product_brand?post=208542"},{"taxonomy":"product_cat","embeddable":true,"href":"https:\/\/www.claret.cat\/es\/wp-json\/wp\/v2\/product_cat?post=208542"},{"taxonomy":"product_tag","embeddable":true,"href":"https:\/\/www.claret.cat\/es\/wp-json\/wp\/v2\/product_tag?post=208542"}],"curies":[{"name":"wp","href":"https:\/\/api.w.org\/{rel}","templated":true}]}}