{"id":208737,"date":"2022-10-20T11:23:09","date_gmt":"2022-10-20T09:23:09","guid":{"rendered":"http:\/\/dev.claret.cat\/producte\/atlas-obscura-2\/"},"modified":"2023-01-28T04:20:20","modified_gmt":"2023-01-28T03:20:20","slug":"atlas-obscura-9788499985152","status":"publish","type":"product","link":"https:\/\/www.claret.cat\/es\/libro\/atlas-obscura-9788499985152\/","title":{"rendered":"ATLAS OBSCURA"},"content":{"rendered":"<p>Creada en 2009 por Joshua Foer, Dylan Thuras y Ella Morton, la p\u00e1gina web ATLAS OBSCURA r\u00e1pidamente se convirti\u00f3 en un \u00e9xito. Este libro, inspirado en la web, recoge un cat\u00e1logo de sitios, personajes, leyendas e historias inesperadas, olvidadas, desconocidas y, m\u00e1s fascinante a\u00fan, misteriosas. Cada p\u00e1gina nos recuerda c\u00f3mo de extra\u00f1o y maravilloso es el mundo en que vivimos. Descripciones v\u00edvidas, cientos de fotograf\u00edas, mapas y gr\u00e1ficos sorprendentes para cada regi\u00f3n del mundo son algunos de los elementos de este \u00a0libro para explorar hasta el \u00faltimo y m\u00e1s rec\u00f3ndito rinc\u00f3n del mundo y conocer lugares e historias que no creer\u00edas que pod\u00edan existir.<\/p>\n","protected":false},"excerpt":{"rendered":"<p>FOER, JOSHUA \/ THURAS, DYLAN \/ MORTON, ELLA<\/p>\n","protected":false},"featured_media":208738,"template":"","meta":{"_acf_changed":false,"om_disable_all_campaigns":false,"rs_blank_template":"","rs_page_bg_color":"","slide_template_v7":"","inline_featured_image":false,"_monsterinsights_skip_tracking":false,"_monsterinsights_sitenote_active":false,"_monsterinsights_sitenote_note":"","_monsterinsights_sitenote_category":0},"product_brand":[],"product_cat":[90,105],"product_tag":[],"class_list":{"0":"post-208737","1":"product","2":"type-product","3":"status-publish","4":"has-post-thumbnail","6":"product_cat-altres","7":"product_cat-regal","9":"first","10":"instock","11":"taxable","12":"shipping-taxable","13":"purchasable","14":"product-type-simple"},"acf":{"autor":"FOER, JOSHUA \/ THURAS, DYLAN \/ MORTON, ELLA","codart":"849998515","libros-coleccion":"FUERA DE COLECCI\u00d3N","ediciones":"1","encuadernacion":"Carton\u00e9","fecha_de_publicacion":"01\/05\/2017","novedad":"1","paginas":"366","subtitulo":"365 LUGARES INCRE\u00cdBLES QUE CASI NADIE CONOCE","orden":"0","portada":"0","idioma":"spa","editorial":[{"ID":6209,"post_author":"3","post_date":"2022-07-28 17:47:12","post_date_gmt":"2022-07-28 15:47:12","post_content":"","post_title":"Ediciones Temas de Hoy","post_excerpt":"","post_status":"publish","comment_status":"closed","ping_status":"closed","post_password":"","post_name":"ediciones-temas-de-hoy","to_ping":"","pinged":"","post_modified":"2022-07-28 17:47:12","post_modified_gmt":"2022-07-28 15:47:12","post_content_filtered":"","post_parent":0,"guid":"http:\/\/dev.claret.cat\/editorial\/ediciones-temas-de-hoy\/","menu_order":0,"post_type":"editorial","post_mime_type":"","comment_count":"0","filter":"raw"}],"autores-libros":[{"ID":154435,"post_author":"3","post_date":"2022-10-14 15:04:47","post_date_gmt":"2022-10-14 13:04:47","post_content":"","post_title":"DYLAN THURAS","post_excerpt":"","post_status":"publish","comment_status":"closed","ping_status":"closed","post_password":"","post_name":"dylan-thuras","to_ping":"","pinged":"","post_modified":"2022-10-14 15:04:47","post_modified_gmt":"2022-10-14 13:04:47","post_content_filtered":"","post_parent":0,"guid":"http:\/\/dev.claret.cat\/autor\/dylan-thuras\/","menu_order":0,"post_type":"autor","post_mime_type":"","comment_count":"0","filter":"raw"}]},"aioseo_notices":[],"_links":{"self":[{"href":"https:\/\/www.claret.cat\/es\/wp-json\/wp\/v2\/product\/208737","targetHints":{"allow":["GET"]}}],"collection":[{"href":"https:\/\/www.claret.cat\/es\/wp-json\/wp\/v2\/product"}],"about":[{"href":"https:\/\/www.claret.cat\/es\/wp-json\/wp\/v2\/types\/product"}],"wp:featuredmedia":[{"embeddable":true,"href":"https:\/\/www.claret.cat\/es\/wp-json\/wp\/v2\/media\/208738"}],"wp:attachment":[{"href":"https:\/\/www.claret.cat\/es\/wp-json\/wp\/v2\/media?parent=208737"}],"wp:term":[{"taxonomy":"product_brand","embeddable":true,"href":"https:\/\/www.claret.cat\/es\/wp-json\/wp\/v2\/product_brand?post=208737"},{"taxonomy":"product_cat","embeddable":true,"href":"https:\/\/www.claret.cat\/es\/wp-json\/wp\/v2\/product_cat?post=208737"},{"taxonomy":"product_tag","embeddable":true,"href":"https:\/\/www.claret.cat\/es\/wp-json\/wp\/v2\/product_tag?post=208737"}],"curies":[{"name":"wp","href":"https:\/\/api.w.org\/{rel}","templated":true}]}}