{"id":208770,"date":"2022-10-20T11:23:41","date_gmt":"2022-10-20T09:23:41","guid":{"rendered":"http:\/\/dev.claret.cat\/producte\/vacances-extraratiques-3\/"},"modified":"2025-10-20T19:11:00","modified_gmt":"2025-10-20T17:11:00","slug":"vacances-extraratiques-3-9788491372592","status":"publish","type":"product","link":"https:\/\/www.claret.cat\/es\/libro\/vacances-extraratiques-3-9788491372592\/","title":{"rendered":"VACANCES EXTRAR\u00c0TIQUES 3"},"content":{"rendered":"<p>Estimats amics rosegadors: el curs ja s&#8217;acaba i les vacances s\u00f3n a tocar! Aix\u00ed que he tingut una idea extrar\u00e0tica&#8230; Qu\u00e8 us semblaria venir a visitar-me a Ratalona aquest estiu? Junts, passarem unes vacances divertid\u00edssimes i us convertireu en enviats especials de L&#8217;Eco del Rosegador! El quadern inclou il\u00b7lustracions a color, fragments de les meves aventures i un espai final en qu\u00e8 podreu reflectir tot all\u00f2 que us passi durant vacances i que vulgueu guardar de record. Una manera de divertir-vos alhora que treballeu totes les assignatures de l&#8217;escola. Segur que passeu un estiu de bigotis!<\/p>\n<p><a href='https:\/\/www.claret.cat\/cataleg\/?c=quaderns-de-vacances' rel='noopener noreferrer' target='_blank'><strong>Tots els quaderns de vacances d&#8217;estiu 2025<\/strong><\/a><\/p>\n","protected":false},"excerpt":{"rendered":"<p>STILTON, GERONIMO<\/p>\n","protected":false},"featured_media":1043523,"template":"","meta":{"_acf_changed":false,"om_disable_all_campaigns":false,"rs_blank_template":"","rs_page_bg_color":"","slide_template_v7":"","inline_featured_image":false,"_monsterinsights_skip_tracking":false,"_monsterinsights_sitenote_active":false,"_monsterinsights_sitenote_note":"","_monsterinsights_sitenote_category":0},"product_brand":[],"product_cat":[333,122],"product_tag":[],"class_list":{"0":"post-208770","1":"product","2":"type-product","3":"status-publish","4":"has-post-thumbnail","6":"product_cat-cuadernos-de-vacaciones","7":"product_cat-quaderns-de-vacances","9":"first","10":"instock","11":"taxable","12":"shipping-taxable","13":"purchasable","14":"product-type-simple"},"acf":{"autor":"STILTON, GERONIMO","codart":"849137259","libros-coleccion":"VACACIONES","ediciones":"1","encuadernacion":"R\u00fastica","fecha_de_publicacion":"01\/05\/2017","novedad":"1","paginas":"143","subtitulo":"ELS QUADERNS M\u00c9S DIVERTITS! 3R PRIM\u00c0RIA","orden":"0","portada":"0","idioma":"cat","editorial":[{"ID":6249,"post_author":"3","post_date":"2022-07-28 17:48:09","post_date_gmt":"2022-07-28 15:48:09","post_content":"","post_title":"Estrella Polar","post_excerpt":"","post_status":"publish","comment_status":"closed","ping_status":"closed","post_password":"","post_name":"estrella-polar","to_ping":"","pinged":"","post_modified":"2022-07-28 17:48:09","post_modified_gmt":"2022-07-28 15:48:09","post_content_filtered":"","post_parent":0,"guid":"http:\/\/dev.claret.cat\/editorial\/estrella-polar\/","menu_order":0,"post_type":"editorial","post_mime_type":"","comment_count":"0","filter":"raw"}],"autores-libros":[{"ID":5510,"post_author":"3","post_date":"2022-07-28 17:25:32","post_date_gmt":"2022-07-28 15:25:32","post_content":"","post_title":"GERONIMO STILTON","post_excerpt":"","post_status":"publish","comment_status":"closed","ping_status":"closed","post_password":"","post_name":"geronimo-stilton","to_ping":"","pinged":"","post_modified":"2022-07-28 17:25:32","post_modified_gmt":"2022-07-28 15:25:32","post_content_filtered":"","post_parent":0,"guid":"http:\/\/dev.claret.cat\/autor\/geronimo-stilton\/","menu_order":0,"post_type":"autor","post_mime_type":"","comment_count":"0","filter":"raw"}],"booktrailer":"","resenas":""},"aioseo_notices":[],"_links":{"self":[{"href":"https:\/\/www.claret.cat\/es\/wp-json\/wp\/v2\/product\/208770","targetHints":{"allow":["GET"]}}],"collection":[{"href":"https:\/\/www.claret.cat\/es\/wp-json\/wp\/v2\/product"}],"about":[{"href":"https:\/\/www.claret.cat\/es\/wp-json\/wp\/v2\/types\/product"}],"wp:featuredmedia":[{"embeddable":true,"href":"https:\/\/www.claret.cat\/es\/wp-json\/wp\/v2\/media\/1043523"}],"wp:attachment":[{"href":"https:\/\/www.claret.cat\/es\/wp-json\/wp\/v2\/media?parent=208770"}],"wp:term":[{"taxonomy":"product_brand","embeddable":true,"href":"https:\/\/www.claret.cat\/es\/wp-json\/wp\/v2\/product_brand?post=208770"},{"taxonomy":"product_cat","embeddable":true,"href":"https:\/\/www.claret.cat\/es\/wp-json\/wp\/v2\/product_cat?post=208770"},{"taxonomy":"product_tag","embeddable":true,"href":"https:\/\/www.claret.cat\/es\/wp-json\/wp\/v2\/product_tag?post=208770"}],"curies":[{"name":"wp","href":"https:\/\/api.w.org\/{rel}","templated":true}]}}