{"id":208860,"date":"2022-10-20T11:25:14","date_gmt":"2022-10-20T09:25:14","guid":{"rendered":"http:\/\/dev.claret.cat\/producte\/a-day-at-palau-guell\/"},"modified":"2023-01-28T03:41:29","modified_gmt":"2023-01-28T02:41:29","slug":"a-day-at-palau-guell-9788494582929","status":"publish","type":"product","link":"https:\/\/www.claret.cat\/es\/libro\/a-day-at-palau-guell-9788494582929\/","title":{"rendered":"A DAY AT PALAU G\u00dcELL"},"content":{"rendered":"<p>Una visita al Palacio G\u00fcell a trav\u00e9s de los ojos del dibujante Fabio Castro, que nos adentra en los detalles y misterios que envuelven el primer encargo importante que recibi\u00f3 el arquitecto Antoni Gaud\u00ed.<\/p>\n","protected":false},"excerpt":{"rendered":"<p>CASTRO, FABIO<\/p>\n","protected":false},"featured_media":208861,"template":"","meta":{"_acf_changed":false,"om_disable_all_campaigns":false,"rs_blank_template":"","rs_page_bg_color":"","slide_template_v7":"","inline_featured_image":false,"_monsterinsights_skip_tracking":false,"_monsterinsights_sitenote_active":false,"_monsterinsights_sitenote_note":"","_monsterinsights_sitenote_category":0},"product_brand":[],"product_cat":[90,105],"product_tag":[],"class_list":{"0":"post-208860","1":"product","2":"type-product","3":"status-publish","4":"has-post-thumbnail","6":"product_cat-altres","7":"product_cat-regal","9":"first","10":"instock","11":"taxable","12":"shipping-taxable","13":"purchasable","14":"product-type-simple"},"acf":{"autor":"CASTRO, FABIO","codart":"8494582929","libros-coleccion":"","ediciones":"1","encuadernacion":"Carpeta","fecha_de_publicacion":"01\/05\/2017","novedad":"1","paginas":"90","subtitulo":"","orden":"0","portada":"0","idioma":"eng","editorial":[{"ID":148986,"post_author":"3","post_date":"2022-10-14 12:02:33","post_date_gmt":"2022-10-14 10:02:33","post_content":"","post_title":"ZAHORI PACKAGED IDEAS","post_excerpt":"","post_status":"publish","comment_status":"closed","ping_status":"closed","post_password":"","post_name":"zahori-packaged-ideas","to_ping":"","pinged":"","post_modified":"2022-10-14 12:02:33","post_modified_gmt":"2022-10-14 10:02:33","post_content_filtered":"","post_parent":0,"guid":"http:\/\/dev.claret.cat\/editorial\/zahori-packaged-ideas\/","menu_order":0,"post_type":"editorial","post_mime_type":"","comment_count":"0","filter":"raw"}],"autores-libros":[{"ID":155608,"post_author":"3","post_date":"2022-10-14 15:14:11","post_date_gmt":"2022-10-14 13:14:11","post_content":"","post_title":"FABIO CASTRO","post_excerpt":"","post_status":"publish","comment_status":"closed","ping_status":"closed","post_password":"","post_name":"fabio-castro","to_ping":"","pinged":"","post_modified":"2022-10-14 15:14:11","post_modified_gmt":"2022-10-14 13:14:11","post_content_filtered":"","post_parent":0,"guid":"http:\/\/dev.claret.cat\/autor\/fabio-castro\/","menu_order":0,"post_type":"autor","post_mime_type":"","comment_count":"0","filter":"raw"}]},"aioseo_notices":[],"_links":{"self":[{"href":"https:\/\/www.claret.cat\/es\/wp-json\/wp\/v2\/product\/208860","targetHints":{"allow":["GET"]}}],"collection":[{"href":"https:\/\/www.claret.cat\/es\/wp-json\/wp\/v2\/product"}],"about":[{"href":"https:\/\/www.claret.cat\/es\/wp-json\/wp\/v2\/types\/product"}],"wp:featuredmedia":[{"embeddable":true,"href":"https:\/\/www.claret.cat\/es\/wp-json\/wp\/v2\/media\/208861"}],"wp:attachment":[{"href":"https:\/\/www.claret.cat\/es\/wp-json\/wp\/v2\/media?parent=208860"}],"wp:term":[{"taxonomy":"product_brand","embeddable":true,"href":"https:\/\/www.claret.cat\/es\/wp-json\/wp\/v2\/product_brand?post=208860"},{"taxonomy":"product_cat","embeddable":true,"href":"https:\/\/www.claret.cat\/es\/wp-json\/wp\/v2\/product_cat?post=208860"},{"taxonomy":"product_tag","embeddable":true,"href":"https:\/\/www.claret.cat\/es\/wp-json\/wp\/v2\/product_tag?post=208860"}],"curies":[{"name":"wp","href":"https:\/\/api.w.org\/{rel}","templated":true}]}}