{"id":209049,"date":"2022-10-20T11:28:40","date_gmt":"2022-10-20T09:28:40","guid":{"rendered":"http:\/\/dev.claret.cat\/producte\/eugenio-dors-1881-1954-p-gaziel-2016\/"},"modified":"2025-02-04T18:11:04","modified_gmt":"2025-02-04T17:11:04","slug":"eugenio-dors-18811954-p-gaziel-2016-9788490568330","status":"publish","type":"product","link":"https:\/\/www.claret.cat\/es\/libro\/eugenio-dors-18811954-p-gaziel-2016-9788490568330\/","title":{"rendered":"EUGENIO D&#8217;ORS 1881-1954 (P. GAZIEL 2016)"},"content":{"rendered":"<p>A lo largo de su trayectoria, Eugenio d&#8217;Ors, tambi\u00e9n llamado Xenius, fue nacionalista catal\u00e1n, sindicalista, mon\u00e1rquico y, por \u00faltimo, falangista. Adem\u00e1s fue un intelectual extraordinario, cr\u00edtico de arte, escritor paciente de un extenso Glosario en catal\u00e1n y en castellano y, definitivamente, uno de los autores m\u00e1s importantes de la Espa\u00f1a de la primera mitad del siglo pasado. Un personaje tan relevante, complejo y repleto de contrastes necesitaba una biograf\u00eda que examinara de manera unitaria todas sus facetas. De un modo riguroso y nada complaciente, Eugenio d&#8217;Ors (1881-1953) saca a la luz al escritor brillante y original, al extraordinario creador de aforismos, al hombre pol\u00edticamente variable, para reivindicar su verdadera relevancia en el contexto catal\u00e1n, espa\u00f1ol y europeo del siglo xx.<\/p>\n","protected":false},"excerpt":{"rendered":"<p>VARELA TORTAJADA, JAVIER<\/p>\n","protected":false},"featured_media":209050,"template":"","meta":{"_acf_changed":false,"om_disable_all_campaigns":false,"rs_blank_template":"","rs_page_bg_color":"","slide_template_v7":"","inline_featured_image":false,"_monsterinsights_skip_tracking":false,"_monsterinsights_sitenote_active":false,"_monsterinsights_sitenote_note":"","_monsterinsights_sitenote_category":0},"product_brand":[],"product_cat":[549,99,83,349],"product_tag":[],"class_list":{"0":"post-209049","1":"product","2":"type-product","3":"status-publish","4":"has-post-thumbnail","6":"product_cat-biografias","7":"product_cat-biografies","8":"product_cat-filosofia","9":"product_cat-filosofia-2_humanidades","11":"first","12":"instock","13":"taxable","14":"shipping-taxable","15":"purchasable","16":"product-type-simple"},"acf":{"autor":"VARELA TORTAJADA, JAVIER","codart":"849056833","libros-coleccion":"FORA DE COL.LECCI\u00d3","ediciones":"1","encuadernacion":"Carton\u00e9","fecha_de_publicacion":"01\/05\/2017","novedad":"1","paginas":"575","subtitulo":"","orden":"0","portada":"0","idioma":"spa","editorial":[{"ID":148737,"post_author":"3","post_date":"2022-10-14 12:00:35","post_date_gmt":"2022-10-14 10:00:35","post_content":"","post_title":"RBA Libros","post_excerpt":"","post_status":"publish","comment_status":"closed","ping_status":"closed","post_password":"","post_name":"rba-libros","to_ping":"","pinged":"","post_modified":"2022-10-14 12:00:35","post_modified_gmt":"2022-10-14 10:00:35","post_content_filtered":"","post_parent":0,"guid":"http:\/\/dev.claret.cat\/editorial\/rba-libros\/","menu_order":0,"post_type":"editorial","post_mime_type":"","comment_count":"0","filter":"raw"}],"autores-libros":[{"ID":423892,"post_author":"3","post_date":"2023-05-16 07:49:21","post_date_gmt":"2023-05-16 05:49:21","post_content":"","post_title":"JAVIER VARELA TORTAJADA","post_excerpt":"","post_status":"publish","comment_status":"closed","ping_status":"closed","post_password":"","post_name":"javier-varela-tortajada","to_ping":"","pinged":"","post_modified":"2023-05-16 07:49:21","post_modified_gmt":"2023-05-16 05:49:21","post_content_filtered":"","post_parent":0,"guid":"https:\/\/www.claret.cat\/autor\/javier-varela-tortajada\/","menu_order":0,"post_type":"autor","post_mime_type":"","comment_count":"0","filter":"raw"}]},"aioseo_notices":[],"_links":{"self":[{"href":"https:\/\/www.claret.cat\/es\/wp-json\/wp\/v2\/product\/209049","targetHints":{"allow":["GET"]}}],"collection":[{"href":"https:\/\/www.claret.cat\/es\/wp-json\/wp\/v2\/product"}],"about":[{"href":"https:\/\/www.claret.cat\/es\/wp-json\/wp\/v2\/types\/product"}],"wp:featuredmedia":[{"embeddable":true,"href":"https:\/\/www.claret.cat\/es\/wp-json\/wp\/v2\/media\/209050"}],"wp:attachment":[{"href":"https:\/\/www.claret.cat\/es\/wp-json\/wp\/v2\/media?parent=209049"}],"wp:term":[{"taxonomy":"product_brand","embeddable":true,"href":"https:\/\/www.claret.cat\/es\/wp-json\/wp\/v2\/product_brand?post=209049"},{"taxonomy":"product_cat","embeddable":true,"href":"https:\/\/www.claret.cat\/es\/wp-json\/wp\/v2\/product_cat?post=209049"},{"taxonomy":"product_tag","embeddable":true,"href":"https:\/\/www.claret.cat\/es\/wp-json\/wp\/v2\/product_tag?post=209049"}],"curies":[{"name":"wp","href":"https:\/\/api.w.org\/{rel}","templated":true}]}}