{"id":209127,"date":"2022-10-20T11:30:06","date_gmt":"2022-10-20T09:30:06","guid":{"rendered":"http:\/\/dev.claret.cat\/producte\/la-republica\/"},"modified":"2023-01-28T03:32:07","modified_gmt":"2023-01-28T02:32:07","slug":"la-republica-9788433915450","status":"publish","type":"product","link":"https:\/\/www.claret.cat\/es\/libro\/la-republica-9788433915450\/","title":{"rendered":"LA REP\u00daBLICA"},"content":{"rendered":"<p>Una com\u00e8dia d&#8217;embolics amb professors que fan d&#8217;espies? Una novel\u00b7la sobre les complexes rela\u00adcions mestre-deixeble? Una reflexi\u00f3 sobre l&#8217;amor, l&#8217;amistat i la gelosia. Una provocaci\u00f3 que indaga en els l\u00edmits de l&#8217;humor? Un joc literari erudit i pop carregat de p\u00e8rfida ironia. Un toc d&#8217;alerta sobre el neofeixisme. Tot aix\u00f2 i molt m\u00e9s forma part de La rep\u00fablica, que arrenca amb la mort de Josip Brik, carism\u00e0tic professor universitari expert en Hitler. El seu deixeble i col\u00b7laborador Friso de Vos manio\u00adbra per convertir-se&#8217;n en hereu oficial enmig d?una crisi sentimental i una lluita a mata-degolla amb un rival, Philip de Vries, que, aprofitant una conva\u00adlesc\u00e8ncia d&#8217;en Friso, s&#8217;apropia del paper de delf\u00ed.<\/p>\n<p> A les p\u00e0gines d&#8217;aquesta singular novel\u00b7la de campus hi apareixen una revista acad\u00e8mica con\u00adsagrada a publicar reportatges sobre Hitler, un viatge a Xile a la recerca de persones batejades amb el cognom del dictador, un congr\u00e9s titulat End of History al qual assisteix Geert Wilders, un Front d&#8217;Alliberament del Bra\u00e7 Dret que pret\u00e9n abolir la c\u00e0rrega ideol\u00f2gica de la salutaci\u00f3 nazi, un col\u00b7lec\u00adcionista entestat a localitzar una maqueta d&#8217;Albert Speer, uns antiquaris vienesos que conserven un gabinet secret ple de parafern\u00e0lia nazi.<\/p>\n","protected":false},"excerpt":{"rendered":"<p>DE VRIES, JOOST<\/p>\n","protected":false},"featured_media":209128,"template":"","meta":{"_acf_changed":false,"om_disable_all_campaigns":false,"rs_blank_template":"","rs_page_bg_color":"","slide_template_v7":"","inline_featured_image":false,"_monsterinsights_skip_tracking":false,"_monsterinsights_sitenote_active":false,"_monsterinsights_sitenote_note":"","_monsterinsights_sitenote_category":0},"product_brand":[],"product_cat":[87],"product_tag":[],"class_list":{"0":"post-209127","1":"product","2":"type-product","3":"status-publish","4":"has-post-thumbnail","6":"product_cat-literatura","8":"first","9":"instock","10":"taxable","11":"shipping-taxable","12":"purchasable","13":"product-type-simple"},"acf":{"autor":"DE VRIES, JOOST","codart":"843391545","libros-coleccion":"FORA DE COL.LECCI\u00d3","ediciones":"1","encuadernacion":"R\u00fastica","fecha_de_publicacion":"01\/05\/2017","novedad":"1","paginas":"281","subtitulo":"","orden":"0","portada":"0","idioma":"cat","editorial":[{"ID":147922,"post_author":"3","post_date":"2022-10-14 11:54:16","post_date_gmt":"2022-10-14 09:54:16","post_content":"","post_title":"Editorial Anagrama","post_excerpt":"","post_status":"publish","comment_status":"closed","ping_status":"closed","post_password":"","post_name":"editorial-anagrama","to_ping":"","pinged":"","post_modified":"2022-10-14 11:54:16","post_modified_gmt":"2022-10-14 09:54:16","post_content_filtered":"","post_parent":0,"guid":"http:\/\/dev.claret.cat\/editorial\/editorial-anagrama\/","menu_order":0,"post_type":"editorial","post_mime_type":"","comment_count":"0","filter":"raw"}]},"aioseo_notices":[],"_links":{"self":[{"href":"https:\/\/www.claret.cat\/es\/wp-json\/wp\/v2\/product\/209127","targetHints":{"allow":["GET"]}}],"collection":[{"href":"https:\/\/www.claret.cat\/es\/wp-json\/wp\/v2\/product"}],"about":[{"href":"https:\/\/www.claret.cat\/es\/wp-json\/wp\/v2\/types\/product"}],"wp:featuredmedia":[{"embeddable":true,"href":"https:\/\/www.claret.cat\/es\/wp-json\/wp\/v2\/media\/209128"}],"wp:attachment":[{"href":"https:\/\/www.claret.cat\/es\/wp-json\/wp\/v2\/media?parent=209127"}],"wp:term":[{"taxonomy":"product_brand","embeddable":true,"href":"https:\/\/www.claret.cat\/es\/wp-json\/wp\/v2\/product_brand?post=209127"},{"taxonomy":"product_cat","embeddable":true,"href":"https:\/\/www.claret.cat\/es\/wp-json\/wp\/v2\/product_cat?post=209127"},{"taxonomy":"product_tag","embeddable":true,"href":"https:\/\/www.claret.cat\/es\/wp-json\/wp\/v2\/product_tag?post=209127"}],"curies":[{"name":"wp","href":"https:\/\/api.w.org\/{rel}","templated":true}]}}