{"id":209226,"date":"2022-10-20T11:31:52","date_gmt":"2022-10-20T09:31:52","guid":{"rendered":"http:\/\/dev.claret.cat\/producte\/juegos-para-entrenar-las-operaciones-matematicas\/"},"modified":"2023-01-28T04:50:02","modified_gmt":"2023-01-28T03:50:02","slug":"juegos-para-entrenar-las-operaciones-matematicas-9788416972111","status":"publish","type":"product","link":"https:\/\/www.claret.cat\/es\/libro\/juegos-para-entrenar-las-operaciones-matematicas-9788416972111\/","title":{"rendered":"JUEGOS PARA ENTRENAR LAS OPERACIONES MATEM\u00c1TICAS"},"content":{"rendered":"<p> Libro de la colecci\u00f3n Terapias\/juegos matem\u00e1ticos.<br \/>  Para ni\u00f1os de 7-8 a\u00f1os.<br \/> Este peque\u00f1o cuaderno propone a ni\u00f1os de 7 a 8 a\u00f1os una gran variedad de ejercicios l\u00fadicos para entrenarse en las cuatro operaciones de c\u00e1lculo matem\u00e1tico y en la resoluci\u00f3n de problemas formulados de forma entretenida .<\/p>\n","protected":false},"excerpt":{"rendered":"<p>CARON, J. L.<\/p>\n","protected":false},"featured_media":209227,"template":"","meta":{"_acf_changed":false,"om_disable_all_campaigns":false,"rs_blank_template":"","rs_page_bg_color":"","slide_template_v7":"","inline_featured_image":false,"_monsterinsights_skip_tracking":false,"_monsterinsights_sitenote_active":false,"_monsterinsights_sitenote_note":"","_monsterinsights_sitenote_category":0},"product_brand":[],"product_cat":[16],"product_tag":[],"class_list":{"0":"post-209226","1":"product","2":"type-product","3":"status-publish","4":"has-post-thumbnail","6":"product_cat-sense-categoria","8":"first","9":"instock","10":"taxable","11":"shipping-taxable","12":"purchasable","13":"product-type-simple"},"acf":{"autor":"CARON, J. L.","codart":"841697211","libros-coleccion":"SUSHI BOOKS","ediciones":"1","encuadernacion":"Carpeta","fecha_de_publicacion":"01\/05\/2017","novedad":"1","paginas":"63","subtitulo":"","orden":"0","portada":"0","idioma":"spa","editorial":[{"ID":148867,"post_author":"3","post_date":"2022-10-14 12:01:36","post_date_gmt":"2022-10-14 10:01:36","post_content":"","post_title":"Terapias Verdes","post_excerpt":"","post_status":"publish","comment_status":"closed","ping_status":"closed","post_password":"","post_name":"terapias-verdes","to_ping":"","pinged":"","post_modified":"2022-10-14 12:01:36","post_modified_gmt":"2022-10-14 10:01:36","post_content_filtered":"","post_parent":0,"guid":"http:\/\/dev.claret.cat\/editorial\/terapias-verdes\/","menu_order":0,"post_type":"editorial","post_mime_type":"","comment_count":"0","filter":"raw"}]},"aioseo_notices":[],"_links":{"self":[{"href":"https:\/\/www.claret.cat\/es\/wp-json\/wp\/v2\/product\/209226","targetHints":{"allow":["GET"]}}],"collection":[{"href":"https:\/\/www.claret.cat\/es\/wp-json\/wp\/v2\/product"}],"about":[{"href":"https:\/\/www.claret.cat\/es\/wp-json\/wp\/v2\/types\/product"}],"wp:featuredmedia":[{"embeddable":true,"href":"https:\/\/www.claret.cat\/es\/wp-json\/wp\/v2\/media\/209227"}],"wp:attachment":[{"href":"https:\/\/www.claret.cat\/es\/wp-json\/wp\/v2\/media?parent=209226"}],"wp:term":[{"taxonomy":"product_brand","embeddable":true,"href":"https:\/\/www.claret.cat\/es\/wp-json\/wp\/v2\/product_brand?post=209226"},{"taxonomy":"product_cat","embeddable":true,"href":"https:\/\/www.claret.cat\/es\/wp-json\/wp\/v2\/product_cat?post=209226"},{"taxonomy":"product_tag","embeddable":true,"href":"https:\/\/www.claret.cat\/es\/wp-json\/wp\/v2\/product_tag?post=209226"}],"curies":[{"name":"wp","href":"https:\/\/api.w.org\/{rel}","templated":true}]}}