{"id":209490,"date":"2022-10-20T11:36:40","date_gmt":"2022-10-20T09:36:40","guid":{"rendered":"http:\/\/dev.claret.cat\/producte\/convergencias\/"},"modified":"2023-01-28T14:47:28","modified_gmt":"2023-01-28T13:47:28","slug":"convergencias-9788416771967","status":"publish","type":"product","link":"https:\/\/www.claret.cat\/es\/libro\/convergencias-9788416771967\/","title":{"rendered":"CONVERGENCIAS"},"content":{"rendered":"<p>Una brillante historia de la ciencia de los \u00faltimos 150 a\u00f1os que ofrece una nueva visi\u00f3n: distintas disciplinas cient\u00edficas est\u00e1n convergiendo para dar lugar a nuevos hallazgos. Convergenciases una historia de la ciencia moderna con un original y signi cativo viraje. Varias disciplinas cient\u00edficas, pese a sus distintos or\u00edgenes, han trabajado conjuntamente durante los \u00faltimos 150 a\u00f1os, convergiendo y fusion\u00e1ndose. Se han descubierto \u00edntimas conexiones entre F\u00edsica y Qu\u00edmica, Psicolog\u00eda y Biolog\u00eda, Gen\u00e9tica y Ling\u00fc\u00edstica. En este revolucionario ensayo, Peter Watson muestra, con extraordinario estilo narrativo, c\u00f3mo las disciplinas cient\u00edficas con uyen y juegan un papel fundamental en la historia de la ciencia. Watson empieza su relato en 1850, la d\u00e9cada en la que algunas ramas de la ciencia comienzan a convergir. La historia se desarrolla enlazando avances cient\u00edficos, saltando de disciplina en disciplina y relatando el mayor descubrimiento cient\u00edfico de cada de cada para vincularlo con el presente. El autor muestra un emocionante acercamiento a la historia de la ciencia, revelando c\u00f3mo cada pieza aparece en un lugar determinado y c\u00f3mo cada una de ellas revela el \u00aborden emergente\u00bb. Su inspirador ensayo de ende que todo nuestro trabajo cient\u00edfico est\u00e1, de hecho, acerc\u00e1ndose a la uni\u00f3n. Contado desde el punto de vista de los cient\u00edficos que hay detr\u00e1s de cada hallazgo y valorando cada descubrimiento y su impacto, esta es una fascinante manera de aprender qu\u00e9 sabemos sobre la ciencia y hacia d\u00f3nde se dirigen nuestras investigaciones.<\/p>\n","protected":false},"excerpt":{"rendered":"<p>WATSON, PETER<\/p>\n","protected":false},"featured_media":209491,"template":"","meta":{"_acf_changed":false,"om_disable_all_campaigns":false,"rs_blank_template":"","rs_page_bg_color":"","slide_template_v7":"","inline_featured_image":false,"_monsterinsights_skip_tracking":false,"_monsterinsights_sitenote_active":false,"_monsterinsights_sitenote_note":"","_monsterinsights_sitenote_category":0},"product_brand":[],"product_cat":[104],"product_tag":[],"class_list":{"0":"post-209490","1":"product","2":"type-product","3":"status-publish","4":"has-post-thumbnail","6":"product_cat-ciencia","8":"first","9":"instock","10":"taxable","11":"shipping-taxable","12":"purchasable","13":"product-type-simple"},"acf":{"autor":"WATSON, PETER","codart":"841677196","libros-coleccion":"Serie Mayor","ediciones":"1","encuadernacion":"Carton\u00e9","fecha_de_publicacion":"01\/05\/2017","novedad":"1","paginas":"0","subtitulo":"EL ORDEN SUBYACENTE EN EL CORAZ\u00d3N DE LA CIENCIA","orden":"0","portada":"0","idioma":"spa","editorial":[{"ID":147952,"post_author":"3","post_date":"2022-10-14 11:54:29","post_date_gmt":"2022-10-14 09:54:29","post_content":"","post_title":"EDITORIAL CRITICA","post_excerpt":"","post_status":"publish","comment_status":"closed","ping_status":"closed","post_password":"","post_name":"editorial-critica","to_ping":"","pinged":"","post_modified":"2022-10-14 11:54:29","post_modified_gmt":"2022-10-14 09:54:29","post_content_filtered":"","post_parent":0,"guid":"http:\/\/dev.claret.cat\/editorial\/editorial-critica\/","menu_order":0,"post_type":"editorial","post_mime_type":"","comment_count":"0","filter":"raw"}]},"aioseo_notices":[],"_links":{"self":[{"href":"https:\/\/www.claret.cat\/es\/wp-json\/wp\/v2\/product\/209490","targetHints":{"allow":["GET"]}}],"collection":[{"href":"https:\/\/www.claret.cat\/es\/wp-json\/wp\/v2\/product"}],"about":[{"href":"https:\/\/www.claret.cat\/es\/wp-json\/wp\/v2\/types\/product"}],"wp:featuredmedia":[{"embeddable":true,"href":"https:\/\/www.claret.cat\/es\/wp-json\/wp\/v2\/media\/209491"}],"wp:attachment":[{"href":"https:\/\/www.claret.cat\/es\/wp-json\/wp\/v2\/media?parent=209490"}],"wp:term":[{"taxonomy":"product_brand","embeddable":true,"href":"https:\/\/www.claret.cat\/es\/wp-json\/wp\/v2\/product_brand?post=209490"},{"taxonomy":"product_cat","embeddable":true,"href":"https:\/\/www.claret.cat\/es\/wp-json\/wp\/v2\/product_cat?post=209490"},{"taxonomy":"product_tag","embeddable":true,"href":"https:\/\/www.claret.cat\/es\/wp-json\/wp\/v2\/product_tag?post=209490"}],"curies":[{"name":"wp","href":"https:\/\/api.w.org\/{rel}","templated":true}]}}