{"id":209851,"date":"2022-10-20T11:43:25","date_gmt":"2022-10-20T09:43:25","guid":{"rendered":"http:\/\/dev.claret.cat\/producte\/la-cultura-de-guerra-del-franquismo\/"},"modified":"2023-10-17T17:19:47","modified_gmt":"2023-10-17T15:19:47","slug":"la-cultura-de-guerra-del-franquismo-9788416938513","status":"publish","type":"product","link":"https:\/\/www.claret.cat\/es\/libro\/la-cultura-de-guerra-del-franquismo-9788416938513\/","title":{"rendered":"LA CULTURA DE GUERRA  DEL FRANQUISMO"},"content":{"rendered":"<p>En el verano de 1936, los sucesos del golpe de Estado del d\u00eda 17 y el 18 de julio, que provoc\u00f3 una parte de la oficialidad del Ej\u00e9rcito espa\u00f1ol, quebraron el Estado de derecho sin conseguir la ocupaci\u00f3n del poder en la Rep\u00fablica. El fracaso de la rebeli\u00f3n militar produjo de facto una situaci\u00f3n de guerra en Espa\u00f1a. En el contexto de ascenso de los movimientos fascistas \u2014como ocurri\u00f3 en la oleada de reg\u00edmenes dictatoriales que extendi\u00f3 el totalitarismo en Europa tras 1933\u2014, estas circunstancias supusieron que la principal caracter\u00edstica del \u00abnuevo Estado\u00bb espa\u00f1ol radic\u00f3 en su instauraci\u00f3n bajo el dominio de los militares rebeldes durante una larga guerra civil.<\/p>\n","protected":false},"excerpt":{"rendered":"<p>SEVILLANO, FRANCISCO<\/p>\n","protected":false},"featured_media":209852,"template":"","meta":{"_acf_changed":false,"om_disable_all_campaigns":false,"rs_blank_template":"","rs_page_bg_color":"","slide_template_v7":"","inline_featured_image":false,"_monsterinsights_skip_tracking":false,"_monsterinsights_sitenote_active":false,"_monsterinsights_sitenote_note":"","_monsterinsights_sitenote_category":0},"product_brand":[],"product_cat":[85,351],"product_tag":[],"class_list":{"0":"post-209851","1":"product","2":"type-product","3":"status-publish","4":"has-post-thumbnail","6":"product_cat-historia","7":"product_cat-historia-2_humanidades","9":"first","10":"instock","11":"taxable","12":"shipping-taxable","13":"purchasable","14":"product-type-simple"},"acf":{"autor":"SEVILLANO, FRANCISCO","codart":"841693851","libros-coleccion":"SUSHI BOOKS","ediciones":"1","encuadernacion":"R\u00fastica","fecha_de_publicacion":"01\/05\/2017","novedad":"1","paginas":"195","subtitulo":"","orden":"0","portada":"0","idioma":"spa","editorial":[{"ID":261862,"post_author":"3","post_date":"2022-10-24 11:16:48","post_date_gmt":"2022-10-24 09:16:48","post_content":"","post_title":"BIBLIOTECA NUEVA EDITORIAL","post_excerpt":"","post_status":"publish","comment_status":"closed","ping_status":"closed","post_password":"","post_name":"biblioteca-nueva-editorial","to_ping":"","pinged":"","post_modified":"2022-10-24 11:16:48","post_modified_gmt":"2022-10-24 09:16:48","post_content_filtered":"","post_parent":0,"guid":"http:\/\/dev.claret.cat\/editorial\/biblioteca-nueva-editorial\/","menu_order":0,"post_type":"editorial","post_mime_type":"","comment_count":"0","filter":"raw"}],"autores-libros":[{"ID":411070,"post_author":"3","post_date":"2023-03-08 16:48:02","post_date_gmt":"2023-03-08 15:48:02","post_content":"","post_title":"FRANCISCO SEVILLANO","post_excerpt":"","post_status":"publish","comment_status":"closed","ping_status":"closed","post_password":"","post_name":"francisco-sevillano","to_ping":"","pinged":"","post_modified":"2023-03-08 16:48:02","post_modified_gmt":"2023-03-08 15:48:02","post_content_filtered":"","post_parent":0,"guid":"https:\/\/www.claret.cat\/autor\/francisco-sevillano\/","menu_order":0,"post_type":"autor","post_mime_type":"","comment_count":"0","filter":"raw"}]},"aioseo_notices":[],"_links":{"self":[{"href":"https:\/\/www.claret.cat\/es\/wp-json\/wp\/v2\/product\/209851","targetHints":{"allow":["GET"]}}],"collection":[{"href":"https:\/\/www.claret.cat\/es\/wp-json\/wp\/v2\/product"}],"about":[{"href":"https:\/\/www.claret.cat\/es\/wp-json\/wp\/v2\/types\/product"}],"wp:featuredmedia":[{"embeddable":true,"href":"https:\/\/www.claret.cat\/es\/wp-json\/wp\/v2\/media\/209852"}],"wp:attachment":[{"href":"https:\/\/www.claret.cat\/es\/wp-json\/wp\/v2\/media?parent=209851"}],"wp:term":[{"taxonomy":"product_brand","embeddable":true,"href":"https:\/\/www.claret.cat\/es\/wp-json\/wp\/v2\/product_brand?post=209851"},{"taxonomy":"product_cat","embeddable":true,"href":"https:\/\/www.claret.cat\/es\/wp-json\/wp\/v2\/product_cat?post=209851"},{"taxonomy":"product_tag","embeddable":true,"href":"https:\/\/www.claret.cat\/es\/wp-json\/wp\/v2\/product_tag?post=209851"}],"curies":[{"name":"wp","href":"https:\/\/api.w.org\/{rel}","templated":true}]}}