{"id":209857,"date":"2022-10-20T11:43:32","date_gmt":"2022-10-20T09:43:32","guid":{"rendered":"http:\/\/dev.claret.cat\/producte\/los-milagros\/"},"modified":"2026-04-13T19:50:11","modified_gmt":"2026-04-13T17:50:11","slug":"los-milagros-9788490551837","status":"publish","type":"product","link":"https:\/\/www.claret.cat\/es\/libro\/los-milagros-9788490551837\/","title":{"rendered":"LOS MILAGROS"},"content":{"rendered":"<p>En la presente obra, convertida en todo un cl\u00e1sico, C.S. Lewis desaf\u00eda en su propio terreno las visiones filos\u00f3ficas de racionalistas, agn\u00f3sticos y de\u00edstas, que llevan a una negaci\u00f3n a priori de los milagros cristianos, estableciendo los principios para demostrar la irracionalidad de sus presupuestos. Por otro lado, Lewis expone de manera magistral de qu\u00e9 forma el milagro central afirmado por el cristianismo es el de la Encarnaci\u00f3n, en virtud del cual Dios se habr\u00eda hecho hombre, y que cualquier otro milagro es una preparaci\u00f3n del sendero de dicha Encarnaci\u00f3n o consecuencia suya. De este manera, el autor nos ense\u00f1a que el cristiano no s\u00f3lo debe aceptar los milagros, sino regocijarse en ellos en cuanto que son testimonio del compromiso del Dios personal y \u00fanico con su creaci\u00f3n.<\/p>\n","protected":false},"excerpt":{"rendered":"<p>LEWIS, CLIVE STAPLES<\/p>\n","protected":false},"featured_media":209858,"template":"","meta":{"_acf_changed":false,"om_disable_all_campaigns":false,"rs_blank_template":"","rs_page_bg_color":"","slide_template_v7":"","inline_featured_image":false,"_monsterinsights_skip_tracking":false,"_monsterinsights_sitenote_active":false,"_monsterinsights_sitenote_note":"","_monsterinsights_sitenote_category":0},"product_brand":[],"product_cat":[91,541,345,79],"product_tag":[],"class_list":{"0":"post-209857","1":"product","2":"type-product","3":"status-publish","4":"has-post-thumbnail","6":"product_cat-cristologia","7":"product_cat-cristologia-1_espiritualidad-spa","8":"product_cat-espiritualidad","9":"product_cat-espiritualitat","11":"first","12":"instock","13":"taxable","14":"shipping-taxable","15":"purchasable","16":"product-type-simple"},"acf":{"autor":"LEWIS, CLIVE STAPLES","codart":"849055183","libros-coleccion":"SUSHI BOOKS","ediciones":"1","encuadernacion":"R\u00fastica","fecha_de_publicacion":"01\/05\/2017","novedad":"1","paginas":"200","subtitulo":"","orden":"0","portada":"0","idioma":"spa","editorial":[{"ID":148092,"post_author":"3","post_date":"2022-10-14 11:55:34","post_date_gmt":"2022-10-14 09:55:34","post_content":"","post_title":"Encuentro","post_excerpt":"","post_status":"publish","comment_status":"closed","ping_status":"closed","post_password":"","post_name":"encuentro","to_ping":"","pinged":"","post_modified":"2022-10-14 11:55:34","post_modified_gmt":"2022-10-14 09:55:34","post_content_filtered":"","post_parent":0,"guid":"http:\/\/dev.claret.cat\/editorial\/encuentro\/","menu_order":0,"post_type":"editorial","post_mime_type":"","comment_count":"0","filter":"raw"}],"autores-libros":[{"ID":293619,"post_author":"3","post_date":"2022-12-11 03:01:59","post_date_gmt":"2022-12-11 02:01:59","post_content":"","post_title":"CLIVE STAPLES LEWIS","post_excerpt":"","post_status":"publish","comment_status":"closed","ping_status":"closed","post_password":"","post_name":"clive-staples-lewis","to_ping":"","pinged":"","post_modified":"2022-12-11 03:01:59","post_modified_gmt":"2022-12-11 02:01:59","post_content_filtered":"","post_parent":0,"guid":"http:\/\/dev.claret.cat\/autor\/clive-staples-lewis\/","menu_order":0,"post_type":"autor","post_mime_type":"","comment_count":"0","filter":"raw"}],"booktrailer":"","resenas":""},"aioseo_notices":[],"_links":{"self":[{"href":"https:\/\/www.claret.cat\/es\/wp-json\/wp\/v2\/product\/209857","targetHints":{"allow":["GET"]}}],"collection":[{"href":"https:\/\/www.claret.cat\/es\/wp-json\/wp\/v2\/product"}],"about":[{"href":"https:\/\/www.claret.cat\/es\/wp-json\/wp\/v2\/types\/product"}],"wp:featuredmedia":[{"embeddable":true,"href":"https:\/\/www.claret.cat\/es\/wp-json\/wp\/v2\/media\/209858"}],"wp:attachment":[{"href":"https:\/\/www.claret.cat\/es\/wp-json\/wp\/v2\/media?parent=209857"}],"wp:term":[{"taxonomy":"product_brand","embeddable":true,"href":"https:\/\/www.claret.cat\/es\/wp-json\/wp\/v2\/product_brand?post=209857"},{"taxonomy":"product_cat","embeddable":true,"href":"https:\/\/www.claret.cat\/es\/wp-json\/wp\/v2\/product_cat?post=209857"},{"taxonomy":"product_tag","embeddable":true,"href":"https:\/\/www.claret.cat\/es\/wp-json\/wp\/v2\/product_tag?post=209857"}],"curies":[{"name":"wp","href":"https:\/\/api.w.org\/{rel}","templated":true}]}}