{"id":210031,"date":"2022-10-20T11:46:43","date_gmt":"2022-10-20T09:46:43","guid":{"rendered":"http:\/\/dev.claret.cat\/producte\/pequenos-paraisos\/"},"modified":"2023-01-28T01:32:00","modified_gmt":"2023-01-28T00:32:00","slug":"pequenos-paraisos-9788416748457","status":"publish","type":"product","link":"https:\/\/www.claret.cat\/es\/libro\/pequenos-paraisos-9788416748457\/","title":{"rendered":"PEQUE\u00d1OS PARA\u00cdSOS"},"content":{"rendered":"<p>A lo largo de los siglos, en todas las culturas, desde Babilonia, Grecia, Persia, China o Jap\u00f3n, los seres humanos han creado, con paciencia y a veces con enormes esfuerzos, monumentos de verdor y acequias labradas en piedra para evocar un m\u00edtico lugar ideal, frondoso, donde siempre es primavera, los animales son serenos, los hombres pocos y pac\u00edficos, y el alimento abundante. En breves e intensos cap\u00edtulos, Mario Satz ahonda en la construcci\u00f3n de esas obras de arte vegetal que a\u00fan hoy nos sorprenden y admiran. Un jard\u00edn es, sin embargo, algo m\u00e1s que una forma delicada de nostalgia, pues no s\u00f3lo buscamos el Para\u00edso en el pasado sino que lo proyectamos en el futuro con la esperanza de que perdure, para quien sabe ver, en nuestro entorno: tal vez el para\u00edso jam\u00e1s haya desaparecido de la Tierra y tan s\u00f3lo debamos aprender a verlo.<\/p>\n","protected":false},"excerpt":{"rendered":"<p>SATZ TETELBAUM, MARIO<\/p>\n","protected":false},"featured_media":210032,"template":"","meta":{"_acf_changed":false,"om_disable_all_campaigns":false,"rs_blank_template":"","rs_page_bg_color":"","slide_template_v7":"","inline_featured_image":false,"_monsterinsights_skip_tracking":false,"_monsterinsights_sitenote_active":false,"_monsterinsights_sitenote_note":"","_monsterinsights_sitenote_category":0},"product_brand":[],"product_cat":[85],"product_tag":[],"class_list":{"0":"post-210031","1":"product","2":"type-product","3":"status-publish","4":"has-post-thumbnail","6":"product_cat-historia","8":"first","9":"instock","10":"taxable","11":"shipping-taxable","12":"purchasable","13":"product-type-simple"},"acf":{"autor":"SATZ TETELBAUM, MARIO","codart":"8416748457","libros-coleccion":"FORA DE COL.LECCI\u00d3","ediciones":"1","encuadernacion":"R\u00fastica","fecha_de_publicacion":"01\/05\/2017","novedad":"1","paginas":"171","subtitulo":"EL ESP\u00cdRITU DE LOS JARDINES","orden":"0","portada":"0","idioma":"spa","editorial":[{"ID":6111,"post_author":"3","post_date":"2022-07-28 17:45:08","post_date_gmt":"2022-07-28 15:45:08","post_content":"","post_title":"ACANTILADO","post_excerpt":"","post_status":"publish","comment_status":"closed","ping_status":"closed","post_password":"","post_name":"acantilado","to_ping":"","pinged":"","post_modified":"2022-07-28 17:45:08","post_modified_gmt":"2022-07-28 15:45:08","post_content_filtered":"","post_parent":0,"guid":"http:\/\/dev.claret.cat\/editorial\/acantilado\/","menu_order":0,"post_type":"editorial","post_mime_type":"","comment_count":"0","filter":"raw"}],"autores-libros":[{"ID":163993,"post_author":"3","post_date":"2022-10-14 17:43:30","post_date_gmt":"2022-10-14 15:43:30","post_content":"","post_title":"MARIO SATZ TETELBAUM","post_excerpt":"","post_status":"publish","comment_status":"closed","ping_status":"closed","post_password":"","post_name":"mario-satz-tetelbaum","to_ping":"","pinged":"","post_modified":"2022-10-14 17:43:30","post_modified_gmt":"2022-10-14 15:43:30","post_content_filtered":"","post_parent":0,"guid":"http:\/\/dev.claret.cat\/autor\/mario-satz-tetelbaum\/","menu_order":0,"post_type":"autor","post_mime_type":"","comment_count":"0","filter":"raw"}]},"aioseo_notices":[],"_links":{"self":[{"href":"https:\/\/www.claret.cat\/es\/wp-json\/wp\/v2\/product\/210031","targetHints":{"allow":["GET"]}}],"collection":[{"href":"https:\/\/www.claret.cat\/es\/wp-json\/wp\/v2\/product"}],"about":[{"href":"https:\/\/www.claret.cat\/es\/wp-json\/wp\/v2\/types\/product"}],"wp:featuredmedia":[{"embeddable":true,"href":"https:\/\/www.claret.cat\/es\/wp-json\/wp\/v2\/media\/210032"}],"wp:attachment":[{"href":"https:\/\/www.claret.cat\/es\/wp-json\/wp\/v2\/media?parent=210031"}],"wp:term":[{"taxonomy":"product_brand","embeddable":true,"href":"https:\/\/www.claret.cat\/es\/wp-json\/wp\/v2\/product_brand?post=210031"},{"taxonomy":"product_cat","embeddable":true,"href":"https:\/\/www.claret.cat\/es\/wp-json\/wp\/v2\/product_cat?post=210031"},{"taxonomy":"product_tag","embeddable":true,"href":"https:\/\/www.claret.cat\/es\/wp-json\/wp\/v2\/product_tag?post=210031"}],"curies":[{"name":"wp","href":"https:\/\/api.w.org\/{rel}","templated":true}]}}