{"id":210238,"date":"2022-10-20T11:50:31","date_gmt":"2022-10-20T09:50:31","guid":{"rendered":"http:\/\/dev.claret.cat\/producte\/el-ocultismo-en-la-politica\/"},"modified":"2025-07-24T14:01:31","modified_gmt":"2025-07-24T12:01:31","slug":"el-ocultismo-en-la-politica-9788416694631","status":"publish","type":"product","link":"https:\/\/www.claret.cat\/es\/libro\/el-ocultismo-en-la-politica-9788416694631\/","title":{"rendered":"EL OCULTISMO EN LA POL\u00cdTICA"},"content":{"rendered":"<p>Ocultismo en la pol\u00edtica es un libro:&#8230;Para descubrir que Estados Unidos fue una naci\u00f3n que dise\u00f1aron los masones, y que el peso de sus cimientos se deja sentir incluso en la Era Trump&#8230;.Para saber en qu\u00e9 medida las ideas de artistas y literatos como Swedemborg, Steiner, Blavatsky, Bulwer-Lytton, Roerich o Jung han determinado las pol\u00edticas de grandes l\u00edderes mundiales&#8230;.Para tener en cuenta c\u00f3mo rosacruces, illuminati, templarios, magos y alquimistas han influido en pa\u00edses y sus tomas de decisiones&#8230;.Para comprender c\u00f3mo influyeron las creencias en lo sobrenatural en movimientos de izquierdas y de derechas, desde el siglo XIX hasta hoy&#8230;.Para recordar que detr\u00e1s de Hitler se movieron ideas surgidas de un esoterismo rancio y ancestral&#8230;.Para sorprenderse con la creencia en el \u00abRey del Mundo\u00bb, una utop\u00eda que algunos creen que persiguen movimientos como la UE.<\/p>\n","protected":false},"excerpt":{"rendered":"<p>LACHMAN, GARY<\/p>\n","protected":false},"featured_media":1048069,"template":"","meta":{"_acf_changed":false,"om_disable_all_campaigns":false,"rs_blank_template":"","rs_page_bg_color":"","slide_template_v7":"","inline_featured_image":false,"_monsterinsights_skip_tracking":false,"_monsterinsights_sitenote_active":false,"_monsterinsights_sitenote_note":"","_monsterinsights_sitenote_category":0},"product_brand":[],"product_cat":[84,350],"product_tag":[],"class_list":{"0":"post-210238","1":"product","2":"type-product","3":"status-publish","4":"has-post-thumbnail","6":"product_cat-sociologia","7":"product_cat-sociologia-2_humanidades","9":"first","10":"outofstock","11":"taxable","12":"shipping-taxable","13":"purchasable","14":"product-type-simple"},"acf":{"autor":"LACHMAN, GARY","codart":"841669463","libros-coleccion":"SUSHI BOOKS","ediciones":"1","encuadernacion":"Carton\u00e9","fecha_de_publicacion":"01\/05\/2017","novedad":"1","paginas":"320","subtitulo":"","orden":"0","portada":"0","idioma":"spa","editorial":[{"ID":148472,"post_author":"3","post_date":"2022-10-14 11:58:30","post_date_gmt":"2022-10-14 09:58:30","post_content":"","post_title":"Luci\u00e9rnaga","post_excerpt":"","post_status":"publish","comment_status":"closed","ping_status":"closed","post_password":"","post_name":"luciernaga","to_ping":"","pinged":"","post_modified":"2022-10-14 11:58:30","post_modified_gmt":"2022-10-14 09:58:30","post_content_filtered":"","post_parent":0,"guid":"http:\/\/dev.claret.cat\/editorial\/luciernaga\/","menu_order":0,"post_type":"editorial","post_mime_type":"","comment_count":"0","filter":"raw"}],"autores-libros":[{"ID":5504,"post_author":"3","post_date":"2022-07-28 17:25:24","post_date_gmt":"2022-07-28 15:25:24","post_content":"","post_title":"GARY LACHMAN","post_excerpt":"","post_status":"publish","comment_status":"closed","ping_status":"closed","post_password":"","post_name":"gary-lachman","to_ping":"","pinged":"","post_modified":"2022-07-28 17:25:24","post_modified_gmt":"2022-07-28 15:25:24","post_content_filtered":"","post_parent":0,"guid":"http:\/\/dev.claret.cat\/autor\/gary-lachman\/","menu_order":0,"post_type":"autor","post_mime_type":"","comment_count":"0","filter":"raw"}],"booktrailer":"","resenas":""},"aioseo_notices":[],"_links":{"self":[{"href":"https:\/\/www.claret.cat\/es\/wp-json\/wp\/v2\/product\/210238","targetHints":{"allow":["GET"]}}],"collection":[{"href":"https:\/\/www.claret.cat\/es\/wp-json\/wp\/v2\/product"}],"about":[{"href":"https:\/\/www.claret.cat\/es\/wp-json\/wp\/v2\/types\/product"}],"wp:featuredmedia":[{"embeddable":true,"href":"https:\/\/www.claret.cat\/es\/wp-json\/wp\/v2\/media\/1048069"}],"wp:attachment":[{"href":"https:\/\/www.claret.cat\/es\/wp-json\/wp\/v2\/media?parent=210238"}],"wp:term":[{"taxonomy":"product_brand","embeddable":true,"href":"https:\/\/www.claret.cat\/es\/wp-json\/wp\/v2\/product_brand?post=210238"},{"taxonomy":"product_cat","embeddable":true,"href":"https:\/\/www.claret.cat\/es\/wp-json\/wp\/v2\/product_cat?post=210238"},{"taxonomy":"product_tag","embeddable":true,"href":"https:\/\/www.claret.cat\/es\/wp-json\/wp\/v2\/product_tag?post=210238"}],"curies":[{"name":"wp","href":"https:\/\/api.w.org\/{rel}","templated":true}]}}