{"id":210274,"date":"2022-10-20T11:51:08","date_gmt":"2022-10-20T09:51:08","guid":{"rendered":"http:\/\/dev.claret.cat\/producte\/orgullo-y-prejuicio-alfaguara-clasicos\/"},"modified":"2023-01-28T19:36:38","modified_gmt":"2023-01-28T18:36:38","slug":"orgullo-y-prejuicio-alfaguara-clasicos-9788420485331","status":"publish","type":"product","link":"https:\/\/www.claret.cat\/es\/libro\/orgullo-y-prejuicio-alfaguara-clasicos-9788420485331\/","title":{"rendered":"ORGULLO Y PREJUICIO (ALFAGUARA CL\u00c1SICOS)"},"content":{"rendered":"<p>Fabulosa edici\u00f3n ilustrada de Alfaguara Cl\u00e1sicos de Orgullo y prejuicio de Jane Austen, una de las historias de amor m\u00e1s hipnotizantes de la historia y un cl\u00e1sico de la literatura mundial. La familia Bennet tiene cinco hijas, as\u00ed que la llegada a la zona de  Mr. Bingley, un joven acaudalado y soltero, es toda una novedad.  Mientras Mr. Bingley se enamora de Jane, la mayor de las hermanas, el  altivo Mr. Darcy y la jovial Elizabeth pronto se enzarzan en una serie de desdenes y malentendidos que deber\u00e1n reconocer y afrontar para poder lograr la felicidad. Cl\u00e1sicos inolvidables para disfrutar, compartir y dejarse llevar por la imaginaci\u00f3n.<\/p>\n","protected":false},"excerpt":{"rendered":"<p>JANE AUSTEN<\/p>\n","protected":false},"featured_media":210275,"template":"","meta":{"_acf_changed":false,"om_disable_all_campaigns":false,"rs_blank_template":"","rs_page_bg_color":"","slide_template_v7":"","inline_featured_image":false,"_monsterinsights_skip_tracking":false,"_monsterinsights_sitenote_active":false,"_monsterinsights_sitenote_note":"","_monsterinsights_sitenote_category":0},"product_brand":[],"product_cat":[87],"product_tag":[],"class_list":{"0":"post-210274","1":"product","2":"type-product","3":"status-publish","4":"has-post-thumbnail","6":"product_cat-literatura","8":"first","9":"instock","10":"taxable","11":"shipping-taxable","12":"purchasable","13":"product-type-simple"},"acf":{"autor":"JANE AUSTEN","codart":"842048533","libros-coleccion":"FORA DE COL.LECCI\u00d3","ediciones":"1","encuadernacion":"Carton\u00e9","fecha_de_publicacion":"01\/05\/2017","novedad":"1","paginas":"448","subtitulo":"","orden":"0","portada":"0","idioma":"spa","editorial":[{"ID":6118,"post_author":"3","post_date":"2022-07-28 17:45:17","post_date_gmt":"2022-07-28 15:45:17","post_content":"","post_title":"ALFAGUARA","post_excerpt":"","post_status":"publish","comment_status":"closed","ping_status":"closed","post_password":"","post_name":"alfaguara","to_ping":"","pinged":"","post_modified":"2022-07-28 17:45:17","post_modified_gmt":"2022-07-28 15:45:17","post_content_filtered":"","post_parent":0,"guid":"http:\/\/dev.claret.cat\/editorial\/alfaguara\/","menu_order":0,"post_type":"editorial","post_mime_type":"","comment_count":"0","filter":"raw"}],"autores-libros":[{"ID":158487,"post_author":"3","post_date":"2022-10-14 15:37:14","post_date_gmt":"2022-10-14 13:37:14","post_content":"","post_title":"JANE AUSTEN","post_excerpt":"","post_status":"publish","comment_status":"closed","ping_status":"closed","post_password":"","post_name":"jane-austen-2","to_ping":"","pinged":"","post_modified":"2022-10-14 15:37:14","post_modified_gmt":"2022-10-14 13:37:14","post_content_filtered":"","post_parent":0,"guid":"http:\/\/dev.claret.cat\/autor\/jane-austen-2\/","menu_order":0,"post_type":"autor","post_mime_type":"","comment_count":"0","filter":"raw"}]},"aioseo_notices":[],"_links":{"self":[{"href":"https:\/\/www.claret.cat\/es\/wp-json\/wp\/v2\/product\/210274","targetHints":{"allow":["GET"]}}],"collection":[{"href":"https:\/\/www.claret.cat\/es\/wp-json\/wp\/v2\/product"}],"about":[{"href":"https:\/\/www.claret.cat\/es\/wp-json\/wp\/v2\/types\/product"}],"wp:featuredmedia":[{"embeddable":true,"href":"https:\/\/www.claret.cat\/es\/wp-json\/wp\/v2\/media\/210275"}],"wp:attachment":[{"href":"https:\/\/www.claret.cat\/es\/wp-json\/wp\/v2\/media?parent=210274"}],"wp:term":[{"taxonomy":"product_brand","embeddable":true,"href":"https:\/\/www.claret.cat\/es\/wp-json\/wp\/v2\/product_brand?post=210274"},{"taxonomy":"product_cat","embeddable":true,"href":"https:\/\/www.claret.cat\/es\/wp-json\/wp\/v2\/product_cat?post=210274"},{"taxonomy":"product_tag","embeddable":true,"href":"https:\/\/www.claret.cat\/es\/wp-json\/wp\/v2\/product_tag?post=210274"}],"curies":[{"name":"wp","href":"https:\/\/api.w.org\/{rel}","templated":true}]}}