{"id":210280,"date":"2022-10-20T11:51:15","date_gmt":"2022-10-20T09:51:15","guid":{"rendered":"http:\/\/dev.claret.cat\/producte\/mil-maneras-de-perderte-y-solo-una-de-encontrarte-coleccion-blackbirds\/"},"modified":"2023-01-28T13:11:09","modified_gmt":"2023-01-28T12:11:09","slug":"mil-maneras-de-perderte-y-solo-una-de-encontrarte-coleccion-blackbirds-9788420485980","status":"publish","type":"product","link":"https:\/\/www.claret.cat\/es\/libro\/mil-maneras-de-perderte-y-solo-una-de-encontrarte-coleccion-blackbirds-9788420485980\/","title":{"rendered":"MIL MANERAS DE PERDERTE Y SOLO UNA DE ENCONTRARTE (COLECCI\u00d3N #BLACKBIRDS)"},"content":{"rendered":"<p>Mil maneras de perderte y solo una de encontrarte es un Atlas  emocional imprescindible para quienes necesitan encontrarse, escrito por  Vicky Grande (@stay_unbroken20) e ilustrado por Fernando Cobelo (@fernandocobelo).Y despu\u00e9s de tanto tiempo busc\u00e1ndote, de a\u00f1os pensando que no encajabas en ninguna parte, te encuentras.Das con aquello que te llena, a lo que te quieres dedicar y con lo  que te gustar\u00eda ganarte la vida. Das con las personas adecuadas, con las que quieres seguir descubriendo mundos. Das con ese sitio que lleva tu nombre grabado a fuego. Das con nuevas partidas en las que la vida se empe\u00f1a en ganarte. Y  decides pararte, pero nunca detenerte. Eliges la paciencia  y no la  prisa, la ilusi\u00f3n del juego en vez de la arrogancia. Decides seguir tirando el dado en vez de darlo todo por perdido.Y as\u00ed, superando ca\u00eddas, rompiendo muros y luchando sin descanso, consigues dar contigo. #BlackBirds es una nueva colecci\u00f3n de esp\u00edritu indie y juvenil: libros  que son peque\u00f1as obras de arte, refugios \u00edntimos y caprichos. Con contenido de no-ficci\u00f3n moderno: poes\u00eda, microcuentos, reflexiones, diarios; un dise\u00f1o rompedor y la colaboraci\u00f3n de conocidos ilustradores, bloggeros e instagrammers, ser\u00e1n los libros que todos querremos tener, leer y atesorar. #BlackBirds son un capricho en tapa dura. Libros irresistibles para leer, guardar y compartir.<\/p>\n","protected":false},"excerpt":{"rendered":"<p>VICKY GRANDE<\/p>\n","protected":false},"featured_media":210281,"template":"","meta":{"_acf_changed":false,"om_disable_all_campaigns":false,"rs_blank_template":"","rs_page_bg_color":"","slide_template_v7":"","inline_featured_image":false,"_monsterinsights_skip_tracking":false,"_monsterinsights_sitenote_active":false,"_monsterinsights_sitenote_note":"","_monsterinsights_sitenote_category":0},"product_brand":[],"product_cat":[86],"product_tag":[],"class_list":{"0":"post-210280","1":"product","2":"type-product","3":"status-publish","4":"has-post-thumbnail","6":"product_cat-infantil","8":"first","9":"instock","10":"taxable","11":"shipping-taxable","12":"purchasable","13":"product-type-simple"},"acf":{"autor":"VICKY GRANDE","codart":"842048598","libros-coleccion":"BLACKBIRDS","ediciones":"1","encuadernacion":"Carton\u00e9","fecha_de_publicacion":"01\/05\/2017","novedad":"1","paginas":"185","subtitulo":"","orden":"0","portada":"0","idioma":"spa","editorial":[{"ID":6118,"post_author":"3","post_date":"2022-07-28 17:45:17","post_date_gmt":"2022-07-28 15:45:17","post_content":"","post_title":"ALFAGUARA","post_excerpt":"","post_status":"publish","comment_status":"closed","ping_status":"closed","post_password":"","post_name":"alfaguara","to_ping":"","pinged":"","post_modified":"2022-07-28 17:45:17","post_modified_gmt":"2022-07-28 15:45:17","post_content_filtered":"","post_parent":0,"guid":"http:\/\/dev.claret.cat\/editorial\/alfaguara\/","menu_order":0,"post_type":"editorial","post_mime_type":"","comment_count":"0","filter":"raw"}]},"aioseo_notices":[],"_links":{"self":[{"href":"https:\/\/www.claret.cat\/es\/wp-json\/wp\/v2\/product\/210280","targetHints":{"allow":["GET"]}}],"collection":[{"href":"https:\/\/www.claret.cat\/es\/wp-json\/wp\/v2\/product"}],"about":[{"href":"https:\/\/www.claret.cat\/es\/wp-json\/wp\/v2\/types\/product"}],"wp:featuredmedia":[{"embeddable":true,"href":"https:\/\/www.claret.cat\/es\/wp-json\/wp\/v2\/media\/210281"}],"wp:attachment":[{"href":"https:\/\/www.claret.cat\/es\/wp-json\/wp\/v2\/media?parent=210280"}],"wp:term":[{"taxonomy":"product_brand","embeddable":true,"href":"https:\/\/www.claret.cat\/es\/wp-json\/wp\/v2\/product_brand?post=210280"},{"taxonomy":"product_cat","embeddable":true,"href":"https:\/\/www.claret.cat\/es\/wp-json\/wp\/v2\/product_cat?post=210280"},{"taxonomy":"product_tag","embeddable":true,"href":"https:\/\/www.claret.cat\/es\/wp-json\/wp\/v2\/product_tag?post=210280"}],"curies":[{"name":"wp","href":"https:\/\/api.w.org\/{rel}","templated":true}]}}