{"id":210358,"date":"2022-10-20T11:52:35","date_gmt":"2022-10-20T09:52:35","guid":{"rendered":"http:\/\/dev.claret.cat\/producte\/el-bebe-jirafa\/"},"modified":"2024-04-29T17:02:30","modified_gmt":"2024-04-29T15:02:30","slug":"el-bebe-jirafa-9788491420620","status":"publish","type":"product","link":"https:\/\/www.claret.cat\/es\/libro\/el-bebe-jirafa-9788491420620\/","title":{"rendered":"EL BEB\u00c9 JIRAFA"},"content":{"rendered":"<p>La sabana est\u00e1 de enhorabuena: \u00a1ha nacido una peque\u00f1a jirafa! Descubre, a trav\u00e9s de una divertida histoia, los primeros pasos de un adorable beb\u00e9 jirafa. Despu\u00e9s, monta el bonito puzle que encontrar\u00e1s en la \u00faltima p\u00e1gina del libo.<\/p>\n","protected":false},"excerpt":{"rendered":"<p>BONCENS, CHRISTOPHE<\/p>\n","protected":false},"featured_media":320736,"template":"","meta":{"_acf_changed":false,"om_disable_all_campaigns":false,"rs_blank_template":"","rs_page_bg_color":"","slide_template_v7":"","inline_featured_image":false,"_monsterinsights_skip_tracking":false,"_monsterinsights_sitenote_active":false,"_monsterinsights_sitenote_note":"","_monsterinsights_sitenote_category":0},"product_brand":[],"product_cat":[86,352],"product_tag":[],"class_list":{"0":"post-210358","1":"product","2":"type-product","3":"status-publish","4":"has-post-thumbnail","6":"product_cat-infantil","7":"product_cat-infantil-3_infantil-juvenil-spa","9":"first","10":"instock","11":"taxable","12":"shipping-taxable","13":"purchasable","14":"product-type-simple"},"acf":{"autor":"BONCENS, CHRISTOPHE","codart":"849142062","libros-coleccion":"SUSHI BOOKS","ediciones":"1","encuadernacion":"Carton\u00e9","fecha_de_publicacion":"01\/05\/2017","novedad":"1","paginas":"12","subtitulo":"","orden":"0","portada":"0","idioma":"spa","editorial":[{"ID":147395,"post_author":"3","post_date":"2022-10-14 11:50:15","post_date_gmt":"2022-10-14 09:50:15","post_content":"","post_title":"ALGAR EDITORIAL","post_excerpt":"","post_status":"publish","comment_status":"closed","ping_status":"closed","post_password":"","post_name":"algar-editorial","to_ping":"","pinged":"","post_modified":"2022-10-14 11:50:15","post_modified_gmt":"2022-10-14 09:50:15","post_content_filtered":"","post_parent":0,"guid":"http:\/\/dev.claret.cat\/editorial\/algar-editorial\/","menu_order":0,"post_type":"editorial","post_mime_type":"","comment_count":"0","filter":"raw"}],"autores-libros":[{"ID":317238,"post_author":"3","post_date":"2023-01-02 19:56:48","post_date_gmt":"2023-01-02 18:56:48","post_content":"","post_title":"CHRISTOPHE BONCENS","post_excerpt":"","post_status":"publish","comment_status":"closed","ping_status":"closed","post_password":"","post_name":"christophe-boncens","to_ping":"","pinged":"","post_modified":"2023-01-02 19:56:48","post_modified_gmt":"2023-01-02 18:56:48","post_content_filtered":"","post_parent":0,"guid":"https:\/\/www.claret.cat\/autor\/christophe-boncens\/","menu_order":0,"post_type":"autor","post_mime_type":"","comment_count":"0","filter":"raw"}]},"aioseo_notices":[],"_links":{"self":[{"href":"https:\/\/www.claret.cat\/es\/wp-json\/wp\/v2\/product\/210358","targetHints":{"allow":["GET"]}}],"collection":[{"href":"https:\/\/www.claret.cat\/es\/wp-json\/wp\/v2\/product"}],"about":[{"href":"https:\/\/www.claret.cat\/es\/wp-json\/wp\/v2\/types\/product"}],"wp:featuredmedia":[{"embeddable":true,"href":"https:\/\/www.claret.cat\/es\/wp-json\/wp\/v2\/media\/320736"}],"wp:attachment":[{"href":"https:\/\/www.claret.cat\/es\/wp-json\/wp\/v2\/media?parent=210358"}],"wp:term":[{"taxonomy":"product_brand","embeddable":true,"href":"https:\/\/www.claret.cat\/es\/wp-json\/wp\/v2\/product_brand?post=210358"},{"taxonomy":"product_cat","embeddable":true,"href":"https:\/\/www.claret.cat\/es\/wp-json\/wp\/v2\/product_cat?post=210358"},{"taxonomy":"product_tag","embeddable":true,"href":"https:\/\/www.claret.cat\/es\/wp-json\/wp\/v2\/product_tag?post=210358"}],"curies":[{"name":"wp","href":"https:\/\/api.w.org\/{rel}","templated":true}]}}