{"id":210391,"date":"2022-10-20T11:53:08","date_gmt":"2022-10-20T09:53:08","guid":{"rendered":"http:\/\/dev.claret.cat\/producte\/berlin-de-cerca-5\/"},"modified":"2023-01-28T11:57:25","modified_gmt":"2023-01-28T10:57:25","slug":"berlin-de-cerca-5-9788408165033","status":"publish","type":"product","link":"https:\/\/www.claret.cat\/es\/libro\/berlin-de-cerca-5-9788408165033\/","title":{"rendered":"BERL\u00cdN DE CERCA 5"},"content":{"rendered":"<p>Berl\u00edn es una ciudad vibrante, que disfruta constantemente de un aut\u00e9ntico buf\u00e9 de libertad bien cargado de vitalidad. La energ\u00eda contagiosa que inunda sus bares, cafeter\u00edas y discotecas, obliga a ser cauto y repartir el tiempo entre tiendas independientes, restaurantes modernos, fant\u00e1sticos museos y monumentos sorprendentes. Todos ellos reflejan a la perfecci\u00f3n la fascinante historia de la ciudad y su espectacular crecimiento. Y es que Berl\u00edn brinda al viajero un sinf\u00edn de momentos memorables.<\/p>\n","protected":false},"excerpt":{"rendered":"<p>SCHULTE-PEEVERS, ANDREA<\/p>\n","protected":false},"featured_media":210392,"template":"","meta":{"_acf_changed":false,"om_disable_all_campaigns":false,"rs_blank_template":"","rs_page_bg_color":"","slide_template_v7":"","inline_featured_image":false,"_monsterinsights_skip_tracking":false,"_monsterinsights_sitenote_active":false,"_monsterinsights_sitenote_note":"","_monsterinsights_sitenote_category":0},"product_brand":[],"product_cat":[107],"product_tag":[],"class_list":{"0":"post-210391","1":"product","2":"type-product","3":"status-publish","4":"has-post-thumbnail","6":"product_cat-guies-de-viatge","8":"first","9":"instock","10":"taxable","11":"shipping-taxable","12":"purchasable","13":"product-type-simple"},"acf":{"autor":"SCHULTE-PEEVERS, ANDREA","codart":"840816503","libros-coleccion":"FORA DE COL.LECCI\u00d3","ediciones":"1","encuadernacion":"R\u00fastica","fecha_de_publicacion":"01\/05\/2017","novedad":"1","paginas":"192","subtitulo":"","orden":"0","portada":"0","idioma":"spa","editorial":[{"ID":148207,"post_author":"3","post_date":"2022-10-14 11:56:28","post_date_gmt":"2022-10-14 09:56:28","post_content":"","post_title":"GeoPlaneta","post_excerpt":"","post_status":"publish","comment_status":"closed","ping_status":"closed","post_password":"","post_name":"geoplaneta","to_ping":"","pinged":"","post_modified":"2022-10-14 11:56:28","post_modified_gmt":"2022-10-14 09:56:28","post_content_filtered":"","post_parent":0,"guid":"http:\/\/dev.claret.cat\/editorial\/geoplaneta\/","menu_order":0,"post_type":"editorial","post_mime_type":"","comment_count":"0","filter":"raw"}],"autores-libros":[{"ID":150239,"post_author":"3","post_date":"2022-10-14 14:31:21","post_date_gmt":"2022-10-14 12:31:21","post_content":"","post_title":"ANDREA SCHULTE-PEEVERS","post_excerpt":"","post_status":"publish","comment_status":"closed","ping_status":"closed","post_password":"","post_name":"andrea-schulte-peevers","to_ping":"","pinged":"","post_modified":"2022-10-14 14:31:21","post_modified_gmt":"2022-10-14 12:31:21","post_content_filtered":"","post_parent":0,"guid":"http:\/\/dev.claret.cat\/autor\/andrea-schulte-peevers\/","menu_order":0,"post_type":"autor","post_mime_type":"","comment_count":"0","filter":"raw"}]},"aioseo_notices":[],"_links":{"self":[{"href":"https:\/\/www.claret.cat\/es\/wp-json\/wp\/v2\/product\/210391","targetHints":{"allow":["GET"]}}],"collection":[{"href":"https:\/\/www.claret.cat\/es\/wp-json\/wp\/v2\/product"}],"about":[{"href":"https:\/\/www.claret.cat\/es\/wp-json\/wp\/v2\/types\/product"}],"wp:featuredmedia":[{"embeddable":true,"href":"https:\/\/www.claret.cat\/es\/wp-json\/wp\/v2\/media\/210392"}],"wp:attachment":[{"href":"https:\/\/www.claret.cat\/es\/wp-json\/wp\/v2\/media?parent=210391"}],"wp:term":[{"taxonomy":"product_brand","embeddable":true,"href":"https:\/\/www.claret.cat\/es\/wp-json\/wp\/v2\/product_brand?post=210391"},{"taxonomy":"product_cat","embeddable":true,"href":"https:\/\/www.claret.cat\/es\/wp-json\/wp\/v2\/product_cat?post=210391"},{"taxonomy":"product_tag","embeddable":true,"href":"https:\/\/www.claret.cat\/es\/wp-json\/wp\/v2\/product_tag?post=210391"}],"curies":[{"name":"wp","href":"https:\/\/api.w.org\/{rel}","templated":true}]}}