{"id":210484,"date":"2022-10-20T11:54:47","date_gmt":"2022-10-20T09:54:47","guid":{"rendered":"http:\/\/dev.claret.cat\/producte\/a-la-guerra-con-satan-la-iglesia-del-juicio-final-el-proceso\/"},"modified":"2026-03-06T17:42:33","modified_gmt":"2026-03-06T16:42:33","slug":"a-la-guerra-con-satan-la-iglesia-del-juicio-final-el-proceso-9788494619755","status":"publish","type":"product","link":"https:\/\/www.claret.cat\/es\/libro\/a-la-guerra-con-satan-la-iglesia-del-juicio-final-el-proceso-9788494619755\/","title":{"rendered":"A LA GUERRA CON SAT\u00c1N. LA IGLESIA DEL JUICIO FINAL &amp; EL PROCESO"},"content":{"rendered":"<p>A finales de 1967, en las calles del activo barrio hippie del Haight-Ashbury de San Francisco, era habitual cruzarse con extra\u00f1os personajes ataviados con capas negras y crucifijos de plata, acompa\u00f1ados de perros pastores alemanes. Sin lugar a dudas, El Proceso, tambi\u00e9n conocido como La Iglesia del Juicio Final, fue uno de los cultos m\u00e1s curiosos y salvajes de todo el siglo pasado. Su lujosa revista, llena de invocaciones a la conflicto b\u00e9lico, el asesinato y la reconciliaci\u00f3n entre Satan\u00e1s y Cristo, atrajo durante un tiempo a figuras como Mick Jagger, Marianne Faithfull o George Clinton. Tambi\u00e9n se lleg\u00f3 a comentar que Charles Manson fue seguidor de El Proceso e incluso que Sirhan Sirhan, el asesino del candidato Robert F. Kennedy, fue inspirado por el culto. Edici\u00f3n revisada y con pr\u00f3logo de Dwid Hellion<\/p>\n","protected":false},"excerpt":{"rendered":"<p>HELLION DE INTEGRITY, DWID<\/p>\n","protected":false},"featured_media":1088416,"template":"","meta":{"_acf_changed":false,"om_disable_all_campaigns":false,"rs_blank_template":"","rs_page_bg_color":"","slide_template_v7":"","inline_featured_image":false,"_monsterinsights_skip_tracking":false,"_monsterinsights_sitenote_active":false,"_monsterinsights_sitenote_note":"","_monsterinsights_sitenote_category":0},"product_brand":[],"product_cat":[541,91,544,94,350,84],"product_tag":[],"class_list":{"0":"post-210484","1":"product","2":"type-product","3":"status-publish","4":"has-post-thumbnail","6":"product_cat-cristologia-1_espiritualidad-spa","7":"product_cat-cristologia","8":"product_cat-religiones","9":"product_cat-religions","10":"product_cat-sociologia-2_humanidades","11":"product_cat-sociologia","13":"first","14":"outofstock","15":"taxable","16":"shipping-taxable","17":"purchasable","18":"product-type-simple"},"acf":{"autor":"HELLION DE INTEGRITY, DWID","codart":"849461975","libros-coleccion":"SUSHI BOOKS","ediciones":"1","encuadernacion":"Carpeta","fecha_de_publicacion":"01\/05\/2017","novedad":"1","paginas":"269","subtitulo":"","orden":"0","portada":"0","idioma":"spa","booktrailer":"","resenas":"","editorial":[{"ID":262222,"post_author":"3","post_date":"2022-10-24 11:21:32","post_date_gmt":"2022-10-24 09:21:32","post_content":"","post_title":"LA FELGUERA","post_excerpt":"","post_status":"publish","comment_status":"closed","ping_status":"closed","post_password":"","post_name":"la-felguera","to_ping":"","pinged":"","post_modified":"2022-10-24 11:21:32","post_modified_gmt":"2022-10-24 09:21:32","post_content_filtered":"","post_parent":0,"guid":"http:\/\/dev.claret.cat\/editorial\/la-felguera\/","menu_order":0,"post_type":"editorial","post_mime_type":"","comment_count":"0","filter":"raw"}],"autores-libros":[{"ID":422005,"post_author":"3","post_date":"2023-05-16 07:09:58","post_date_gmt":"2023-05-16 05:09:58","post_content":"","post_title":"DWID HELLION DE INTEGRITY","post_excerpt":"","post_status":"publish","comment_status":"closed","ping_status":"closed","post_password":"","post_name":"dwid-hellion-de-integrity","to_ping":"","pinged":"","post_modified":"2023-05-16 07:09:58","post_modified_gmt":"2023-05-16 05:09:58","post_content_filtered":"","post_parent":0,"guid":"https:\/\/www.claret.cat\/autor\/dwid-hellion-de-integrity\/","menu_order":0,"post_type":"autor","post_mime_type":"","comment_count":"0","filter":"raw"}]},"aioseo_notices":[],"_links":{"self":[{"href":"https:\/\/www.claret.cat\/es\/wp-json\/wp\/v2\/product\/210484","targetHints":{"allow":["GET"]}}],"collection":[{"href":"https:\/\/www.claret.cat\/es\/wp-json\/wp\/v2\/product"}],"about":[{"href":"https:\/\/www.claret.cat\/es\/wp-json\/wp\/v2\/types\/product"}],"wp:featuredmedia":[{"embeddable":true,"href":"https:\/\/www.claret.cat\/es\/wp-json\/wp\/v2\/media\/1088416"}],"wp:attachment":[{"href":"https:\/\/www.claret.cat\/es\/wp-json\/wp\/v2\/media?parent=210484"}],"wp:term":[{"taxonomy":"product_brand","embeddable":true,"href":"https:\/\/www.claret.cat\/es\/wp-json\/wp\/v2\/product_brand?post=210484"},{"taxonomy":"product_cat","embeddable":true,"href":"https:\/\/www.claret.cat\/es\/wp-json\/wp\/v2\/product_cat?post=210484"},{"taxonomy":"product_tag","embeddable":true,"href":"https:\/\/www.claret.cat\/es\/wp-json\/wp\/v2\/product_tag?post=210484"}],"curies":[{"name":"wp","href":"https:\/\/api.w.org\/{rel}","templated":true}]}}