{"id":210607,"date":"2022-10-20T11:57:24","date_gmt":"2022-10-20T09:57:24","guid":{"rendered":"http:\/\/dev.claret.cat\/producte\/juego-buscadores\/"},"modified":"2026-04-07T12:20:19","modified_gmt":"2026-04-07T10:20:19","slug":"juego-buscadores-9786557630266","status":"publish","type":"product","link":"https:\/\/www.claret.cat\/es\/libro\/juego-buscadores-9786557630266\/","title":{"rendered":"JUEGO BUSCADORES"},"content":{"rendered":"<p>Un entretenid\u00edsimo juego para buscar objetos relacionados con la fe y desubrir su significado. Ideal para familias, educadores y catequistas con el que, adem\u00e1s de jugar, se puede transmitir la fe de forma f\u00e1cil y amena a los m\u00e1s ni\u00f1os.<\/p>\n","protected":false},"excerpt":{"rendered":"<p>CREO<\/p>\n","protected":false},"featured_media":210608,"template":"","meta":{"_acf_changed":false,"om_disable_all_campaigns":false,"rs_blank_template":"","rs_page_bg_color":"","slide_template_v7":"","inline_featured_image":false,"_monsterinsights_skip_tracking":false,"_monsterinsights_sitenote_active":false,"_monsterinsights_sitenote_note":"","_monsterinsights_sitenote_category":0},"product_brand":[],"product_cat":[77,343,352,86],"product_tag":[],"class_list":{"0":"post-210607","1":"product","2":"type-product","3":"status-publish","4":"has-post-thumbnail","6":"product_cat-catequesi","7":"product_cat-catequesis","8":"product_cat-infantil-3_infantil-juvenil-spa","9":"product_cat-infantil","11":"first","12":"instock","13":"taxable","14":"shipping-taxable","15":"purchasable","16":"product-type-simple"},"acf":{"autor":"CREO","codart":"655763026","libros-coleccion":"","ediciones":"1","encuadernacion":"R\u00fastica","fecha_de_publicacion":"26\/04\/2017","novedad":"1","paginas":"1","subtitulo":"BUSCAD Y HALLAR\u00c9IS : Mateo 7,7","orden":"0","portada":"0","idioma":"spa","editorial":[{"ID":147673,"post_author":"3","post_date":"2022-10-14 11:52:22","post_date_gmt":"2022-10-14 09:52:22","post_content":"","post_title":"CREO","post_excerpt":"","post_status":"publish","comment_status":"closed","ping_status":"closed","post_password":"","post_name":"creo","to_ping":"","pinged":"","post_modified":"2022-10-14 11:52:22","post_modified_gmt":"2022-10-14 09:52:22","post_content_filtered":"","post_parent":0,"guid":"http:\/\/dev.claret.cat\/editorial\/creo\/","menu_order":0,"post_type":"editorial","post_mime_type":"","comment_count":"0","filter":"raw"}],"autores-libros":[{"ID":153281,"post_author":"3","post_date":"2022-10-14 14:55:31","post_date_gmt":"2022-10-14 12:55:31","post_content":"","post_title":"CREO","post_excerpt":"","post_status":"publish","comment_status":"closed","ping_status":"closed","post_password":"","post_name":"creo","to_ping":"","pinged":"","post_modified":"2022-10-14 14:55:31","post_modified_gmt":"2022-10-14 12:55:31","post_content_filtered":"","post_parent":0,"guid":"http:\/\/dev.claret.cat\/autor\/creo\/","menu_order":0,"post_type":"autor","post_mime_type":"","comment_count":"0","filter":"raw"}],"booktrailer":"","resenas":""},"aioseo_notices":[],"_links":{"self":[{"href":"https:\/\/www.claret.cat\/es\/wp-json\/wp\/v2\/product\/210607","targetHints":{"allow":["GET"]}}],"collection":[{"href":"https:\/\/www.claret.cat\/es\/wp-json\/wp\/v2\/product"}],"about":[{"href":"https:\/\/www.claret.cat\/es\/wp-json\/wp\/v2\/types\/product"}],"wp:featuredmedia":[{"embeddable":true,"href":"https:\/\/www.claret.cat\/es\/wp-json\/wp\/v2\/media\/210608"}],"wp:attachment":[{"href":"https:\/\/www.claret.cat\/es\/wp-json\/wp\/v2\/media?parent=210607"}],"wp:term":[{"taxonomy":"product_brand","embeddable":true,"href":"https:\/\/www.claret.cat\/es\/wp-json\/wp\/v2\/product_brand?post=210607"},{"taxonomy":"product_cat","embeddable":true,"href":"https:\/\/www.claret.cat\/es\/wp-json\/wp\/v2\/product_cat?post=210607"},{"taxonomy":"product_tag","embeddable":true,"href":"https:\/\/www.claret.cat\/es\/wp-json\/wp\/v2\/product_tag?post=210607"}],"curies":[{"name":"wp","href":"https:\/\/api.w.org\/{rel}","templated":true}]}}