{"id":210724,"date":"2022-10-20T11:59:34","date_gmt":"2022-10-20T09:59:34","guid":{"rendered":"http:\/\/dev.claret.cat\/producte\/maldito-el-que-cuelga-de-un-madero\/"},"modified":"2024-05-22T23:20:12","modified_gmt":"2024-05-22T21:20:12","slug":"maldito-el-que-cuelga-de-un-madero-9788497153713","status":"publish","type":"product","link":"https:\/\/www.claret.cat\/es\/libro\/maldito-el-que-cuelga-de-un-madero-9788497153713\/","title":{"rendered":"MALDITO EL QUE CUELGA DE UN MADERO"},"content":{"rendered":"<p>El grito de Jesucristo en la cruz \u2013\u00abDios m\u00edo, Dios m\u00edo \u00bfpor qu\u00e9 me has abandonado?\u00bb\u2013 ha originado siempre un fervoroso inter\u00e9s en el pensamiento cristiano y entre los estudiosos.<br \/>G\u00e9rard Ross\u00e9, nuestro autor, afronta el estudio acerca de este grito de abandono ley\u00e9ndolo en un contexto hist\u00f3rico extenso, que incluye lo que Pablo llama \u00abel esc\u00e1ndalo de la cruz\u00bb, el mismo esc\u00e1ndalo que concluye la redacci\u00f3n del relato primitivo de la pasi\u00f3n que recogi\u00f3 Marcos en la composici\u00f3n de su Evangelio. \u00danicamente en un contexto hist\u00f3rico parecido pod\u00eda hacerse un relato de la pasi\u00f3n que tiene su instante \u00e1lgido en aquel grito del abandono, tomado del salmo 22, que no conoce otro parecido.<\/p>\n","protected":false},"excerpt":{"rendered":"<p>ROSS\u00c9, G\u00c9RARD<\/p>\n","protected":false},"featured_media":387905,"template":"","meta":{"_acf_changed":false,"om_disable_all_campaigns":false,"rs_blank_template":"","rs_page_bg_color":"","slide_template_v7":"","inline_featured_image":false,"_monsterinsights_skip_tracking":false,"_monsterinsights_sitenote_active":false,"_monsterinsights_sitenote_note":"","_monsterinsights_sitenote_category":0},"product_brand":[],"product_cat":[75,341,345,79],"product_tag":[],"class_list":{"0":"post-210724","1":"product","2":"type-product","3":"status-publish","4":"has-post-thumbnail","6":"product_cat-biblia","7":"product_cat-biblia-es","8":"product_cat-espiritualidad","9":"product_cat-espiritualitat","11":"first","12":"instock","13":"taxable","14":"shipping-taxable","15":"purchasable","16":"product-type-simple"},"acf":{"autor":"ROSS\u00c9, G\u00c9RARD","codart":"849715371","libros-coleccion":"","ediciones":"1","encuadernacion":"R\u00fastica","fecha_de_publicacion":"12\/04\/2017","novedad":"1","paginas":"104","subtitulo":"EL ESC\u00c1NDALO DE LA CRUZ EN PABLO Y EN MARCOS","orden":"0","portada":"0","idioma":"spa","editorial":[{"ID":6157,"post_author":"3","post_date":"2022-07-28 17:46:07","post_date_gmt":"2022-07-28 15:46:07","post_content":"","post_title":"Ciudad Nueva","post_excerpt":"","post_status":"publish","comment_status":"closed","ping_status":"closed","post_password":"","post_name":"ciudad-nueva","to_ping":"","pinged":"","post_modified":"2022-07-28 17:46:07","post_modified_gmt":"2022-07-28 15:46:07","post_content_filtered":"","post_parent":0,"guid":"http:\/\/dev.claret.cat\/editorial\/ciudad-nueva\/","menu_order":0,"post_type":"editorial","post_mime_type":"","comment_count":"0","filter":"raw"}],"autores-libros":[{"ID":363913,"post_author":"3","post_date":"2023-01-15 12:59:38","post_date_gmt":"2023-01-15 11:59:38","post_content":"","post_title":"GERARD ROSSE","post_excerpt":"","post_status":"publish","comment_status":"closed","ping_status":"closed","post_password":"","post_name":"gerard-rosse","to_ping":"","pinged":"","post_modified":"2023-01-15 12:59:38","post_modified_gmt":"2023-01-15 11:59:38","post_content_filtered":"","post_parent":0,"guid":"https:\/\/www.claret.cat\/autor\/gerard-rosse\/","menu_order":0,"post_type":"autor","post_mime_type":"","comment_count":"0","filter":"raw"}]},"aioseo_notices":[],"_links":{"self":[{"href":"https:\/\/www.claret.cat\/es\/wp-json\/wp\/v2\/product\/210724","targetHints":{"allow":["GET"]}}],"collection":[{"href":"https:\/\/www.claret.cat\/es\/wp-json\/wp\/v2\/product"}],"about":[{"href":"https:\/\/www.claret.cat\/es\/wp-json\/wp\/v2\/types\/product"}],"wp:featuredmedia":[{"embeddable":true,"href":"https:\/\/www.claret.cat\/es\/wp-json\/wp\/v2\/media\/387905"}],"wp:attachment":[{"href":"https:\/\/www.claret.cat\/es\/wp-json\/wp\/v2\/media?parent=210724"}],"wp:term":[{"taxonomy":"product_brand","embeddable":true,"href":"https:\/\/www.claret.cat\/es\/wp-json\/wp\/v2\/product_brand?post=210724"},{"taxonomy":"product_cat","embeddable":true,"href":"https:\/\/www.claret.cat\/es\/wp-json\/wp\/v2\/product_cat?post=210724"},{"taxonomy":"product_tag","embeddable":true,"href":"https:\/\/www.claret.cat\/es\/wp-json\/wp\/v2\/product_tag?post=210724"}],"curies":[{"name":"wp","href":"https:\/\/api.w.org\/{rel}","templated":true}]}}