{"id":210733,"date":"2022-10-20T11:59:44","date_gmt":"2022-10-20T09:59:44","guid":{"rendered":"http:\/\/dev.claret.cat\/producte\/la-mistica-de-teresa-de-jesus\/"},"modified":"2024-05-23T20:38:16","modified_gmt":"2024-05-23T18:38:16","slug":"la-mistica-de-teresa-de-jesus-9788470684562","status":"publish","type":"product","link":"https:\/\/www.claret.cat\/es\/libro\/la-mistica-de-teresa-de-jesus-9788470684562\/","title":{"rendered":"LA M\u00cdSTICA DE TERESA DE JES\u00daS"},"content":{"rendered":"<p>Este libro presenta, desde las claves m\u00e1s esenciales de la literatura teresiana seg\u00fan las \u00faltimas investigaciones, la Espiritualidad de Teresa. Era necesario ya hacer una nueva lectura de la misma desde los principios que se vienen revelando esenciales en la comprensi\u00f3n de sus escritos: Sagrada Escritura, Cristolog\u00eda y Experiencia. Desde esta conjunci\u00f3n y desde el \u00e1mbito del pensamiento actual, Teresa surge con nuevo \u00edmpetu, casi nueva. Se pone de relieve que su m\u00edstica no puede confundirse con el concepto general de m\u00edstica, como se suele hacer. Ella crea su propia religiosidad, que brota espont\u00e1nea de las fuentes m\u00e1s n\u00edtidas del cristianismo. Con raz\u00f3n se ha podido decir que hasta Teresa la m\u00edstica no fue del todo cristiana. Y al igual que en sus d\u00edas tuvo que esforzarse por hacer comprender que la m\u00edstica se confunde con el evangelio, hoy est\u00e1 llamada a proclamar que el cristianismo sin m\u00edstica es logos sin l\u00edrica, casa vac\u00eda, estatua sin alma.<\/p>\n","protected":false},"excerpt":{"rendered":"<p>CASTRO S\u00c1NCHEZ, SECUNDINO<\/p>\n","protected":false},"featured_media":349714,"template":"","meta":{"_acf_changed":false,"om_disable_all_campaigns":false,"rs_blank_template":"","rs_page_bg_color":"","slide_template_v7":"","inline_featured_image":false,"_monsterinsights_skip_tracking":false,"_monsterinsights_sitenote_active":false,"_monsterinsights_sitenote_note":"","_monsterinsights_sitenote_category":0},"product_brand":[],"product_cat":[345,79,92,542],"product_tag":[],"class_list":{"0":"post-210733","1":"product","2":"type-product","3":"status-publish","4":"has-post-thumbnail","6":"product_cat-espiritualidad","7":"product_cat-espiritualitat","8":"product_cat-vida-religiosa","9":"product_cat-vida-religiosa-1_espiritualidad-spa","11":"first","12":"instock","13":"taxable","14":"shipping-taxable","15":"purchasable","16":"product-type-simple"},"acf":{"autor":"CASTRO S\u00c1NCHEZ, SECUNDINO","codart":"847068456","libros-coleccion":"","ediciones":"1","encuadernacion":"R\u00fastica","fecha_de_publicacion":"12\/04\/2017","novedad":"1","paginas":"276","subtitulo":"","orden":"0","portada":"0","idioma":"spa","editorial":[{"ID":148116,"post_author":"3","post_date":"2022-10-14 11:55:45","post_date_gmt":"2022-10-14 09:55:45","post_content":"","post_title":"ESPIRITUALIDAD","post_excerpt":"","post_status":"publish","comment_status":"closed","ping_status":"closed","post_password":"","post_name":"espiritualidad","to_ping":"","pinged":"","post_modified":"2022-10-14 11:55:45","post_modified_gmt":"2022-10-14 09:55:45","post_content_filtered":"","post_parent":0,"guid":"http:\/\/dev.claret.cat\/editorial\/espiritualidad\/","menu_order":0,"post_type":"editorial","post_mime_type":"","comment_count":"0","filter":"raw"}],"autores-libros":[{"ID":169268,"post_author":"3","post_date":"2022-10-14 22:25:52","post_date_gmt":"2022-10-14 20:25:52","post_content":"","post_title":"SECUNDINO CASTRO SANCHEZ","post_excerpt":"","post_status":"publish","comment_status":"closed","ping_status":"closed","post_password":"","post_name":"secundino-castro-sanchez","to_ping":"","pinged":"","post_modified":"2022-10-14 22:25:52","post_modified_gmt":"2022-10-14 20:25:52","post_content_filtered":"","post_parent":0,"guid":"http:\/\/dev.claret.cat\/autor\/secundino-castro-sanchez\/","menu_order":0,"post_type":"autor","post_mime_type":"","comment_count":"0","filter":"raw"}]},"aioseo_notices":[],"_links":{"self":[{"href":"https:\/\/www.claret.cat\/es\/wp-json\/wp\/v2\/product\/210733","targetHints":{"allow":["GET"]}}],"collection":[{"href":"https:\/\/www.claret.cat\/es\/wp-json\/wp\/v2\/product"}],"about":[{"href":"https:\/\/www.claret.cat\/es\/wp-json\/wp\/v2\/types\/product"}],"wp:featuredmedia":[{"embeddable":true,"href":"https:\/\/www.claret.cat\/es\/wp-json\/wp\/v2\/media\/349714"}],"wp:attachment":[{"href":"https:\/\/www.claret.cat\/es\/wp-json\/wp\/v2\/media?parent=210733"}],"wp:term":[{"taxonomy":"product_brand","embeddable":true,"href":"https:\/\/www.claret.cat\/es\/wp-json\/wp\/v2\/product_brand?post=210733"},{"taxonomy":"product_cat","embeddable":true,"href":"https:\/\/www.claret.cat\/es\/wp-json\/wp\/v2\/product_cat?post=210733"},{"taxonomy":"product_tag","embeddable":true,"href":"https:\/\/www.claret.cat\/es\/wp-json\/wp\/v2\/product_tag?post=210733"}],"curies":[{"name":"wp","href":"https:\/\/api.w.org\/{rel}","templated":true}]}}