{"id":210802,"date":"2022-10-20T12:01:04","date_gmt":"2022-10-20T10:01:04","guid":{"rendered":"http:\/\/dev.claret.cat\/producte\/sagrada-familia-monumentale-francais\/"},"modified":"2023-01-28T19:07:28","modified_gmt":"2023-01-28T18:07:28","slug":"sagrada-familia-monumentale-francais","status":"publish","type":"product","link":"https:\/\/www.claret.cat\/es\/libro\/sagrada-familia-monumentale-francais\/","title":{"rendered":"SAGRADA FAM\u00cdLIA MONUMENTALE (FRAN\u00c7AIS)"},"content":{"rendered":"<p>Ce livre propose un parcours visuel in\u00e9dit par la Famille Sacr\u00e9e, le temple fascinant iaginado po Antoni Gaud\u00ed, \u00e0 la construction qui il a d\u00e9di\u00e9 une bonne partie de sa vie. \u00c0 travers des images et les textes qui les accompagnent, la Famille Sacr\u00e9e se pr\u00e9sente dans toute sa complexit\u00e9 et ambition. La chambre du photographe s?est enfonc\u00e9e dans des coins jusqu?\u00e0 pr\u00e9sent inconnus, de ses fa\u00e7ades et tours et de son immenso int\u00e9rieur, en offrant soprendentes les points de vue qui permettent de red\u00e9couvrir, avec de nouveaux yeux, le chef-d?oeuvre du g\u00e9nial architecte catalan. Un voyage unique, en d\u00e9finitive, par une ic\u00f4ne de la Barcelone du XXIe si\u00e8cle.<\/p>\n","protected":false},"excerpt":{"rendered":"<p>VENTEO, DANIEL<\/p>\n","protected":false},"featured_media":210803,"template":"","meta":{"_acf_changed":false,"om_disable_all_campaigns":false,"rs_blank_template":"","rs_page_bg_color":"","slide_template_v7":"","inline_featured_image":false,"_monsterinsights_skip_tracking":false,"_monsterinsights_sitenote_active":false,"_monsterinsights_sitenote_note":"","_monsterinsights_sitenote_category":0},"product_brand":[],"product_cat":[90,105],"product_tag":[],"class_list":{"0":"post-210802","1":"product","2":"type-product","3":"status-publish","4":"has-post-thumbnail","6":"product_cat-altres","7":"product_cat-regal","9":"first","10":"instock","11":"taxable","12":"shipping-taxable","13":"purchasable","14":"product-type-simple"},"acf":{"autor":"VENTEO, DANIEL","codart":"841654760","libros-coleccion":"","ediciones":"1","encuadernacion":"R\u00fastica","fecha_de_publicacion":"06\/04\/2017","novedad":"1","paginas":"184","subtitulo":"","orden":"0","portada":"0","idioma":"fre","editorial":[{"ID":147966,"post_author":"3","post_date":"2022-10-14 11:54:36","post_date_gmt":"2022-10-14 09:54:36","post_content":"","post_title":"EDITORIAL EFADOS","post_excerpt":"","post_status":"publish","comment_status":"closed","ping_status":"closed","post_password":"","post_name":"editorial-efados","to_ping":"","pinged":"","post_modified":"2022-10-14 11:54:36","post_modified_gmt":"2022-10-14 09:54:36","post_content_filtered":"","post_parent":0,"guid":"http:\/\/dev.claret.cat\/editorial\/editorial-efados\/","menu_order":0,"post_type":"editorial","post_mime_type":"","comment_count":"0","filter":"raw"}],"autores-libros":[{"ID":153644,"post_author":"3","post_date":"2022-10-14 14:58:23","post_date_gmt":"2022-10-14 12:58:23","post_content":"","post_title":"DANIEL VENTEO","post_excerpt":"","post_status":"publish","comment_status":"closed","ping_status":"closed","post_password":"","post_name":"daniel-venteo-2","to_ping":"","pinged":"","post_modified":"2022-10-14 14:58:23","post_modified_gmt":"2022-10-14 12:58:23","post_content_filtered":"","post_parent":0,"guid":"http:\/\/dev.claret.cat\/autor\/daniel-venteo-2\/","menu_order":0,"post_type":"autor","post_mime_type":"","comment_count":"0","filter":"raw"}]},"aioseo_notices":[],"_links":{"self":[{"href":"https:\/\/www.claret.cat\/es\/wp-json\/wp\/v2\/product\/210802","targetHints":{"allow":["GET"]}}],"collection":[{"href":"https:\/\/www.claret.cat\/es\/wp-json\/wp\/v2\/product"}],"about":[{"href":"https:\/\/www.claret.cat\/es\/wp-json\/wp\/v2\/types\/product"}],"wp:featuredmedia":[{"embeddable":true,"href":"https:\/\/www.claret.cat\/es\/wp-json\/wp\/v2\/media\/210803"}],"wp:attachment":[{"href":"https:\/\/www.claret.cat\/es\/wp-json\/wp\/v2\/media?parent=210802"}],"wp:term":[{"taxonomy":"product_brand","embeddable":true,"href":"https:\/\/www.claret.cat\/es\/wp-json\/wp\/v2\/product_brand?post=210802"},{"taxonomy":"product_cat","embeddable":true,"href":"https:\/\/www.claret.cat\/es\/wp-json\/wp\/v2\/product_cat?post=210802"},{"taxonomy":"product_tag","embeddable":true,"href":"https:\/\/www.claret.cat\/es\/wp-json\/wp\/v2\/product_tag?post=210802"}],"curies":[{"name":"wp","href":"https:\/\/api.w.org\/{rel}","templated":true}]}}