{"id":210820,"date":"2022-10-20T12:01:23","date_gmt":"2022-10-20T10:01:23","guid":{"rendered":"http:\/\/dev.claret.cat\/producte\/sagrada-familia-monumental-esp\/"},"modified":"2023-01-28T06:17:36","modified_gmt":"2023-01-28T05:17:36","slug":"sagrada-familia-monumental-esp","status":"publish","type":"product","link":"https:\/\/www.claret.cat\/es\/libro\/sagrada-familia-monumental-esp\/","title":{"rendered":"SAGRADA FAM\u00cdLIA MONUMENTAL (ESP)"},"content":{"rendered":"<p>Este libro propone un recorrido visual in\u00e9dito por la Sagrada Familia, el fascinante templo iaginado po Antoni Gaud\u00ed, a la construcci\u00f3n del cual dedic\u00f3 una buena parte de su vida. A trav\u00e9s de las imagenes y de los textos que las acompa\u00f1an, la Sagrada Familia se presenta en toda su complejidad y ambici\u00f3n. La c\u00e1mara del fot\u00f3grafo se ha adentrado en rincones hasta ahora desconocidos, tanto de sus fachadas y torres como de su immenso interior, ofreciendo soprendentes puntos de vista que permiten redescubrir, con nuevos ojos, la obra maestra del genial arquitecto catal\u00e1n. Un viaje \u00fanico, en definitiva, por un icono de la Barcelona del siglo XXI.<\/p>\n","protected":false},"excerpt":{"rendered":"<p>DANIEL VENTEO<\/p>\n","protected":false},"featured_media":210821,"template":"","meta":{"_acf_changed":false,"om_disable_all_campaigns":false,"rs_blank_template":"","rs_page_bg_color":"","slide_template_v7":"","inline_featured_image":false,"_monsterinsights_skip_tracking":false,"_monsterinsights_sitenote_active":false,"_monsterinsights_sitenote_note":"","_monsterinsights_sitenote_category":0},"product_brand":[],"product_cat":[90,105],"product_tag":[],"class_list":{"0":"post-210820","1":"product","2":"type-product","3":"status-publish","4":"has-post-thumbnail","6":"product_cat-altres","7":"product_cat-regal","9":"first","10":"instock","11":"taxable","12":"shipping-taxable","13":"purchasable","14":"product-type-simple"},"acf":{"autor":"DANIEL VENTEO","codart":"841654761","libros-coleccion":"","ediciones":"1","encuadernacion":"R\u00fastica","fecha_de_publicacion":"06\/04\/2017","novedad":"1","paginas":"186","subtitulo":"","orden":"0","portada":"0","idioma":"spa","editorial":[{"ID":147966,"post_author":"3","post_date":"2022-10-14 11:54:36","post_date_gmt":"2022-10-14 09:54:36","post_content":"","post_title":"EDITORIAL EFADOS","post_excerpt":"","post_status":"publish","comment_status":"closed","ping_status":"closed","post_password":"","post_name":"editorial-efados","to_ping":"","pinged":"","post_modified":"2022-10-14 11:54:36","post_modified_gmt":"2022-10-14 09:54:36","post_content_filtered":"","post_parent":0,"guid":"http:\/\/dev.claret.cat\/editorial\/editorial-efados\/","menu_order":0,"post_type":"editorial","post_mime_type":"","comment_count":"0","filter":"raw"}],"autores-libros":[{"ID":153539,"post_author":"3","post_date":"2022-10-14 14:57:33","post_date_gmt":"2022-10-14 12:57:33","post_content":"","post_title":"DANIEL  VENTEO","post_excerpt":"","post_status":"publish","comment_status":"closed","ping_status":"closed","post_password":"","post_name":"daniel-venteo","to_ping":"","pinged":"","post_modified":"2022-10-14 14:57:33","post_modified_gmt":"2022-10-14 12:57:33","post_content_filtered":"","post_parent":0,"guid":"http:\/\/dev.claret.cat\/autor\/daniel-venteo\/","menu_order":0,"post_type":"autor","post_mime_type":"","comment_count":"0","filter":"raw"}]},"aioseo_notices":[],"_links":{"self":[{"href":"https:\/\/www.claret.cat\/es\/wp-json\/wp\/v2\/product\/210820","targetHints":{"allow":["GET"]}}],"collection":[{"href":"https:\/\/www.claret.cat\/es\/wp-json\/wp\/v2\/product"}],"about":[{"href":"https:\/\/www.claret.cat\/es\/wp-json\/wp\/v2\/types\/product"}],"wp:featuredmedia":[{"embeddable":true,"href":"https:\/\/www.claret.cat\/es\/wp-json\/wp\/v2\/media\/210821"}],"wp:attachment":[{"href":"https:\/\/www.claret.cat\/es\/wp-json\/wp\/v2\/media?parent=210820"}],"wp:term":[{"taxonomy":"product_brand","embeddable":true,"href":"https:\/\/www.claret.cat\/es\/wp-json\/wp\/v2\/product_brand?post=210820"},{"taxonomy":"product_cat","embeddable":true,"href":"https:\/\/www.claret.cat\/es\/wp-json\/wp\/v2\/product_cat?post=210820"},{"taxonomy":"product_tag","embeddable":true,"href":"https:\/\/www.claret.cat\/es\/wp-json\/wp\/v2\/product_tag?post=210820"}],"curies":[{"name":"wp","href":"https:\/\/api.w.org\/{rel}","templated":true}]}}