{"id":210892,"date":"2022-10-20T12:02:46","date_gmt":"2022-10-20T10:02:46","guid":{"rendered":"http:\/\/dev.claret.cat\/producte\/choque-de-titanes\/"},"modified":"2026-03-30T13:28:22","modified_gmt":"2026-03-30T11:28:22","slug":"choque-de-titanes-9788494518782","status":"publish","type":"product","link":"https:\/\/www.claret.cat\/es\/libro\/choque-de-titanes-9788494518782\/","title":{"rendered":"CHOQUE DE TITANES"},"content":{"rendered":"<p>Frente del Este. Noviembre de 1941, la Blitzkrieg de la Wehrmacht hab\u00eda empujado al Ej\u00e9rcito Rojo a las puertas de Mosc\u00fa. Sin embargo, menos de cuatro a\u00f1os despu\u00e9s, la hoz y el martillo ondeaba sobre las ruinas del Reichstag. Un s\u00edmbolo elocuente del final de una pugna a vida o muerte que supuso el triunfo de la Uni\u00f3n Sovi\u00e9tica sobre la Alemania nacionalsocialista, en el que fue, sin lugar a dudas, el frente decisivo de la Segunda Guerra Mundial.<br \/>Narrado con una prosa extraordinariamente \u00e1gil, en esta edici\u00f3n revisada y ampliada de la original When Titans Clashed, publicada en 1995, David M. Glantz, una de las principales autoridades en el estudio del ej\u00e9rcito sovi\u00e9tico, y Jonathan M. House, presentan una interpretaci\u00f3n, novedosa en buena medida, del Frente del Este, lo que en la URSS se conoci\u00f3 como la \u00abGran Guerra Patri\u00f3tica\u00bb, al abordarla desde la perspectiva sovi\u00e9tica, tan a menudo sesgada u obviada.<br \/>Los autores, con informaci\u00f3n in\u00e9dita de fuentes sovi\u00e9ticas clasificadas hasta la fecha, ofrecen un an\u00e1lisis del conflicto que renueva radicalmente nuestra comprensi\u00f3n de la experiencia de la URSS durante la Segunda Guerra Mundial. Choque de titanes ofrece recientes revelaciones sobre la estrategia y las t\u00e1cticas del Ej\u00e9rcito Rojo y el papel de Stalin como su comandante supremo, nos acerca al surgimiento de innovadores comandantes fogueados en el fragor del combate, desvela numerosas operaciones militares que hasta el momento se hab\u00edan pasado por alto o minusvalorado, se\u00f1ala los errores de c\u00e1lculo alemanes en el Frente del Este, el efecto sobre el esfuerzo sovi\u00e9tico del D\u00eda D y el \u00absegundo frente\u00bb y el impacto devastador de la guerra sobre la econom\u00eda sovi\u00e9tica y la poblaci\u00f3n civil. Un libro imprescindible para comprender por qu\u00e9 fue la bandera roja la que onde\u00f3 sobre el Reichstag y no la esv\u00e1stica sobre el Kremlin.<\/p>\n","protected":false},"excerpt":{"rendered":"<p>GLANTZ, DAVID M. \/ HOUSE, JONATHAN M.<\/p>\n","protected":false},"featured_media":1073141,"template":"","meta":{"_acf_changed":false,"om_disable_all_campaigns":false,"rs_blank_template":"","rs_page_bg_color":"","slide_template_v7":"","inline_featured_image":false,"_monsterinsights_skip_tracking":false,"_monsterinsights_sitenote_active":false,"_monsterinsights_sitenote_note":"","_monsterinsights_sitenote_category":0},"product_brand":[],"product_cat":[368,151],"product_tag":[],"class_list":{"0":"post-210892","1":"product","2":"type-product","3":"status-publish","4":"has-post-thumbnail","6":"product_cat-contemporanea","7":"product_cat-contemporania","9":"first","10":"instock","11":"taxable","12":"shipping-taxable","13":"purchasable","14":"product-type-simple"},"acf":{"autor":"GLANTZ, DAVID M. \/ HOUSE, JONATHAN M.","codart":"849451878","libros-coleccion":"SUSHI BOOKS","ediciones":"1","encuadernacion":"R\u00fastica","fecha_de_publicacion":"01\/04\/2017","novedad":"1","paginas":"509","subtitulo":"LA VICTORIA DEL EJ\u00c9RCITO ROJO SOBRE HITLER","orden":"0","portada":"0","idioma":"spa","autores-libros":[{"ID":153876,"post_author":"3","post_date":"2022-10-14 15:00:15","post_date_gmt":"2022-10-14 13:00:15","post_content":"","post_title":"DAVID M. GLANTZ","post_excerpt":"","post_status":"publish","comment_status":"closed","ping_status":"closed","post_password":"","post_name":"david-m-glantz","to_ping":"","pinged":"","post_modified":"2022-10-14 15:00:15","post_modified_gmt":"2022-10-14 13:00:15","post_content_filtered":"","post_parent":0,"guid":"http:\/\/dev.claret.cat\/autor\/david-m-glantz\/","menu_order":0,"post_type":"autor","post_mime_type":"","comment_count":"0","filter":"raw"},{"ID":159772,"post_author":"3","post_date":"2022-10-14 15:47:36","post_date_gmt":"2022-10-14 13:47:36","post_content":"","post_title":"JONATHAN M. HOUSE","post_excerpt":"","post_status":"publish","comment_status":"closed","ping_status":"closed","post_password":"","post_name":"jonathan-m-house","to_ping":"","pinged":"","post_modified":"2022-10-14 15:47:36","post_modified_gmt":"2022-10-14 13:47:36","post_content_filtered":"","post_parent":0,"guid":"http:\/\/dev.claret.cat\/autor\/jonathan-m-house\/","menu_order":0,"post_type":"autor","post_mime_type":"","comment_count":"0","filter":"raw"}],"editorial":[{"ID":261949,"post_author":"3","post_date":"2022-10-24 11:17:58","post_date_gmt":"2022-10-24 09:17:58","post_content":"","post_title":"DESPERTA FERRO EDICIONES SLNE","post_excerpt":"","post_status":"publish","comment_status":"closed","ping_status":"closed","post_password":"","post_name":"desperta-ferro-ediciones-slne","to_ping":"","pinged":"","post_modified":"2022-10-24 11:17:58","post_modified_gmt":"2022-10-24 09:17:58","post_content_filtered":"","post_parent":0,"guid":"http:\/\/dev.claret.cat\/editorial\/desperta-ferro-ediciones-slne\/","menu_order":0,"post_type":"editorial","post_mime_type":"","comment_count":"0","filter":"raw"}],"booktrailer":"","resenas":""},"aioseo_notices":[],"_links":{"self":[{"href":"https:\/\/www.claret.cat\/es\/wp-json\/wp\/v2\/product\/210892","targetHints":{"allow":["GET"]}}],"collection":[{"href":"https:\/\/www.claret.cat\/es\/wp-json\/wp\/v2\/product"}],"about":[{"href":"https:\/\/www.claret.cat\/es\/wp-json\/wp\/v2\/types\/product"}],"wp:featuredmedia":[{"embeddable":true,"href":"https:\/\/www.claret.cat\/es\/wp-json\/wp\/v2\/media\/1073141"}],"wp:attachment":[{"href":"https:\/\/www.claret.cat\/es\/wp-json\/wp\/v2\/media?parent=210892"}],"wp:term":[{"taxonomy":"product_brand","embeddable":true,"href":"https:\/\/www.claret.cat\/es\/wp-json\/wp\/v2\/product_brand?post=210892"},{"taxonomy":"product_cat","embeddable":true,"href":"https:\/\/www.claret.cat\/es\/wp-json\/wp\/v2\/product_cat?post=210892"},{"taxonomy":"product_tag","embeddable":true,"href":"https:\/\/www.claret.cat\/es\/wp-json\/wp\/v2\/product_tag?post=210892"}],"curies":[{"name":"wp","href":"https:\/\/api.w.org\/{rel}","templated":true}]}}