{"id":210934,"date":"2022-10-20T12:03:32","date_gmt":"2022-10-20T10:03:32","guid":{"rendered":"http:\/\/dev.claret.cat\/producte\/como-entrenar-a-su-dragon-interior\/"},"modified":"2025-07-21T16:30:23","modified_gmt":"2025-07-21T14:30:23","slug":"como-entrenar-a-su-dragon-interior-9788499985916","status":"publish","type":"product","link":"https:\/\/www.claret.cat\/es\/libro\/como-entrenar-a-su-dragon-interior-9788499985916\/","title":{"rendered":"C\u00d3MO ENTRENAR A SU DRAG\u00d3N INTERIOR"},"content":{"rendered":"<p>\u00bfCu\u00e1les son las emociones que sienten los ni\u00f1os?, \u00bfen qu\u00e9 consisten cada una de ellas?, \u00bfpara qu\u00e9 sirven?, \u00bfqui\u00e9n las gobierna en realidad?, \u00bfc\u00f3mo pueden ellos gobernarlas y aprovecharlas?, \u00bfc\u00f3mo podemos ayudar a nuestros hijos e hijas a\u00a0gestionar sus propias emociones?<\/p>\n<p>Estas y otras preguntas encuentran respuesta en este libro que dibuja el mapa emocional de nuestros hijos y nos ense\u00f1a a seguirlo razonadamente en sus vidas. <\/p>\n<p>El profesor y conferenciante Fernando Alberca, especializado en el tema de ni\u00f1os y adolescentes, nos ayudar\u00e1 a entender los comportamientos de nuestros hijos a trav\u00e9s de las emociones, con ejemplos y ejercicios pr\u00e1cticos.<\/p>\n","protected":false},"excerpt":{"rendered":"<p>ALBERCA, FERNANDO<\/p>\n","protected":false},"featured_media":1047681,"template":"","meta":{"_acf_changed":false,"om_disable_all_campaigns":false,"rs_blank_template":"","rs_page_bg_color":"","slide_template_v7":"","inline_featured_image":false,"_monsterinsights_skip_tracking":false,"_monsterinsights_sitenote_active":false,"_monsterinsights_sitenote_note":"","_monsterinsights_sitenote_category":0},"product_brand":[],"product_cat":[100,550],"product_tag":[],"class_list":{"0":"post-210934","1":"product","2":"type-product","3":"status-publish","4":"has-post-thumbnail","6":"product_cat-escola-de-pares","7":"product_cat-escuela-de-padres-3_infantil-juvenil-spa-spa","9":"first","10":"outofstock","11":"taxable","12":"shipping-taxable","13":"purchasable","14":"product-type-simple"},"acf":{"autor":"ALBERCA, FERNANDO","codart":"849998591","libros-coleccion":"FUERA DE COLECCI\u00d3N","ediciones":"1","encuadernacion":"R\u00fastica","fecha_de_publicacion":"01\/04\/2017","novedad":"0","paginas":"248","subtitulo":"APRENDE A GESTIONAR LAS EMOCIONES DE TU HIJO","orden":"0","portada":"0","idioma":"spa","editorial":[{"ID":6209,"post_author":"3","post_date":"2022-07-28 17:47:12","post_date_gmt":"2022-07-28 15:47:12","post_content":"","post_title":"Ediciones Temas de Hoy","post_excerpt":"","post_status":"publish","comment_status":"closed","ping_status":"closed","post_password":"","post_name":"ediciones-temas-de-hoy","to_ping":"","pinged":"","post_modified":"2022-07-28 17:47:12","post_modified_gmt":"2022-07-28 15:47:12","post_content_filtered":"","post_parent":0,"guid":"http:\/\/dev.claret.cat\/editorial\/ediciones-temas-de-hoy\/","menu_order":0,"post_type":"editorial","post_mime_type":"","comment_count":"0","filter":"raw"}],"autores-libros":[{"ID":155777,"post_author":"3","post_date":"2022-10-14 15:15:32","post_date_gmt":"2022-10-14 13:15:32","post_content":"","post_title":"FERNANDO ALBERCA","post_excerpt":"","post_status":"publish","comment_status":"closed","ping_status":"closed","post_password":"","post_name":"fernando-alberca","to_ping":"","pinged":"","post_modified":"2022-10-14 15:15:32","post_modified_gmt":"2022-10-14 13:15:32","post_content_filtered":"","post_parent":0,"guid":"http:\/\/dev.claret.cat\/autor\/fernando-alberca\/","menu_order":0,"post_type":"autor","post_mime_type":"","comment_count":"0","filter":"raw"}],"booktrailer":"","resenas":""},"aioseo_notices":[],"_links":{"self":[{"href":"https:\/\/www.claret.cat\/es\/wp-json\/wp\/v2\/product\/210934","targetHints":{"allow":["GET"]}}],"collection":[{"href":"https:\/\/www.claret.cat\/es\/wp-json\/wp\/v2\/product"}],"about":[{"href":"https:\/\/www.claret.cat\/es\/wp-json\/wp\/v2\/types\/product"}],"wp:featuredmedia":[{"embeddable":true,"href":"https:\/\/www.claret.cat\/es\/wp-json\/wp\/v2\/media\/1047681"}],"wp:attachment":[{"href":"https:\/\/www.claret.cat\/es\/wp-json\/wp\/v2\/media?parent=210934"}],"wp:term":[{"taxonomy":"product_brand","embeddable":true,"href":"https:\/\/www.claret.cat\/es\/wp-json\/wp\/v2\/product_brand?post=210934"},{"taxonomy":"product_cat","embeddable":true,"href":"https:\/\/www.claret.cat\/es\/wp-json\/wp\/v2\/product_cat?post=210934"},{"taxonomy":"product_tag","embeddable":true,"href":"https:\/\/www.claret.cat\/es\/wp-json\/wp\/v2\/product_tag?post=210934"}],"curies":[{"name":"wp","href":"https:\/\/api.w.org\/{rel}","templated":true}]}}