{"id":21097,"date":"2022-10-02T09:28:12","date_gmt":"2022-10-02T07:28:12","guid":{"rendered":"http:\/\/dev.claret.cat\/producte\/los-misterios-del-rosario\/"},"modified":"2024-05-24T04:27:54","modified_gmt":"2024-05-24T02:27:54","slug":"los-misterios-del-rosario-9788432159909","status":"publish","type":"product","link":"https:\/\/www.claret.cat\/es\/libro\/los-misterios-del-rosario-9788432159909\/","title":{"rendered":"LOS MISTERIOS DEL ROSARIO"},"content":{"rendered":"<p>Breve exposici\u00f3n del contenido de los veinte misterios, con el objetivo de llegar a la meta de la oraci\u00f3n contemplativa.<\/p>\n","protected":false},"excerpt":{"rendered":"<p>IB\u00c1\u00d1EZ LANGLOIS, JOS\u00c9 MIGUEL<\/p>\n","protected":false},"featured_media":451926,"template":"","meta":{"_acf_changed":false,"om_disable_all_campaigns":false,"rs_blank_template":"","rs_page_bg_color":"","slide_template_v7":"","inline_featured_image":false,"_monsterinsights_skip_tracking":false,"_monsterinsights_sitenote_active":false,"_monsterinsights_sitenote_note":"","_monsterinsights_sitenote_category":0},"product_brand":[],"product_cat":[235,393],"product_tag":[],"class_list":{"0":"post-21097","1":"product","2":"type-product","3":"status-publish","4":"has-post-thumbnail","6":"product_cat-mariana","7":"product_cat-mariana-espiritualidad-1_espiritualidad","9":"first","10":"instock","11":"taxable","12":"shipping-taxable","13":"purchasable","14":"product-type-simple"},"acf":{"autor":"IB\u00c1\u00d1EZ LANGLOIS, JOS\u00c9 MIGUEL","codart":"843215990","libros-coleccion":"FUERA DE COLECCI\u00d3N","ediciones":"1","encuadernacion":"R\u00fastica","fecha_de_publicacion":"04\/10\/2021","novedad":"1","paginas":"110","subtitulo":"","orden":"0","portada":"0","idioma":"spa","editorial":[{"ID":6348,"post_author":"3","post_date":"2022-07-28 17:50:16","post_date_gmt":"2022-07-28 15:50:16","post_content":"","post_title":"Rialp","post_excerpt":"","post_status":"publish","comment_status":"closed","ping_status":"closed","post_password":"","post_name":"rialp","to_ping":"","pinged":"","post_modified":"2022-07-28 17:50:16","post_modified_gmt":"2022-07-28 15:50:16","post_content_filtered":"","post_parent":0,"guid":"http:\/\/dev.claret.cat\/editorial\/rialp\/","menu_order":0,"post_type":"editorial","post_mime_type":"","comment_count":"0","filter":"raw"}],"autores-libros":[{"ID":160512,"post_author":"3","post_date":"2022-10-14 15:53:40","post_date_gmt":"2022-10-14 13:53:40","post_content":"","post_title":"JOS\u00c9 MIGUEL IB\u00c1\u00d1EZ LANGLOIS","post_excerpt":"","post_status":"publish","comment_status":"closed","ping_status":"closed","post_password":"","post_name":"jose-miguel-ibanez-langlois","to_ping":"","pinged":"","post_modified":"2022-10-14 15:53:40","post_modified_gmt":"2022-10-14 13:53:40","post_content_filtered":"","post_parent":0,"guid":"http:\/\/dev.claret.cat\/autor\/jose-miguel-ibanez-langlois\/","menu_order":0,"post_type":"autor","post_mime_type":"","comment_count":"0","filter":"raw"}]},"aioseo_notices":[],"_links":{"self":[{"href":"https:\/\/www.claret.cat\/es\/wp-json\/wp\/v2\/product\/21097","targetHints":{"allow":["GET"]}}],"collection":[{"href":"https:\/\/www.claret.cat\/es\/wp-json\/wp\/v2\/product"}],"about":[{"href":"https:\/\/www.claret.cat\/es\/wp-json\/wp\/v2\/types\/product"}],"wp:featuredmedia":[{"embeddable":true,"href":"https:\/\/www.claret.cat\/es\/wp-json\/wp\/v2\/media\/451926"}],"wp:attachment":[{"href":"https:\/\/www.claret.cat\/es\/wp-json\/wp\/v2\/media?parent=21097"}],"wp:term":[{"taxonomy":"product_brand","embeddable":true,"href":"https:\/\/www.claret.cat\/es\/wp-json\/wp\/v2\/product_brand?post=21097"},{"taxonomy":"product_cat","embeddable":true,"href":"https:\/\/www.claret.cat\/es\/wp-json\/wp\/v2\/product_cat?post=21097"},{"taxonomy":"product_tag","embeddable":true,"href":"https:\/\/www.claret.cat\/es\/wp-json\/wp\/v2\/product_tag?post=21097"}],"curies":[{"name":"wp","href":"https:\/\/api.w.org\/{rel}","templated":true}]}}