{"id":211015,"date":"2022-10-20T12:04:59","date_gmt":"2022-10-20T10:04:59","guid":{"rendered":"http:\/\/dev.claret.cat\/producte\/don-quijote-de-la-mancha-6\/"},"modified":"2025-01-31T19:29:58","modified_gmt":"2025-01-31T18:29:58","slug":"don-quijote-de-la-mancha-9788424660499","status":"publish","type":"product","link":"https:\/\/www.claret.cat\/es\/libro\/don-quijote-de-la-mancha-9788424660499\/","title":{"rendered":"DON QUIJOTE DE LA MANCHA"},"content":{"rendered":"<p>En un lugar de la Mancha viv\u00eda un hidalgo que quer\u00eda vivir las aventuras de los libros. Con su caballo y su escudero Sancho Panza, Don Quijote parti\u00f3 para enfrentarse a gigantes, a ej\u00e9rcitos y a lo que hiciese falta. Una maravillosa adaptaci\u00f3n del cl\u00e1sico de Miguel de Cervantes.<\/p>\n","protected":false},"excerpt":{"rendered":"<p>CAMPOY, ANA \/ CERVANTES SAAVEDRA, MIGUEL DE<\/p>\n","protected":false},"featured_media":211016,"template":"","meta":{"_acf_changed":false,"om_disable_all_campaigns":false,"rs_blank_template":"","rs_page_bg_color":"","slide_template_v7":"","inline_featured_image":false,"_monsterinsights_skip_tracking":false,"_monsterinsights_sitenote_active":false,"_monsterinsights_sitenote_note":"","_monsterinsights_sitenote_category":0},"product_brand":[],"product_cat":[86,352],"product_tag":[],"class_list":{"0":"post-211015","1":"product","2":"type-product","3":"status-publish","4":"has-post-thumbnail","6":"product_cat-infantil","7":"product_cat-infantil-3_infantil-juvenil-spa","9":"first","10":"instock","11":"taxable","12":"shipping-taxable","13":"purchasable","14":"product-type-simple"},"acf":{"autor":"CAMPOY, ANA \/ CERVANTES SAAVEDRA, MIGUEL DE","codart":"842466049","libros-coleccion":"Tradiciones","ediciones":"1","encuadernacion":"Carton\u00e9","fecha_de_publicacion":"01\/04\/2017","novedad":"1","paginas":"35","subtitulo":"","orden":"0","portada":"0","idioma":"spa","autores-libros":[{"ID":348309,"post_author":"3","post_date":"2023-01-14 04:09:04","post_date_gmt":"2023-01-14 03:09:04","post_content":"","post_title":"MIGUEL DE CERVANTES SAAVEDRA","post_excerpt":"","post_status":"publish","comment_status":"closed","ping_status":"closed","post_password":"","post_name":"miguel-de-cervantes-saavedra","to_ping":"","pinged":"","post_modified":"2023-01-14 04:09:04","post_modified_gmt":"2023-01-14 03:09:04","post_content_filtered":"","post_parent":0,"guid":"https:\/\/www.claret.cat\/autor\/miguel-de-cervantes-saavedra\/","menu_order":0,"post_type":"autor","post_mime_type":"","comment_count":"0","filter":"raw"},{"ID":150060,"post_author":"3","post_date":"2022-10-14 14:29:54","post_date_gmt":"2022-10-14 12:29:54","post_content":"","post_title":"ANA CAMPOY","post_excerpt":"","post_status":"publish","comment_status":"closed","ping_status":"closed","post_password":"","post_name":"ana-campoy-2","to_ping":"","pinged":"","post_modified":"2022-10-14 14:29:54","post_modified_gmt":"2022-10-14 12:29:54","post_content_filtered":"","post_parent":0,"guid":"http:\/\/dev.claret.cat\/autor\/ana-campoy-2\/","menu_order":0,"post_type":"autor","post_mime_type":"","comment_count":"0","filter":"raw"}],"editorial":[{"ID":262224,"post_author":"3","post_date":"2022-10-24 11:21:33","post_date_gmt":"2022-10-24 09:21:33","post_content":"","post_title":"La Galera, SAU","post_excerpt":"","post_status":"publish","comment_status":"closed","ping_status":"closed","post_password":"","post_name":"la-galera-sau","to_ping":"","pinged":"","post_modified":"2022-10-24 11:21:33","post_modified_gmt":"2022-10-24 09:21:33","post_content_filtered":"","post_parent":0,"guid":"http:\/\/dev.claret.cat\/editorial\/la-galera-sau\/","menu_order":0,"post_type":"editorial","post_mime_type":"","comment_count":"0","filter":"raw"}]},"aioseo_notices":[],"_links":{"self":[{"href":"https:\/\/www.claret.cat\/es\/wp-json\/wp\/v2\/product\/211015","targetHints":{"allow":["GET"]}}],"collection":[{"href":"https:\/\/www.claret.cat\/es\/wp-json\/wp\/v2\/product"}],"about":[{"href":"https:\/\/www.claret.cat\/es\/wp-json\/wp\/v2\/types\/product"}],"wp:featuredmedia":[{"embeddable":true,"href":"https:\/\/www.claret.cat\/es\/wp-json\/wp\/v2\/media\/211016"}],"wp:attachment":[{"href":"https:\/\/www.claret.cat\/es\/wp-json\/wp\/v2\/media?parent=211015"}],"wp:term":[{"taxonomy":"product_brand","embeddable":true,"href":"https:\/\/www.claret.cat\/es\/wp-json\/wp\/v2\/product_brand?post=211015"},{"taxonomy":"product_cat","embeddable":true,"href":"https:\/\/www.claret.cat\/es\/wp-json\/wp\/v2\/product_cat?post=211015"},{"taxonomy":"product_tag","embeddable":true,"href":"https:\/\/www.claret.cat\/es\/wp-json\/wp\/v2\/product_tag?post=211015"}],"curies":[{"name":"wp","href":"https:\/\/api.w.org\/{rel}","templated":true}]}}