{"id":211093,"date":"2022-10-20T12:06:24","date_gmt":"2022-10-20T10:06:24","guid":{"rendered":"http:\/\/dev.claret.cat\/producte\/primero-de-poeta\/"},"modified":"2023-06-01T10:55:32","modified_gmt":"2023-06-01T08:55:32","slug":"primero-de-poeta-9788403517455","status":"publish","type":"product","link":"https:\/\/www.claret.cat\/es\/libro\/primero-de-poeta-9788403517455\/","title":{"rendered":"PRIMERO DE POETA"},"content":{"rendered":"<p>El libro de poes\u00eda que, autoeditado por su autora, escal\u00f3 las listas  de Amazon y ha conquistado a miles de lectores. \u00abVive, joder, vive. <br \/>Y si algo no te gusta, c\u00e1mbialo. <br \/>Y si algo te da miedo, sup\u00e9ralo. <br \/>Y si algo te enamora, ag\u00e1rralo.\u00bbPrimero de poeta son todos los papeles que rellen\u00e9 y quem\u00e9,  todos los pasos que no di, las vidas que perd\u00ed. Todas las declaraciones  de amor que call\u00e9, los sue\u00f1os que romp\u00ed, los miedos de los que aprend\u00ed.  Es mi impaciencia, mis ganas de sentir y el p\u00e1nico. Es descubrir que mis  miedos siempre ganan la partida. Es empujarte a que te vayas por si te acercas demasiado. Es querer que te  acerques demasiado.  Primero de poeta son todos mis errores. Y mi cura.La opini\u00f3n de los lectores:<br \/>\u00abCada p\u00e1gina es una confesi\u00f3n desnuda y sincera de la autora, de esas  que te hacen part\u00edcipe de principio a fin porque sabes que son  aut\u00e9nticas, porque est\u00e1n escritas con el lenguaje que compartimos todos,  el del dolor y el de la alegr\u00eda, el del miedo y el del amor, en definitiva, el lenguaje del alma. Recomiendo tenerlo para ojearlo con cuidado de vez en cuando, porque al menos a m\u00ed, me hace  sentir  cosas de las cuales no quiero abusar y &#8216;gastarlas&#8217; demasiado r\u00e1pido.\u00bb<br \/>Chris\u00abPara los amantes del buen gusto, de lo bonito, de lo que toca el alma.  Por encontrarme reflejada en muchos de esos renglones, hacerme sonre\u00edr y  tambi\u00e9n hacerme reflexionar. Por todo eso y por mucho m\u00e1s, es un libro para leer al menos una vez en la vida.\u00bb<br \/>Inma\u00abA cada poema te enamoras m\u00e1s de Patricia, porque te hace sentir y  recordar emociones cotidianas que a veces podemos tener olvidadas. Recomendable 100%, para leer y releer.\u00bb<br \/>Inma Naroi\u00abUna poes\u00eda moderna, directa, de pensamientos \u00e1giles y muy cercana, con partes que invitan a la reflexi\u00f3n.\u00bb<br \/>Juan<\/p>\n","protected":false},"excerpt":{"rendered":"<p>PATRICIA BENITO<\/p>\n","protected":false},"featured_media":211094,"template":"","meta":{"_acf_changed":false,"om_disable_all_campaigns":false,"rs_blank_template":"","rs_page_bg_color":"","slide_template_v7":"","inline_featured_image":false,"_monsterinsights_skip_tracking":false,"_monsterinsights_sitenote_active":false,"_monsterinsights_sitenote_note":"","_monsterinsights_sitenote_category":0},"product_brand":[],"product_cat":[121,340],"product_tag":[],"class_list":{"0":"post-211093","1":"product","2":"type-product","3":"status-publish","4":"has-post-thumbnail","6":"product_cat-poesia","7":"product_cat-poesia-5_otras","9":"first","10":"instock","11":"taxable","12":"shipping-taxable","13":"purchasable","14":"product-type-simple"},"acf":{"autor":"PATRICIA BENITO","codart":"840351745","libros-coleccion":"Verso&Cuento","ediciones":"1","encuadernacion":"R\u00fastica","fecha_de_publicacion":"01\/04\/2017","novedad":"1","paginas":"35","subtitulo":"","orden":"0","portada":"0","idioma":"spa","editorial":[{"ID":6294,"post_author":"3","post_date":"2022-07-28 17:49:06","post_date_gmt":"2022-07-28 15:49:06","post_content":"","post_title":"LOSADA","post_excerpt":"","post_status":"publish","comment_status":"closed","ping_status":"closed","post_password":"","post_name":"losada","to_ping":"","pinged":"","post_modified":"2022-07-28 17:49:06","post_modified_gmt":"2022-07-28 15:49:06","post_content_filtered":"","post_parent":0,"guid":"http:\/\/dev.claret.cat\/editorial\/losada\/","menu_order":0,"post_type":"editorial","post_mime_type":"","comment_count":"0","filter":"raw"}],"autores-libros":[{"ID":166613,"post_author":"3","post_date":"2022-10-14 18:04:40","post_date_gmt":"2022-10-14 16:04:40","post_content":"","post_title":"PATRICIA BENITO","post_excerpt":"","post_status":"publish","comment_status":"closed","ping_status":"closed","post_password":"","post_name":"patricia-benito","to_ping":"","pinged":"","post_modified":"2022-10-14 18:04:40","post_modified_gmt":"2022-10-14 16:04:40","post_content_filtered":"","post_parent":0,"guid":"http:\/\/dev.claret.cat\/autor\/patricia-benito\/","menu_order":0,"post_type":"autor","post_mime_type":"","comment_count":"0","filter":"raw"}]},"aioseo_notices":[],"_links":{"self":[{"href":"https:\/\/www.claret.cat\/es\/wp-json\/wp\/v2\/product\/211093","targetHints":{"allow":["GET"]}}],"collection":[{"href":"https:\/\/www.claret.cat\/es\/wp-json\/wp\/v2\/product"}],"about":[{"href":"https:\/\/www.claret.cat\/es\/wp-json\/wp\/v2\/types\/product"}],"wp:featuredmedia":[{"embeddable":true,"href":"https:\/\/www.claret.cat\/es\/wp-json\/wp\/v2\/media\/211094"}],"wp:attachment":[{"href":"https:\/\/www.claret.cat\/es\/wp-json\/wp\/v2\/media?parent=211093"}],"wp:term":[{"taxonomy":"product_brand","embeddable":true,"href":"https:\/\/www.claret.cat\/es\/wp-json\/wp\/v2\/product_brand?post=211093"},{"taxonomy":"product_cat","embeddable":true,"href":"https:\/\/www.claret.cat\/es\/wp-json\/wp\/v2\/product_cat?post=211093"},{"taxonomy":"product_tag","embeddable":true,"href":"https:\/\/www.claret.cat\/es\/wp-json\/wp\/v2\/product_tag?post=211093"}],"curies":[{"name":"wp","href":"https:\/\/api.w.org\/{rel}","templated":true}]}}