{"id":211117,"date":"2022-10-20T12:06:50","date_gmt":"2022-10-20T10:06:50","guid":{"rendered":"http:\/\/dev.claret.cat\/producte\/ales-negres\/"},"modified":"2023-05-15T13:49:51","modified_gmt":"2023-05-15T11:49:51","slug":"ales-negres-9788490267295","status":"publish","type":"product","link":"https:\/\/www.claret.cat\/es\/libro\/ales-negres-9788490267295\/","title":{"rendered":"ALES NEGRES"},"content":{"rendered":"<p>Ahriel ha recobrat la seva llibertat i ha aconseguit venjar-se, per\u00f2 encara ha de fer una cosa. Despr\u00e9s danar a retre comptes als seus semblants a la Ciutat dels N\u00favols, es disposa a reprendre la recerca de la m\u00e0gica pres\u00f3 de G\u00f2rlian per recuperar all\u00f2 que va deixar enrere en fugir. Est\u00e0 decidida a fer qualsevol cosa per trobar-ho, fins i tot interrogar l\u00fanica persona que sap on samaga. Arribar fins a ella no ser\u00e0 gens f\u00e0cil, per\u00f2 aquesta vegada Ahriel no estar\u00e0 sola&#8230;<\/p>\n","protected":false},"excerpt":{"rendered":"<p>GALLEGO GARC\u00cdA, LAURA<\/p>\n","protected":false},"featured_media":319512,"template":"","meta":{"_acf_changed":false,"om_disable_all_campaigns":false,"rs_blank_template":"","rs_page_bg_color":"","slide_template_v7":"","inline_featured_image":false,"_monsterinsights_skip_tracking":false,"_monsterinsights_sitenote_active":false,"_monsterinsights_sitenote_note":"","_monsterinsights_sitenote_category":0},"product_brand":[],"product_cat":[352,86],"product_tag":[],"class_list":{"0":"post-211117","1":"product","2":"type-product","3":"status-publish","4":"has-post-thumbnail","6":"product_cat-infantil-3_infantil-juvenil-spa","7":"product_cat-infantil","9":"first","10":"instock","11":"taxable","12":"shipping-taxable","13":"purchasable","14":"product-type-simple"},"acf":{"autor":"GALLEGO GARC\u00cdA, LAURA","codart":"849026729","libros-coleccion":"ESFERA","ediciones":"1","encuadernacion":"R\u00fastica","fecha_de_publicacion":"01\/04\/2017","novedad":"1","paginas":"477","subtitulo":"","orden":"0","portada":"0","idioma":"cat","editorial":[{"ID":147873,"post_author":"3","post_date":"2022-10-14 11:53:52","post_date_gmt":"2022-10-14 09:53:52","post_content":"","post_title":"Edicions Bromera","post_excerpt":"","post_status":"publish","comment_status":"closed","ping_status":"closed","post_password":"","post_name":"edicions-bromera","to_ping":"","pinged":"","post_modified":"2022-10-14 11:53:52","post_modified_gmt":"2022-10-14 09:53:52","post_content_filtered":"","post_parent":0,"guid":"http:\/\/dev.claret.cat\/editorial\/edicions-bromera\/","menu_order":0,"post_type":"editorial","post_mime_type":"","comment_count":"0","filter":"raw"}],"autores-libros":[{"ID":309439,"post_author":"3","post_date":"2022-12-20 08:49:24","post_date_gmt":"2022-12-20 07:49:24","post_content":"","post_title":"LAURA GALLEGO GARCIA","post_excerpt":"","post_status":"publish","comment_status":"closed","ping_status":"closed","post_password":"","post_name":"laura-gallego-garcia","to_ping":"","pinged":"","post_modified":"2022-12-20 08:49:24","post_modified_gmt":"2022-12-20 07:49:24","post_content_filtered":"","post_parent":0,"guid":"https:\/\/www.claret.cat\/autor\/laura-gallego-garcia\/","menu_order":0,"post_type":"autor","post_mime_type":"","comment_count":"0","filter":"raw"}]},"aioseo_notices":[],"_links":{"self":[{"href":"https:\/\/www.claret.cat\/es\/wp-json\/wp\/v2\/product\/211117","targetHints":{"allow":["GET"]}}],"collection":[{"href":"https:\/\/www.claret.cat\/es\/wp-json\/wp\/v2\/product"}],"about":[{"href":"https:\/\/www.claret.cat\/es\/wp-json\/wp\/v2\/types\/product"}],"wp:featuredmedia":[{"embeddable":true,"href":"https:\/\/www.claret.cat\/es\/wp-json\/wp\/v2\/media\/319512"}],"wp:attachment":[{"href":"https:\/\/www.claret.cat\/es\/wp-json\/wp\/v2\/media?parent=211117"}],"wp:term":[{"taxonomy":"product_brand","embeddable":true,"href":"https:\/\/www.claret.cat\/es\/wp-json\/wp\/v2\/product_brand?post=211117"},{"taxonomy":"product_cat","embeddable":true,"href":"https:\/\/www.claret.cat\/es\/wp-json\/wp\/v2\/product_cat?post=211117"},{"taxonomy":"product_tag","embeddable":true,"href":"https:\/\/www.claret.cat\/es\/wp-json\/wp\/v2\/product_tag?post=211117"}],"curies":[{"name":"wp","href":"https:\/\/api.w.org\/{rel}","templated":true}]}}