{"id":21115,"date":"2022-10-02T09:28:30","date_gmt":"2022-10-02T07:28:30","guid":{"rendered":"http:\/\/dev.claret.cat\/producte\/via-crucis-bolsillo-rustica-color-nueva-edicion\/"},"modified":"2026-04-01T17:58:20","modified_gmt":"2026-04-01T15:58:20","slug":"via-crucis-bolsillo-rustica-color-nueva-edicion-9788432160073","status":"publish","type":"product","link":"https:\/\/www.claret.cat\/es\/libro\/via-crucis-bolsillo-rustica-color-nueva-edicion-9788432160073\/","title":{"rendered":"VIA CRUCIS, BOLSILLO, R\u00daSTICA, COLOR. NUEVA EDICI\u00d3N"},"content":{"rendered":"<p>Esta obra es fruto de la contemplaci\u00f3n de Josemar\u00eda Escriv\u00e1 de Balaguer sobre las escenas de la Pasi\u00f3n del Se\u00f1or. La primera edici\u00f3n es de 1981.<\/p>\n","protected":false},"excerpt":{"rendered":"<p>ESCRIV\u00c1 DE BALAGUER, JOSEMAR\u00cdA<\/p>\n","protected":false},"featured_media":344592,"template":"","meta":{"_acf_changed":false,"om_disable_all_campaigns":false,"rs_blank_template":"","rs_page_bg_color":"","slide_template_v7":"","inline_featured_image":false,"_monsterinsights_skip_tracking":false,"_monsterinsights_sitenote_active":false,"_monsterinsights_sitenote_note":"","_monsterinsights_sitenote_category":0},"product_brand":[],"product_cat":[92,542],"product_tag":[],"class_list":{"0":"post-21115","1":"product","2":"type-product","3":"status-publish","4":"has-post-thumbnail","6":"product_cat-vida-religiosa","7":"product_cat-vida-religiosa-1_espiritualidad-spa","9":"first","10":"instock","11":"taxable","12":"shipping-taxable","13":"purchasable","14":"product-type-simple"},"acf":{"autor":"ESCRIV\u00c1 DE BALAGUER, JOSEMAR\u00cdA","codart":"843216007","libros-coleccion":"","ediciones":"38","encuadernacion":"R\u00fastica","fecha_de_publicacion":"04\/10\/2021","novedad":"1","paginas":"132","subtitulo":"","orden":"0","portada":"0","idioma":"spa","editorial":[{"ID":6348,"post_author":"3","post_date":"2022-07-28 17:50:16","post_date_gmt":"2022-07-28 15:50:16","post_content":"","post_title":"Rialp","post_excerpt":"","post_status":"publish","comment_status":"closed","ping_status":"closed","post_password":"","post_name":"rialp","to_ping":"","pinged":"","post_modified":"2022-07-28 17:50:16","post_modified_gmt":"2022-07-28 15:50:16","post_content_filtered":"","post_parent":0,"guid":"http:\/\/dev.claret.cat\/editorial\/rialp\/","menu_order":0,"post_type":"editorial","post_mime_type":"","comment_count":"0","filter":"raw"}],"autores-libros":[{"ID":160616,"post_author":"3","post_date":"2022-10-14 15:54:31","post_date_gmt":"2022-10-14 13:54:31","post_content":"","post_title":"JOSEMARIA ESCRIVA DE BALAGUER","post_excerpt":"","post_status":"publish","comment_status":"closed","ping_status":"closed","post_password":"","post_name":"josemaria-escriva-de-balaguer","to_ping":"","pinged":"","post_modified":"2022-10-14 15:54:31","post_modified_gmt":"2022-10-14 13:54:31","post_content_filtered":"","post_parent":0,"guid":"http:\/\/dev.claret.cat\/autor\/josemaria-escriva-de-balaguer\/","menu_order":0,"post_type":"autor","post_mime_type":"","comment_count":"0","filter":"raw"}],"booktrailer":"","resenas":""},"aioseo_notices":[],"_links":{"self":[{"href":"https:\/\/www.claret.cat\/es\/wp-json\/wp\/v2\/product\/21115","targetHints":{"allow":["GET"]}}],"collection":[{"href":"https:\/\/www.claret.cat\/es\/wp-json\/wp\/v2\/product"}],"about":[{"href":"https:\/\/www.claret.cat\/es\/wp-json\/wp\/v2\/types\/product"}],"wp:featuredmedia":[{"embeddable":true,"href":"https:\/\/www.claret.cat\/es\/wp-json\/wp\/v2\/media\/344592"}],"wp:attachment":[{"href":"https:\/\/www.claret.cat\/es\/wp-json\/wp\/v2\/media?parent=21115"}],"wp:term":[{"taxonomy":"product_brand","embeddable":true,"href":"https:\/\/www.claret.cat\/es\/wp-json\/wp\/v2\/product_brand?post=21115"},{"taxonomy":"product_cat","embeddable":true,"href":"https:\/\/www.claret.cat\/es\/wp-json\/wp\/v2\/product_cat?post=21115"},{"taxonomy":"product_tag","embeddable":true,"href":"https:\/\/www.claret.cat\/es\/wp-json\/wp\/v2\/product_tag?post=21115"}],"curies":[{"name":"wp","href":"https:\/\/api.w.org\/{rel}","templated":true}]}}