{"id":211231,"date":"2022-10-20T12:08:57","date_gmt":"2022-10-20T10:08:57","guid":{"rendered":"http:\/\/dev.claret.cat\/producte\/la-economia-mundial\/"},"modified":"2023-01-28T20:08:25","modified_gmt":"2023-01-28T19:08:25","slug":"la-economia-mundial-9788490973011","status":"publish","type":"product","link":"https:\/\/www.claret.cat\/es\/libro\/la-economia-mundial-9788490973011\/","title":{"rendered":"LA ECONOM\u00cdA MUNDIAL"},"content":{"rendered":"<p>La econom\u00eda mundial no puede ser estudiada de manera complaciente. La gravedad de los problemas econ\u00f3micos y la relativa esterilidad de las interpretaciones habituales revelan la necesidad de aproximaciones cr\u00edticas al estudio de la econom\u00eda mundial. Cr\u00edticas en cuanto que no dan por sentada la bondad del sistema capitalista, ni distorsionan elementos b\u00e1sicos de la realidad, ni olvidan su dinamismo. A pesar de que a\u00fan no haya llegado a construir un paradigma global alternativo, el abanico de enfoques cr\u00edticos existentes s\u00ed que permite comprender en profundidad y con precisi\u00f3n las cracacter\u00edsticas estructurales y la din\u00e1mica actual, y atender a los problemas reales. Los autores, principales representantes de la econom\u00eda cr\u00edtica en nuestro pa\u00eds, sintetizan en este libro el vasto conocimiento de su trayectoria profesional y acad\u00e9mica, y logran as\u00ed articular una visi\u00f3n heterodoxa de la econom\u00eda mundial.<\/p>\n","protected":false},"excerpt":{"rendered":"<p>PEDRO JOS\u00c9 G\u00d3MEZ<\/p>\n","protected":false},"featured_media":211232,"template":"","meta":{"_acf_changed":false,"om_disable_all_campaigns":false,"rs_blank_template":"","rs_page_bg_color":"","slide_template_v7":"","inline_featured_image":false,"_monsterinsights_skip_tracking":false,"_monsterinsights_sitenote_active":false,"_monsterinsights_sitenote_note":"","_monsterinsights_sitenote_category":0},"product_brand":[],"product_cat":[84],"product_tag":[],"class_list":{"0":"post-211231","1":"product","2":"type-product","3":"status-publish","4":"has-post-thumbnail","6":"product_cat-sociologia","8":"first","9":"instock","10":"taxable","11":"shipping-taxable","12":"purchasable","13":"product-type-simple"},"acf":{"autor":"PEDRO JOS\u00c9 G\u00d3MEZ","codart":"849097301","libros-coleccion":"SUSHI BOOKS","ediciones":"1","encuadernacion":"R\u00fastica","fecha_de_publicacion":"01\/04\/2017","novedad":"1","paginas":"287","subtitulo":"","orden":"0","portada":"0","idioma":"spa","editorial":[{"ID":6287,"post_author":"3","post_date":"2022-07-28 17:48:57","post_date_gmt":"2022-07-28 15:48:57","post_content":"","post_title":"LIBROS DE LA CATARATA","post_excerpt":"","post_status":"publish","comment_status":"closed","ping_status":"closed","post_password":"","post_name":"libros-de-la-catarata","to_ping":"","pinged":"","post_modified":"2022-07-28 17:48:57","post_modified_gmt":"2022-07-28 15:48:57","post_content_filtered":"","post_parent":0,"guid":"http:\/\/dev.claret.cat\/editorial\/libros-de-la-catarata\/","menu_order":0,"post_type":"editorial","post_mime_type":"","comment_count":"0","filter":"raw"}]},"aioseo_notices":[],"_links":{"self":[{"href":"https:\/\/www.claret.cat\/es\/wp-json\/wp\/v2\/product\/211231","targetHints":{"allow":["GET"]}}],"collection":[{"href":"https:\/\/www.claret.cat\/es\/wp-json\/wp\/v2\/product"}],"about":[{"href":"https:\/\/www.claret.cat\/es\/wp-json\/wp\/v2\/types\/product"}],"wp:featuredmedia":[{"embeddable":true,"href":"https:\/\/www.claret.cat\/es\/wp-json\/wp\/v2\/media\/211232"}],"wp:attachment":[{"href":"https:\/\/www.claret.cat\/es\/wp-json\/wp\/v2\/media?parent=211231"}],"wp:term":[{"taxonomy":"product_brand","embeddable":true,"href":"https:\/\/www.claret.cat\/es\/wp-json\/wp\/v2\/product_brand?post=211231"},{"taxonomy":"product_cat","embeddable":true,"href":"https:\/\/www.claret.cat\/es\/wp-json\/wp\/v2\/product_cat?post=211231"},{"taxonomy":"product_tag","embeddable":true,"href":"https:\/\/www.claret.cat\/es\/wp-json\/wp\/v2\/product_tag?post=211231"}],"curies":[{"name":"wp","href":"https:\/\/api.w.org\/{rel}","templated":true}]}}