{"id":211330,"date":"2022-10-20T12:10:46","date_gmt":"2022-10-20T10:10:46","guid":{"rendered":"http:\/\/dev.claret.cat\/producte\/el-poder-del-desorden\/"},"modified":"2023-01-28T18:56:34","modified_gmt":"2023-01-28T17:56:34","slug":"el-poder-del-desorden-9788416029464","status":"publish","type":"product","link":"https:\/\/www.claret.cat\/es\/libro\/el-poder-del-desorden-9788416029464\/","title":{"rendered":"EL PODER DEL DESORDEN"},"content":{"rendered":"<p>\u00bfPor qu\u00e9 nos resistimos al desorden en lugar de abandonarnos a \u00e9l?Descubre los beneficios que el desorden aporta a nuestra vida y c\u00f3mo permite alcanzar nuevas metas.El poder del desorden celebra los beneficios que el desorden  aporta a nuestra vida. A partir de los hallazgos en el terreno de la  neurociencia, la psicolog\u00eda y las ciencias sociales, ilustrados con  casos protagonizados por personalidades de los negocios, la pol\u00edtica y las artes, Tim Harford, autor de El economista camuflado, explora  por qu\u00e9 es importante el desorden, por qu\u00e9  nos resistimos a \u00e9l y por qu\u00e9 deber\u00edamos dejar de hacerlo.Y este provocativo y revelador elogio de la magia del desorden, y de  las ventajas que aporta a nuestra vida en el \u00e1mbito profesional y  personal, nos invita a aceptar los cambios de planes inesperados, la  irrupci\u00f3n de personas desconocidas o los sucesos imprevistos que ser\u00e1n  clave para generar nuevas ideas. Porque cualidades humanas tan valoradas  como la creatividad, la resiliencia o la capacidad de innovaci\u00f3n son intr\u00ednsecas al desorden, y los \u00e9xitos que despiertan nuestra admiraci\u00f3n a menudo se alzan sobre la improvisaci\u00f3n y la confusi\u00f3n.Con este libro descubriremos que algunas de las personas m\u00e1s creativas  del mundo ya han sabido aprovechar el poder del desorden para alcanzar nuevas metas.Rese\u00f1as:<br \/>\u00abAbsolutamente fascinante. Tim Harford demuestra que para ser creativos  y resilientes debemos introducir el desorden en nuestro mundo.\u00bb<br \/>Adam Grant, autor de Dar y recibir\u00abMagistral.\u00bb<br \/>The Economist\u00abUn nuevo libro de Tim Harford siempre es motivo de alegr\u00eda.\u00bb<br \/>Malcolm Gladwell, autor de Fueras de serie\u00abUn libro muy, muy bueno, ingenioso y perspicaz.\u00bb<br \/>Brian Eno<\/p>\n","protected":false},"excerpt":{"rendered":"<p>HARFORD, TIM<\/p>\n","protected":false},"featured_media":211331,"template":"","meta":{"_acf_changed":false,"om_disable_all_campaigns":false,"rs_blank_template":"","rs_page_bg_color":"","slide_template_v7":"","inline_featured_image":false,"_monsterinsights_skip_tracking":false,"_monsterinsights_sitenote_active":false,"_monsterinsights_sitenote_note":"","_monsterinsights_sitenote_category":0},"product_brand":[],"product_cat":[81],"product_tag":[],"class_list":{"0":"post-211330","1":"product","2":"type-product","3":"status-publish","4":"has-post-thumbnail","6":"product_cat-psicologia","8":"first","9":"instock","10":"taxable","11":"shipping-taxable","12":"purchasable","13":"product-type-simple"},"acf":{"autor":"HARFORD, TIM","codart":"841602946","libros-coleccion":"SUSHI BOOKS","ediciones":"1","encuadernacion":"R\u00fastica","fecha_de_publicacion":"01\/04\/2017","novedad":"1","paginas":"333","subtitulo":"PARA TRANSFORMAR NUESTRA VIDA","orden":"0","portada":"0","idioma":"spa","editorial":[{"ID":147656,"post_author":"3","post_date":"2022-10-14 11:52:14","post_date_gmt":"2022-10-14 09:52:14","post_content":"","post_title":"CONECTA","post_excerpt":"","post_status":"publish","comment_status":"closed","ping_status":"closed","post_password":"","post_name":"conecta","to_ping":"","pinged":"","post_modified":"2022-10-14 11:52:14","post_modified_gmt":"2022-10-14 09:52:14","post_content_filtered":"","post_parent":0,"guid":"http:\/\/dev.claret.cat\/editorial\/conecta\/","menu_order":0,"post_type":"editorial","post_mime_type":"","comment_count":"0","filter":"raw"}],"autores-libros":[{"ID":170400,"post_author":"3","post_date":"2022-10-14 22:35:01","post_date_gmt":"2022-10-14 20:35:01","post_content":"","post_title":"TIM HARFORD","post_excerpt":"","post_status":"publish","comment_status":"closed","ping_status":"closed","post_password":"","post_name":"tim-harford","to_ping":"","pinged":"","post_modified":"2022-10-14 22:35:01","post_modified_gmt":"2022-10-14 20:35:01","post_content_filtered":"","post_parent":0,"guid":"http:\/\/dev.claret.cat\/autor\/tim-harford\/","menu_order":0,"post_type":"autor","post_mime_type":"","comment_count":"0","filter":"raw"}]},"aioseo_notices":[],"_links":{"self":[{"href":"https:\/\/www.claret.cat\/es\/wp-json\/wp\/v2\/product\/211330","targetHints":{"allow":["GET"]}}],"collection":[{"href":"https:\/\/www.claret.cat\/es\/wp-json\/wp\/v2\/product"}],"about":[{"href":"https:\/\/www.claret.cat\/es\/wp-json\/wp\/v2\/types\/product"}],"wp:featuredmedia":[{"embeddable":true,"href":"https:\/\/www.claret.cat\/es\/wp-json\/wp\/v2\/media\/211331"}],"wp:attachment":[{"href":"https:\/\/www.claret.cat\/es\/wp-json\/wp\/v2\/media?parent=211330"}],"wp:term":[{"taxonomy":"product_brand","embeddable":true,"href":"https:\/\/www.claret.cat\/es\/wp-json\/wp\/v2\/product_brand?post=211330"},{"taxonomy":"product_cat","embeddable":true,"href":"https:\/\/www.claret.cat\/es\/wp-json\/wp\/v2\/product_cat?post=211330"},{"taxonomy":"product_tag","embeddable":true,"href":"https:\/\/www.claret.cat\/es\/wp-json\/wp\/v2\/product_tag?post=211330"}],"curies":[{"name":"wp","href":"https:\/\/api.w.org\/{rel}","templated":true}]}}