{"id":211366,"date":"2022-10-20T12:11:26","date_gmt":"2022-10-20T10:11:26","guid":{"rendered":"http:\/\/dev.claret.cat\/producte\/el-poder-del-no\/"},"modified":"2025-07-09T11:51:07","modified_gmt":"2025-07-09T09:51:07","slug":"el-poder-del-no-9788416029990","status":"publish","type":"product","link":"https:\/\/www.claret.cat\/es\/libro\/el-poder-del-no-9788416029990\/","title":{"rendered":"EL PODER DEL NO"},"content":{"rendered":"<p>\u00abNo\u00bb es una palabra que a veces cuesta mucho pronunciar, que puede  resultar dolorosa incluso. Pero es muy necesaria. \u00bfCu\u00e1ntas veces has  dicho que s\u00ed a peticiones que te desbordan, a relaciones t\u00f3xicas o a  obligaciones que consumen tu tiempo? \u00bfY cu\u00e1ntas veces has deseado tener fuerzas para rechazarlas? Este libro pr\u00e1ctico y lleno de vida te ayudar\u00e1 a obtener la energ\u00eda  necesaria para hacerlo y te demostrar\u00e1 que un NO a tiempo no  solo te ahorrar\u00e1 problemas sino que puede incluso salvarte la vida. En muchas circunstancias de la vida es necesario preguntarse \u00ab\u00bfDebo  decir NO?\u00bb, especialmente si nos planteamos darle un giro a nuestra vida para ser m\u00e1s felices y superar nuestros l\u00edmites. El NO nos permite acceder a un poder que no sab\u00edamos que ten\u00edamos, un  poder que aportar\u00e1 abundancia y paz a nuestra vida, y que nos  har\u00e1 sentirnos m\u00e1s seguros. Aprender a decir NO aumenta estrat\u00e9gicamente nuestra productividad, nos  ayuda a clarificar las prioridades y a disponer de m\u00e1s tiempo para  dedic\u00e1rselo a las personas y los proyectos m\u00e1s importantes de nuestra  vida. Porque cada NO elimina una barrera, tanto en las  relaciones personales como en el trabajo. El poder del NO te permite comprenderte y descubrir qu\u00e9 es lo  mejor para ti y para quienes te rodean y, adem\u00e1s, te libera para que  puedas dar un poderoso S\u00cd en tu vida, el que abrir\u00e1 la puerta a las oportunidades y al amor. Rese\u00f1as:<br \/> \u00abUn libro repleto de magia que cambiar\u00e1 tu vida.\u00bb <br \/>Cheryl Richardson, autora de The Art of Extreme Self Care\u00abRecomendar\u00eda este libro a cualquier individuo de la especie humana. Es valiente, inspirador y \u00fatil. Me infundi\u00f3 valor para dejar a  un lado las  distracciones y concentrarme en las cosas importantes de la vida, como promocionar este libro.\u00bb<br \/> A.J. Jacobs, Autor de La Biblia al pie de la letra y de  The Know-It-All \u00abJames Altucher es tan listo que da miedo.\u00bb<br \/>Stephen J. Dubner, autor de Freakonomics\u00abJames eligi\u00f3 su propio camino al \u00e9xito sin saber cu\u00e1l ser\u00eda el  resultado. Est\u00e1 claro que si t\u00fa no tomas decisiones valientes, nadie lo har\u00e1 por ti.\u00bb <br \/>Dick Costolo, ex CEO de Twitter<\/p>\n","protected":false},"excerpt":{"rendered":"<p>ALTUCHER,, CLAUDIA AZULA \/ ALTUCHER, JAMES<\/p>\n","protected":false},"featured_media":1045626,"template":"","meta":{"_acf_changed":false,"om_disable_all_campaigns":false,"rs_blank_template":"","rs_page_bg_color":"","slide_template_v7":"","inline_featured_image":false,"_monsterinsights_skip_tracking":false,"_monsterinsights_sitenote_active":false,"_monsterinsights_sitenote_note":"","_monsterinsights_sitenote_category":0},"product_brand":[],"product_cat":[81,347],"product_tag":[],"class_list":{"0":"post-211366","1":"product","2":"type-product","3":"status-publish","4":"has-post-thumbnail","6":"product_cat-psicologia","7":"product_cat-psicologia-2_humanidades","9":"first","10":"outofstock","11":"taxable","12":"shipping-taxable","13":"purchasable","14":"product-type-simple"},"acf":{"autor":"ALTUCHER,, CLAUDIA AZULA \/ ALTUCHER, JAMES","codart":"841602999","libros-coleccion":"SUSHI BOOKS","ediciones":"1","encuadernacion":"R\u00fastica","fecha_de_publicacion":"01\/04\/2017","novedad":"0","paginas":"256","subtitulo":"UNA PEQUE\u00d1A PALABRA QUE TE DAR\u00c1 SALUD, ABUNDANCIA Y FELICIDAD","orden":"0","portada":"0","idioma":"spa","editorial":[{"ID":147656,"post_author":"3","post_date":"2022-10-14 11:52:14","post_date_gmt":"2022-10-14 09:52:14","post_content":"","post_title":"CONECTA","post_excerpt":"","post_status":"publish","comment_status":"closed","ping_status":"closed","post_password":"","post_name":"conecta","to_ping":"","pinged":"","post_modified":"2022-10-14 11:52:14","post_modified_gmt":"2022-10-14 09:52:14","post_content_filtered":"","post_parent":0,"guid":"http:\/\/dev.claret.cat\/editorial\/conecta\/","menu_order":0,"post_type":"editorial","post_mime_type":"","comment_count":"0","filter":"raw"}],"booktrailer":"","resenas":"","autores-libros":[{"ID":263193,"post_author":"3","post_date":"2022-12-01 11:12:30","post_date_gmt":"2022-12-01 10:12:30","post_content":"","post_title":"ALTUCHER","post_excerpt":"","post_status":"publish","comment_status":"closed","ping_status":"closed","post_password":"","post_name":"altucher","to_ping":"","pinged":"","post_modified":"2022-12-01 11:12:30","post_modified_gmt":"2022-12-01 10:12:30","post_content_filtered":"","post_parent":0,"guid":"http:\/\/dev.claret.cat\/autor\/altucher\/","menu_order":0,"post_type":"autor","post_mime_type":"","comment_count":"0","filter":"raw"},{"ID":423716,"post_author":"3","post_date":"2023-05-16 07:45:45","post_date_gmt":"2023-05-16 05:45:45","post_content":"","post_title":"JAMES ALTUCHER","post_excerpt":"","post_status":"publish","comment_status":"closed","ping_status":"closed","post_password":"","post_name":"james-altucher","to_ping":"","pinged":"","post_modified":"2023-05-16 07:45:45","post_modified_gmt":"2023-05-16 05:45:45","post_content_filtered":"","post_parent":0,"guid":"https:\/\/www.claret.cat\/autor\/james-altucher\/","menu_order":0,"post_type":"autor","post_mime_type":"","comment_count":"0","filter":"raw"}]},"aioseo_notices":[],"_links":{"self":[{"href":"https:\/\/www.claret.cat\/es\/wp-json\/wp\/v2\/product\/211366","targetHints":{"allow":["GET"]}}],"collection":[{"href":"https:\/\/www.claret.cat\/es\/wp-json\/wp\/v2\/product"}],"about":[{"href":"https:\/\/www.claret.cat\/es\/wp-json\/wp\/v2\/types\/product"}],"wp:featuredmedia":[{"embeddable":true,"href":"https:\/\/www.claret.cat\/es\/wp-json\/wp\/v2\/media\/1045626"}],"wp:attachment":[{"href":"https:\/\/www.claret.cat\/es\/wp-json\/wp\/v2\/media?parent=211366"}],"wp:term":[{"taxonomy":"product_brand","embeddable":true,"href":"https:\/\/www.claret.cat\/es\/wp-json\/wp\/v2\/product_brand?post=211366"},{"taxonomy":"product_cat","embeddable":true,"href":"https:\/\/www.claret.cat\/es\/wp-json\/wp\/v2\/product_cat?post=211366"},{"taxonomy":"product_tag","embeddable":true,"href":"https:\/\/www.claret.cat\/es\/wp-json\/wp\/v2\/product_tag?post=211366"}],"curies":[{"name":"wp","href":"https:\/\/api.w.org\/{rel}","templated":true}]}}