{"id":211393,"date":"2022-10-20T12:11:58","date_gmt":"2022-10-20T10:11:58","guid":{"rendered":"http:\/\/dev.claret.cat\/producte\/historia-de-la-preso-model-de-barcelona-2a-edicio\/"},"modified":"2023-01-27T23:41:31","modified_gmt":"2023-01-27T22:41:31","slug":"historia-de-la-preso-model-de-barcelona-2a-edicio-9788499758503","status":"publish","type":"product","link":"https:\/\/www.claret.cat\/es\/libro\/historia-de-la-preso-model-de-barcelona-2a-edicio-9788499758503\/","title":{"rendered":"HIST\u00d2RIA DE LA PRES\u00d3 MODEL DE BARCELONA (2A. EDICI\u00d3)"},"content":{"rendered":"<p>La pres\u00f3 \u00e9s un reflex de la societat que l&#8217;ha constru\u00efda, en l&#8217;opini\u00f3 de Michel Foucault, i con\u00e8ixer una col\u00b7lectivitat \u00e9s tamb\u00e9 saber com s&#8217;estructura el seu control social. En aquest marc d&#8217;an\u00e0lisi, un equip d&#8217;historiadors ha aprofundit en la hist\u00f2ria de la pres\u00f3 Model des de 1904 a 1993. Aix\u00ed, el llibre que teniu a les mans mostra que els problemes socials no els arreglaven els centres de c\u00e0stig i de reclusi\u00f3, i que la Model, que ha viscut igualment que el pa\u00eds els batecs convulsos de les primeres d\u00e8cades del segle, amb la complexitat d&#8217;estar ubicada al mig de la ciutat, toca a la seva fi. Enrere queda una llarga hist\u00f2ria i el cruent record d&#8217;haver estat un centre de reclusi\u00f3, c\u00e0stig i tamb\u00e9 mort per a molts centenars de persones que no havien com\u00e8s altre crim que lluitar per la democr\u00e0cia, la llibertat i la just\u00edcia social.<\/p>\n","protected":false},"excerpt":{"rendered":"<p>JUNQUERAS, ORIOL; SOL\u00c9 SABAT<\/p>\n","protected":false},"featured_media":211394,"template":"","meta":{"_acf_changed":false,"om_disable_all_campaigns":false,"rs_blank_template":"","rs_page_bg_color":"","slide_template_v7":"","inline_featured_image":false,"_monsterinsights_skip_tracking":false,"_monsterinsights_sitenote_active":false,"_monsterinsights_sitenote_note":"","_monsterinsights_sitenote_category":0},"product_brand":[],"product_cat":[85],"product_tag":[],"class_list":{"0":"post-211393","1":"product","2":"type-product","3":"status-publish","4":"has-post-thumbnail","6":"product_cat-historia","8":"first","9":"instock","10":"taxable","11":"shipping-taxable","12":"purchasable","13":"product-type-simple"},"acf":{"autor":"JUNQUERAS, ORIOL; SOL\u00c9 SABAT","codart":"849975850","libros-coleccion":"","ediciones":"1","encuadernacion":"R\u00fastica","fecha_de_publicacion":"01\/04\/2017","novedad":"1","paginas":"350","subtitulo":"","orden":"0","portada":"0","idioma":"cat","editorial":[{"ID":6322,"post_author":"3","post_date":"2022-07-28 17:49:42","post_date_gmt":"2022-07-28 15:49:42","post_content":"","post_title":"PAG\u00c8S EDITORS","post_excerpt":"","post_status":"publish","comment_status":"closed","ping_status":"closed","post_password":"","post_name":"pages-editors","to_ping":"","pinged":"","post_modified":"2022-07-28 17:49:42","post_modified_gmt":"2022-07-28 15:49:42","post_content_filtered":"","post_parent":0,"guid":"http:\/\/dev.claret.cat\/editorial\/pages-editors\/","menu_order":0,"post_type":"editorial","post_mime_type":"","comment_count":"0","filter":"raw"}],"autores-libros":[{"ID":168534,"post_author":"3","post_date":"2022-10-14 22:19:53","post_date_gmt":"2022-10-14 20:19:53","post_content":"","post_title":"ROSA TOR\u00c1N BELVER","post_excerpt":"","post_status":"publish","comment_status":"closed","ping_status":"closed","post_password":"","post_name":"rosa-toran-belver","to_ping":"","pinged":"","post_modified":"2022-10-14 22:19:53","post_modified_gmt":"2022-10-14 20:19:53","post_content_filtered":"","post_parent":0,"guid":"http:\/\/dev.claret.cat\/autor\/rosa-toran-belver\/","menu_order":0,"post_type":"autor","post_mime_type":"","comment_count":"0","filter":"raw"},{"ID":166252,"post_author":"3","post_date":"2022-10-14 18:01:40","post_date_gmt":"2022-10-14 16:01:40","post_content":"","post_title":"ORIOL JUNQUERAS","post_excerpt":"","post_status":"publish","comment_status":"closed","ping_status":"closed","post_password":"","post_name":"oriol-junqueras","to_ping":"","pinged":"","post_modified":"2022-10-14 18:01:40","post_modified_gmt":"2022-10-14 16:01:40","post_content_filtered":"","post_parent":0,"guid":"http:\/\/dev.claret.cat\/autor\/oriol-junqueras\/","menu_order":0,"post_type":"autor","post_mime_type":"","comment_count":"0","filter":"raw"}]},"aioseo_notices":[],"_links":{"self":[{"href":"https:\/\/www.claret.cat\/es\/wp-json\/wp\/v2\/product\/211393","targetHints":{"allow":["GET"]}}],"collection":[{"href":"https:\/\/www.claret.cat\/es\/wp-json\/wp\/v2\/product"}],"about":[{"href":"https:\/\/www.claret.cat\/es\/wp-json\/wp\/v2\/types\/product"}],"wp:featuredmedia":[{"embeddable":true,"href":"https:\/\/www.claret.cat\/es\/wp-json\/wp\/v2\/media\/211394"}],"wp:attachment":[{"href":"https:\/\/www.claret.cat\/es\/wp-json\/wp\/v2\/media?parent=211393"}],"wp:term":[{"taxonomy":"product_brand","embeddable":true,"href":"https:\/\/www.claret.cat\/es\/wp-json\/wp\/v2\/product_brand?post=211393"},{"taxonomy":"product_cat","embeddable":true,"href":"https:\/\/www.claret.cat\/es\/wp-json\/wp\/v2\/product_cat?post=211393"},{"taxonomy":"product_tag","embeddable":true,"href":"https:\/\/www.claret.cat\/es\/wp-json\/wp\/v2\/product_tag?post=211393"}],"curies":[{"name":"wp","href":"https:\/\/api.w.org\/{rel}","templated":true}]}}