{"id":211417,"date":"2022-10-20T12:12:26","date_gmt":"2022-10-20T10:12:26","guid":{"rendered":"http:\/\/dev.claret.cat\/producte\/no-com-tots\/"},"modified":"2023-05-12T14:40:24","modified_gmt":"2023-05-12T12:40:24","slug":"no-com-tots-9788416394487","status":"publish","type":"product","link":"https:\/\/www.claret.cat\/es\/libro\/no-com-tots-9788416394487\/","title":{"rendered":"NO COM TOTS"},"content":{"rendered":"<p>A la gran ciutat dels gossos, tots s&#8217;afanyen, tots estan molt ocupats i tots fan el mateix. Per\u00f2, de sobte, apareix una gosseta que no fa el mateix que tots i aix\u00f2 fa que no trobi el seu espai en aquesta gran metr\u00f2polis. Aix\u00ed que decideix fer la maleta per buscar el seu lloc al m\u00f3n. En aquest viatge la protagonista descobrir\u00e0 que no hi ha res de mal a ser diferent i tornar\u00e0 all\u00e0 on tot va comen\u00e7ar per viure la vida amb una nova perspectiva.<\/p>\n","protected":false},"excerpt":{"rendered":"<p>BIDDULPH, ROB<\/p>\n","protected":false},"featured_media":211418,"template":"","meta":{"_acf_changed":false,"om_disable_all_campaigns":false,"rs_blank_template":"","rs_page_bg_color":"","slide_template_v7":"","inline_featured_image":false,"_monsterinsights_skip_tracking":false,"_monsterinsights_sitenote_active":false,"_monsterinsights_sitenote_note":"","_monsterinsights_sitenote_category":0},"product_brand":[],"product_cat":[86,352],"product_tag":[],"class_list":{"0":"post-211417","1":"product","2":"type-product","3":"status-publish","4":"has-post-thumbnail","6":"product_cat-infantil","7":"product_cat-infantil-3_infantil-juvenil-spa","9":"first","10":"instock","11":"taxable","12":"shipping-taxable","13":"purchasable","14":"product-type-simple"},"acf":{"autor":"BIDDULPH, ROB","codart":"841639448","libros-coleccion":"SUSHI BOOKS","ediciones":"1","encuadernacion":"Carton\u00e9","fecha_de_publicacion":"01\/04\/2017","novedad":"1","paginas":"35","subtitulo":"","orden":"0","portada":"0","idioma":"cat","editorial":[{"ID":147439,"post_author":"3","post_date":"2022-10-14 11:50:35","post_date_gmt":"2022-10-14 09:50:35","post_content":"","post_title":"Andana Editorial","post_excerpt":"","post_status":"publish","comment_status":"closed","ping_status":"closed","post_password":"","post_name":"andana-editorial","to_ping":"","pinged":"","post_modified":"2022-10-14 11:50:35","post_modified_gmt":"2022-10-14 09:50:35","post_content_filtered":"","post_parent":0,"guid":"http:\/\/dev.claret.cat\/editorial\/andana-editorial\/","menu_order":0,"post_type":"editorial","post_mime_type":"","comment_count":"0","filter":"raw"}],"autores-libros":[{"ID":168159,"post_author":"3","post_date":"2022-10-14 18:17:00","post_date_gmt":"2022-10-14 16:17:00","post_content":"","post_title":"ROB BIDDULPH","post_excerpt":"","post_status":"publish","comment_status":"closed","ping_status":"closed","post_password":"","post_name":"rob-biddulph","to_ping":"","pinged":"","post_modified":"2022-10-14 18:17:00","post_modified_gmt":"2022-10-14 16:17:00","post_content_filtered":"","post_parent":0,"guid":"http:\/\/dev.claret.cat\/autor\/rob-biddulph\/","menu_order":0,"post_type":"autor","post_mime_type":"","comment_count":"0","filter":"raw"}]},"aioseo_notices":[],"_links":{"self":[{"href":"https:\/\/www.claret.cat\/es\/wp-json\/wp\/v2\/product\/211417","targetHints":{"allow":["GET"]}}],"collection":[{"href":"https:\/\/www.claret.cat\/es\/wp-json\/wp\/v2\/product"}],"about":[{"href":"https:\/\/www.claret.cat\/es\/wp-json\/wp\/v2\/types\/product"}],"wp:featuredmedia":[{"embeddable":true,"href":"https:\/\/www.claret.cat\/es\/wp-json\/wp\/v2\/media\/211418"}],"wp:attachment":[{"href":"https:\/\/www.claret.cat\/es\/wp-json\/wp\/v2\/media?parent=211417"}],"wp:term":[{"taxonomy":"product_brand","embeddable":true,"href":"https:\/\/www.claret.cat\/es\/wp-json\/wp\/v2\/product_brand?post=211417"},{"taxonomy":"product_cat","embeddable":true,"href":"https:\/\/www.claret.cat\/es\/wp-json\/wp\/v2\/product_cat?post=211417"},{"taxonomy":"product_tag","embeddable":true,"href":"https:\/\/www.claret.cat\/es\/wp-json\/wp\/v2\/product_tag?post=211417"}],"curies":[{"name":"wp","href":"https:\/\/api.w.org\/{rel}","templated":true}]}}