{"id":211423,"date":"2022-10-20T12:12:33","date_gmt":"2022-10-20T10:12:33","guid":{"rendered":"http:\/\/dev.claret.cat\/producte\/taula-i-barra\/"},"modified":"2025-02-24T19:35:25","modified_gmt":"2025-02-24T18:35:25","slug":"taula-i-barra-9788416372386","status":"publish","type":"product","link":"https:\/\/www.claret.cat\/es\/libro\/taula-i-barra-9788416372386\/","title":{"rendered":"TAULA I BARRA"},"content":{"rendered":"<p>En aquesta obra, Quim Monz\u00f3 ens parla de menjar i de beure. Juli\u00e0 Guillamon aplega en aquest llibre una s\u00e8rie dels seus millors articles sobre el menjar i el beure, ordenats per conceptes (aigua, arr\u00f2s, brou, xampany, entrepans, escudella&#8230; ). Una meravella d&#8217;un dels autors m\u00e9s llegits de Catalunya, despr\u00e9s de sis anys sense publicar-ne cap.<\/p>\n","protected":false},"excerpt":{"rendered":"<p>MONZ\u00d3, QUIM<\/p>\n","protected":false},"featured_media":211424,"template":"","meta":{"_acf_changed":false,"om_disable_all_campaigns":false,"rs_blank_template":"","rs_page_bg_color":"","slide_template_v7":"","inline_featured_image":false,"_monsterinsights_skip_tracking":false,"_monsterinsights_sitenote_active":false,"_monsterinsights_sitenote_note":"","_monsterinsights_sitenote_category":0},"product_brand":[],"product_cat":[553,103],"product_tag":[],"class_list":{"0":"post-211423","1":"product","2":"type-product","3":"status-publish","4":"has-post-thumbnail","6":"product_cat-cocina","7":"product_cat-cuina","9":"first","10":"instock","11":"taxable","12":"shipping-taxable","13":"purchasable","14":"product-type-simple"},"acf":{"autor":"MONZ\u00d3, QUIM","codart":"841637238","libros-coleccion":"","ediciones":"1","encuadernacion":"Carpeta","fecha_de_publicacion":"01\/04\/2017","novedad":"1","paginas":"223","subtitulo":"","orden":"0","portada":"0","idioma":"cat","editorial":[{"ID":148381,"post_author":"3","post_date":"2022-10-14 11:57:48","post_date_gmt":"2022-10-14 09:57:48","post_content":"","post_title":"LA VANGUARDIA EDICIONES","post_excerpt":"","post_status":"publish","comment_status":"closed","ping_status":"closed","post_password":"","post_name":"la-vanguardia-ediciones","to_ping":"","pinged":"","post_modified":"2022-10-14 11:57:48","post_modified_gmt":"2022-10-14 09:57:48","post_content_filtered":"","post_parent":0,"guid":"http:\/\/dev.claret.cat\/editorial\/la-vanguardia-ediciones\/","menu_order":0,"post_type":"editorial","post_mime_type":"","comment_count":"0","filter":"raw"}],"autores-libros":[{"ID":403772,"post_author":"3","post_date":"2023-02-27 07:55:07","post_date_gmt":"2023-02-27 06:55:07","post_content":"","post_title":"QUIM MONZ\u00d3","post_excerpt":"","post_status":"publish","comment_status":"closed","ping_status":"closed","post_password":"","post_name":"quim-monzo","to_ping":"","pinged":"","post_modified":"2023-02-27 07:55:07","post_modified_gmt":"2023-02-27 06:55:07","post_content_filtered":"","post_parent":0,"guid":"https:\/\/www.claret.cat\/autor\/quim-monzo\/","menu_order":0,"post_type":"autor","post_mime_type":"","comment_count":"0","filter":"raw"}]},"aioseo_notices":[],"_links":{"self":[{"href":"https:\/\/www.claret.cat\/es\/wp-json\/wp\/v2\/product\/211423","targetHints":{"allow":["GET"]}}],"collection":[{"href":"https:\/\/www.claret.cat\/es\/wp-json\/wp\/v2\/product"}],"about":[{"href":"https:\/\/www.claret.cat\/es\/wp-json\/wp\/v2\/types\/product"}],"wp:featuredmedia":[{"embeddable":true,"href":"https:\/\/www.claret.cat\/es\/wp-json\/wp\/v2\/media\/211424"}],"wp:attachment":[{"href":"https:\/\/www.claret.cat\/es\/wp-json\/wp\/v2\/media?parent=211423"}],"wp:term":[{"taxonomy":"product_brand","embeddable":true,"href":"https:\/\/www.claret.cat\/es\/wp-json\/wp\/v2\/product_brand?post=211423"},{"taxonomy":"product_cat","embeddable":true,"href":"https:\/\/www.claret.cat\/es\/wp-json\/wp\/v2\/product_cat?post=211423"},{"taxonomy":"product_tag","embeddable":true,"href":"https:\/\/www.claret.cat\/es\/wp-json\/wp\/v2\/product_tag?post=211423"}],"curies":[{"name":"wp","href":"https:\/\/api.w.org\/{rel}","templated":true}]}}