{"id":211474,"date":"2022-10-20T12:13:33","date_gmt":"2022-10-20T10:13:33","guid":{"rendered":"http:\/\/dev.claret.cat\/producte\/el-huerto-ecologico-en-macetas\/"},"modified":"2025-02-04T17:17:41","modified_gmt":"2025-02-04T16:17:41","slug":"el-huerto-ecologico-en-macetas-9788491180753","status":"publish","type":"product","link":"https:\/\/www.claret.cat\/es\/libro\/el-huerto-ecologico-en-macetas-9788491180753\/","title":{"rendered":"EL HUERTO ECOLOGICO EN MACETAS"},"content":{"rendered":"<p>Una obra exhaustiva con todo lo que necesitas para crear tu huerto ecol\u00f3gico: tipos de hortalizas, tipos de tierra, las herramientas, el uso de abonos, el riego, c\u00f3mo detectar, tratar y prevenir las enfermedades, los tipos de semillas, c\u00f3mo diferenciar las plagas de los insectos beneficiosos y necesarios, los tiempos de siembra y recogida, el huerto medicinal,&#8230; Acompa\u00f1a a Hortensia Lem\u00e4itre y Jos\u00e9 T. Gallego a trav\u00e9s de sus m\u00e1s de 200 p\u00e1ginas de informaci\u00f3n para crear tu propio huerto urbano, repletas de tablas, ilustraciones y fotograf\u00edas a todo color.<\/p>\n","protected":false},"excerpt":{"rendered":"<p>LEMAITRE , HORTENSIA<\/p>\n","protected":false},"featured_media":211475,"template":"","meta":{"_acf_changed":false,"om_disable_all_campaigns":false,"rs_blank_template":"","rs_page_bg_color":"","slide_template_v7":"","inline_featured_image":false,"_monsterinsights_skip_tracking":false,"_monsterinsights_sitenote_active":false,"_monsterinsights_sitenote_note":"","_monsterinsights_sitenote_category":0},"product_brand":[],"product_cat":[547,97],"product_tag":[],"class_list":{"0":"post-211474","1":"product","2":"type-product","3":"status-publish","4":"has-post-thumbnail","6":"product_cat-salud","7":"product_cat-salut","9":"first","10":"instock","11":"taxable","12":"shipping-taxable","13":"purchasable","14":"product-type-simple"},"acf":{"autor":"LEMAITRE , HORTENSIA","codart":"849118075","libros-coleccion":"SUSHI BOOKS","ediciones":"1","encuadernacion":"R\u00fastica","fecha_de_publicacion":"01\/04\/2017","novedad":"1","paginas":"238","subtitulo":"","orden":"0","portada":"0","idioma":"spa","editorial":[{"ID":148735,"post_author":"3","post_date":"2022-10-14 12:00:34","post_date_gmt":"2022-10-14 10:00:34","post_content":"","post_title":"RBA Integral","post_excerpt":"","post_status":"publish","comment_status":"closed","ping_status":"closed","post_password":"","post_name":"rba-integral","to_ping":"","pinged":"","post_modified":"2022-10-14 12:00:34","post_modified_gmt":"2022-10-14 10:00:34","post_content_filtered":"","post_parent":0,"guid":"http:\/\/dev.claret.cat\/editorial\/rba-integral\/","menu_order":0,"post_type":"editorial","post_mime_type":"","comment_count":"0","filter":"raw"}],"autores-libros":[{"ID":423379,"post_author":"3","post_date":"2023-05-16 07:38:47","post_date_gmt":"2023-05-16 05:38:47","post_content":"","post_title":"HORTENSIA LEMA\u00ceTRE","post_excerpt":"","post_status":"publish","comment_status":"closed","ping_status":"closed","post_password":"","post_name":"hortensia-lemaitre","to_ping":"","pinged":"","post_modified":"2023-05-16 07:38:47","post_modified_gmt":"2023-05-16 05:38:47","post_content_filtered":"","post_parent":0,"guid":"https:\/\/www.claret.cat\/autor\/hortensia-lemaitre\/","menu_order":0,"post_type":"autor","post_mime_type":"","comment_count":"0","filter":"raw"}]},"aioseo_notices":[],"_links":{"self":[{"href":"https:\/\/www.claret.cat\/es\/wp-json\/wp\/v2\/product\/211474","targetHints":{"allow":["GET"]}}],"collection":[{"href":"https:\/\/www.claret.cat\/es\/wp-json\/wp\/v2\/product"}],"about":[{"href":"https:\/\/www.claret.cat\/es\/wp-json\/wp\/v2\/types\/product"}],"wp:featuredmedia":[{"embeddable":true,"href":"https:\/\/www.claret.cat\/es\/wp-json\/wp\/v2\/media\/211475"}],"wp:attachment":[{"href":"https:\/\/www.claret.cat\/es\/wp-json\/wp\/v2\/media?parent=211474"}],"wp:term":[{"taxonomy":"product_brand","embeddable":true,"href":"https:\/\/www.claret.cat\/es\/wp-json\/wp\/v2\/product_brand?post=211474"},{"taxonomy":"product_cat","embeddable":true,"href":"https:\/\/www.claret.cat\/es\/wp-json\/wp\/v2\/product_cat?post=211474"},{"taxonomy":"product_tag","embeddable":true,"href":"https:\/\/www.claret.cat\/es\/wp-json\/wp\/v2\/product_tag?post=211474"}],"curies":[{"name":"wp","href":"https:\/\/api.w.org\/{rel}","templated":true}]}}