{"id":211591,"date":"2022-10-20T12:15:50","date_gmt":"2022-10-20T10:15:50","guid":{"rendered":"http:\/\/dev.claret.cat\/producte\/siempre-sera-diciembre\/"},"modified":"2023-01-28T13:59:51","modified_gmt":"2023-01-28T12:59:51","slug":"siempre-sera-diciembre-9788467591996","status":"publish","type":"product","link":"https:\/\/www.claret.cat\/es\/libro\/siempre-sera-diciembre-9788467591996\/","title":{"rendered":"SIEMPRE SER\u00c1 DICIEMBRE"},"content":{"rendered":"<p>Sam ha muerto. El mar se llev\u00f3 sus secretos y ahora solo quedan mentiras y esa sensaci\u00f3n de ahogo que todo lo envuelve. <br \/> Samantha no es ella misma. Jay no sabe lo que hizo.<br \/> Todos tienen algo que ocultar y cada d\u00eda que pasa es una cuenta atr\u00e1s. Ma\u00f1ana quiz\u00e1 sea tarde.<br \/> Premio Gran Angular 2017<\/p>\n","protected":false},"excerpt":{"rendered":"<p>DAVIES, WENDY<\/p>\n","protected":false},"featured_media":211592,"template":"","meta":{"_acf_changed":false,"om_disable_all_campaigns":false,"rs_blank_template":"","rs_page_bg_color":"","slide_template_v7":"","inline_featured_image":false,"_monsterinsights_skip_tracking":false,"_monsterinsights_sitenote_active":false,"_monsterinsights_sitenote_note":"","_monsterinsights_sitenote_category":0},"product_brand":[],"product_cat":[86],"product_tag":[],"class_list":{"0":"post-211591","1":"product","2":"type-product","3":"status-publish","4":"has-post-thumbnail","6":"product_cat-infantil","8":"first","9":"instock","10":"taxable","11":"shipping-taxable","12":"purchasable","13":"product-type-simple"},"acf":{"autor":"DAVIES, WENDY","codart":"846759199","libros-coleccion":"GRAN ANGULAR","ediciones":"1","encuadernacion":"R\u00fastica","fecha_de_publicacion":"01\/04\/2017","novedad":"1","paginas":"302","subtitulo":"","orden":"0","portada":"0","idioma":"spa","editorial":[{"ID":147854,"post_author":"3","post_date":"2022-10-14 11:53:43","post_date_gmt":"2022-10-14 09:53:43","post_content":"","post_title":"EDICIONES SM","post_excerpt":"","post_status":"publish","comment_status":"closed","ping_status":"closed","post_password":"","post_name":"ediciones-sm","to_ping":"","pinged":"","post_modified":"2022-10-14 11:53:43","post_modified_gmt":"2022-10-14 09:53:43","post_content_filtered":"","post_parent":0,"guid":"http:\/\/dev.claret.cat\/editorial\/ediciones-sm\/","menu_order":0,"post_type":"editorial","post_mime_type":"","comment_count":"0","filter":"raw"}],"autores-libros":[{"ID":171255,"post_author":"3","post_date":"2022-10-14 22:41:55","post_date_gmt":"2022-10-14 20:41:55","post_content":"","post_title":"WENDY DAVIES","post_excerpt":"","post_status":"publish","comment_status":"closed","ping_status":"closed","post_password":"","post_name":"wendy-davies","to_ping":"","pinged":"","post_modified":"2022-10-14 22:41:55","post_modified_gmt":"2022-10-14 20:41:55","post_content_filtered":"","post_parent":0,"guid":"http:\/\/dev.claret.cat\/autor\/wendy-davies\/","menu_order":0,"post_type":"autor","post_mime_type":"","comment_count":"0","filter":"raw"}]},"aioseo_notices":[],"_links":{"self":[{"href":"https:\/\/www.claret.cat\/es\/wp-json\/wp\/v2\/product\/211591","targetHints":{"allow":["GET"]}}],"collection":[{"href":"https:\/\/www.claret.cat\/es\/wp-json\/wp\/v2\/product"}],"about":[{"href":"https:\/\/www.claret.cat\/es\/wp-json\/wp\/v2\/types\/product"}],"wp:featuredmedia":[{"embeddable":true,"href":"https:\/\/www.claret.cat\/es\/wp-json\/wp\/v2\/media\/211592"}],"wp:attachment":[{"href":"https:\/\/www.claret.cat\/es\/wp-json\/wp\/v2\/media?parent=211591"}],"wp:term":[{"taxonomy":"product_brand","embeddable":true,"href":"https:\/\/www.claret.cat\/es\/wp-json\/wp\/v2\/product_brand?post=211591"},{"taxonomy":"product_cat","embeddable":true,"href":"https:\/\/www.claret.cat\/es\/wp-json\/wp\/v2\/product_cat?post=211591"},{"taxonomy":"product_tag","embeddable":true,"href":"https:\/\/www.claret.cat\/es\/wp-json\/wp\/v2\/product_tag?post=211591"}],"curies":[{"name":"wp","href":"https:\/\/api.w.org\/{rel}","templated":true}]}}