{"id":21184,"date":"2022-10-02T09:29:35","date_gmt":"2022-10-02T07:29:35","guid":{"rendered":"http:\/\/dev.claret.cat\/producte\/turbulencias-mudanzas-equipajes-revistes\/"},"modified":"2023-01-28T19:31:32","modified_gmt":"2023-01-28T18:31:32","slug":"turbulencias-mudanzas-equipajes-revistes-9788494142963","status":"publish","type":"product","link":"https:\/\/www.claret.cat\/es\/libro\/turbulencias-mudanzas-equipajes-revistes-9788494142963\/","title":{"rendered":"TURBULENCIAS, MUDANZAS, EQUIPAJES &#8211; REVISTES"},"content":{"rendered":"","protected":false},"excerpt":{"rendered":"<p>GARC\u00cdA ROCA, JOAQU\u00cdN<\/p>\n","protected":false},"featured_media":71682,"template":"","meta":{"_acf_changed":false,"om_disable_all_campaigns":false,"rs_blank_template":"","rs_page_bg_color":"","slide_template_v7":"","inline_featured_image":false,"_monsterinsights_skip_tracking":false,"_monsterinsights_sitenote_active":false,"_monsterinsights_sitenote_note":"","_monsterinsights_sitenote_category":0},"product_brand":[],"product_cat":[16],"product_tag":[],"class_list":{"0":"post-21184","1":"product","2":"type-product","3":"status-publish","4":"has-post-thumbnail","6":"product_cat-sense-categoria","8":"first","9":"instock","10":"taxable","11":"shipping-taxable","12":"purchasable","13":"product-type-simple"},"acf":{"autor":"GARC\u00cdA ROCA, JOAQU\u00cdN","codart":"849414296","libros-coleccion":"SUSHI BOOKS","ediciones":"1","encuadernacion":"R\u00fastica","fecha_de_publicacion":"01\/04\/2017","novedad":"1","paginas":"288","subtitulo":"RUTAS NO NAVEGADAS","orden":"0","portada":"0","idioma":"spa","editorial":[{"ID":147497,"post_author":"3","post_date":"2022-10-14 11:51:02","post_date_gmt":"2022-10-14 09:51:02","post_content":"","post_title":"ATRIO LLIBRES","post_excerpt":"","post_status":"publish","comment_status":"closed","ping_status":"closed","post_password":"","post_name":"atrio-llibres","to_ping":"","pinged":"","post_modified":"2022-10-14 11:51:02","post_modified_gmt":"2022-10-14 09:51:02","post_content_filtered":"","post_parent":0,"guid":"http:\/\/dev.claret.cat\/editorial\/atrio-llibres\/","menu_order":0,"post_type":"editorial","post_mime_type":"","comment_count":"0","filter":"raw"}],"autores-libros":[{"ID":159525,"post_author":"3","post_date":"2022-10-14 15:45:33","post_date_gmt":"2022-10-14 13:45:33","post_content":"","post_title":"JOAQU\u00cdN GARC\u00cdA ROCA","post_excerpt":"","post_status":"publish","comment_status":"closed","ping_status":"closed","post_password":"","post_name":"joaquin-garcia-roca","to_ping":"","pinged":"","post_modified":"2022-10-14 15:45:33","post_modified_gmt":"2022-10-14 13:45:33","post_content_filtered":"","post_parent":0,"guid":"http:\/\/dev.claret.cat\/autor\/joaquin-garcia-roca\/","menu_order":0,"post_type":"autor","post_mime_type":"","comment_count":"0","filter":"raw"}]},"aioseo_notices":[],"_links":{"self":[{"href":"https:\/\/www.claret.cat\/es\/wp-json\/wp\/v2\/product\/21184","targetHints":{"allow":["GET"]}}],"collection":[{"href":"https:\/\/www.claret.cat\/es\/wp-json\/wp\/v2\/product"}],"about":[{"href":"https:\/\/www.claret.cat\/es\/wp-json\/wp\/v2\/types\/product"}],"wp:featuredmedia":[{"embeddable":true,"href":"https:\/\/www.claret.cat\/es\/wp-json\/wp\/v2\/media\/71682"}],"wp:attachment":[{"href":"https:\/\/www.claret.cat\/es\/wp-json\/wp\/v2\/media?parent=21184"}],"wp:term":[{"taxonomy":"product_brand","embeddable":true,"href":"https:\/\/www.claret.cat\/es\/wp-json\/wp\/v2\/product_brand?post=21184"},{"taxonomy":"product_cat","embeddable":true,"href":"https:\/\/www.claret.cat\/es\/wp-json\/wp\/v2\/product_cat?post=21184"},{"taxonomy":"product_tag","embeddable":true,"href":"https:\/\/www.claret.cat\/es\/wp-json\/wp\/v2\/product_tag?post=21184"}],"curies":[{"name":"wp","href":"https:\/\/api.w.org\/{rel}","templated":true}]}}